{"id":3145355,"date":"2026-04-13T11:55:47","date_gmt":"2026-04-13T09:55:47","guid":{"rendered":"https:\/\/eu.tilta.com\/shop\/support-de-montage-pour-lunite-manuelle-nucleus-m-ii-fiz\/"},"modified":"2026-04-13T11:55:47","modified_gmt":"2026-04-13T09:55:47","slug":"mounting-bracket-for-nucleus-m-ii-fiz-hand-unit","status":"publish","type":"product","link":"https:\/\/eu.tilta.com\/fr\/shop\/mounting-bracket-for-nucleus-m-ii-fiz-hand-unit\/","title":{"rendered":"Support de montage pour l&#8217;unit\u00e9 manuelle Nucleus-M II FIZ"},"content":{"rendered":"<div>\n<p class=\"whitespace-normal\">Voici le support de montage pour l&#8217;unit\u00e9 manuelle Nucleus-M II FIZ, con\u00e7u pour \u00e9largir les possibilit\u00e9s de montage de votre Nucleus. Les probl\u00e8mes de montage du FIZ, des moniteurs, des poign\u00e9es et des \u00e9quipements suppl\u00e9mentaires pour une plus large gamme d&#8217;utilisation ont disparu.<\/p>\n<\/div>\n<div>\n<p class=\"whitespace-normal\">La conception de la cage d\u00e9di\u00e9e s&#8217;enroule solidement autour de l&#8217;unit\u00e9 manuelle, fournissant une base stable et fiable pour la construction de votre unit\u00e9 manuelle. Les multiples filetages de montage 1\/4\u2033-20 et 3\/8\u2033-16 offrent une large gamme d&#8217;options de montage, garantissant la compatibilit\u00e9 avec une grande vari\u00e9t\u00e9 d&#8217;accessoires et d&#8217;options de montage.<\/p>\n<p>Le support offre \u00e9galement une protection suppl\u00e9mentaire au FIZ, avec une construction solide en aluminium qui aide \u00e0 prot\u00e9ger contre l&#8217;usure et la d\u00e9chirure des environnements de plateau en constante \u00e9volution.<\/p>\n<\/div>\n<div>\n<p class=\"whitespace-normal\">Un rail sup\u00e9rieur OTAN \u00e9largit encore vos options, offrant une interface s\u00e9curis\u00e9e pour les supports de moniteur, les bras articul\u00e9s et autres petits accessoires, quels que soient vos besoins sur le plateau.<\/p>\n<\/div>\n<div>\n<p class=\"whitespace-normal\">Qu&#8217;il s&#8217;agisse d&#8217;un tournage en studio ou d&#8217;un tournage au pas de course, le support de montage vous donne la libert\u00e9 de construire exactement l&#8217;installation que votre tournage exige.<\/p>\n<\/div>\n","protected":false},"excerpt":{"rendered":"<p>Voici le support de montage pour l&#8217;unit\u00e9 manuelle Nucleus-M II FIZ, con\u00e7u pour \u00e9largir les possibilit\u00e9s de montage de votre Nucleus. Les probl\u00e8mes de montage du FIZ, des moniteurs, des poign\u00e9es et des \u00e9quipements suppl\u00e9mentaires pour une plus large gamme [&hellip;]<\/p>\n","protected":false},"featured_media":3144615,"comment_status":"open","ping_status":"closed","template":"","meta":[],"product_cat":[3920],"product_tag":[],"acf":[],"gallery_images":[3144610,3144605,3144600,3144615,3144620,3144625,3144630,3144635],"_links":{"self":[{"href":"https:\/\/eu.tilta.com\/fr\/wp-json\/wp\/v2\/product\/3145355"}],"collection":[{"href":"https:\/\/eu.tilta.com\/fr\/wp-json\/wp\/v2\/product"}],"about":[{"href":"https:\/\/eu.tilta.com\/fr\/wp-json\/wp\/v2\/types\/product"}],"replies":[{"embeddable":true,"href":"https:\/\/eu.tilta.com\/fr\/wp-json\/wp\/v2\/comments?post=3145355"}],"wp:featuredmedia":[{"embeddable":true,"href":"https:\/\/eu.tilta.com\/fr\/wp-json\/wp\/v2\/media\/3144615"}],"wp:attachment":[{"href":"https:\/\/eu.tilta.com\/fr\/wp-json\/wp\/v2\/media?parent=3145355"}],"wp:term":[{"taxonomy":"product_cat","embeddable":true,"href":"https:\/\/eu.tilta.com\/fr\/wp-json\/wp\/v2\/product_cat?post=3145355"},{"taxonomy":"product_tag","embeddable":true,"href":"https:\/\/eu.tilta.com\/fr\/wp-json\/wp\/v2\/product_tag?post=3145355"}],"curies":[{"name":"wp","href":"https:\/\/api.w.org\/{rel}","templated":true}]}}