{"id":3145360,"date":"2026-04-14T11:40:39","date_gmt":"2026-04-14T09:40:39","guid":{"rendered":"https:\/\/eu.tilta.com\/shop\/volant-rallonge-pour-lunite-manuelle-nucleus-m-ii-fiz\/"},"modified":"2026-04-14T11:40:39","modified_gmt":"2026-04-14T09:40:39","slug":"extended-hand-wheel-for-nucleus-m-ii-fiz-hand-unit","status":"publish","type":"product","link":"https:\/\/eu.tilta.com\/fr\/shop\/extended-hand-wheel-for-nucleus-m-ii-fiz-hand-unit\/","title":{"rendered":"Volant rallong\u00e9 pour l&#8217;unit\u00e9 manuelle Nucleus-M II FIZ"},"content":{"rendered":"<div>\n<p class=\"whitespace-normal\">Voici le volant \u00e9tendu pour l&#8217;unit\u00e9 manuelle Nucleus-M II FIZ, con\u00e7u pour vous donner un meilleur contr\u00f4le lorsque vous faites la mise au point. Le diam\u00e8tre plus large du volant rallong\u00e9 offre une prise en main plus confortable et plus s\u00fbre, ce qui permet des r\u00e9glages plus pr\u00e9cis et plus d\u00e9lib\u00e9r\u00e9s pendant l&#8217;utilisation.<\/p>\n<\/div>\n<div>\n<p class=\"whitespace-normal\">La poign\u00e9e am\u00e9liore l&#8217;unit\u00e9 manuelle Nucleus-M II, et la taille augmente la visibilit\u00e9 des marques sur les anneaux de mise au point, ce qui permet de voir plus clairement o\u00f9 se trouvent les marques de mise au point. Qu&#8217;il s&#8217;agisse de prises de vue en d\u00e9placement ou d&#8217;environnements de studio plus sombres, la molette \u00e9tendue facilite la mise au point dans tout type d&#8217;environnement.<\/p>\n<\/div>\n<div>\n<p class=\"whitespace-normal\">Physiquement compatible avec les bagues de mise au point ARRI de taille standard, la molette \u00e9tendue fait le lien entre deux \u00e9cosyst\u00e8mes sans effort, permettant un contr\u00f4le pr\u00e9cis des param\u00e8tres et de la mise au point sans avoir \u00e0 remplacer vos accessoires existants. Que vous travailliez d\u00e9j\u00e0 dans l&#8217;\u00e9cosyst\u00e8me ARRI ou que vous cherchiez \u00e0 \u00e9largir vos options, le volant \u00e9tendu s&#8217;int\u00e8gre parfaitement \u00e0 votre installation existante.<\/p>\n<\/div>\n","protected":false},"excerpt":{"rendered":"<p>Voici le volant \u00e9tendu pour l&#8217;unit\u00e9 manuelle Nucleus-M II FIZ, con\u00e7u pour vous donner un meilleur contr\u00f4le lorsque vous faites la mise au point. Le diam\u00e8tre plus large du volant rallong\u00e9 offre une prise en main plus confortable et plus [&hellip;]<\/p>\n","protected":false},"featured_media":3144683,"comment_status":"open","ping_status":"closed","template":"","meta":[],"product_cat":[3920],"product_tag":[],"acf":[],"gallery_images":[3144668,3144673,3144678,3144688,3144698,3144693,3144703],"_links":{"self":[{"href":"https:\/\/eu.tilta.com\/fr\/wp-json\/wp\/v2\/product\/3145360"}],"collection":[{"href":"https:\/\/eu.tilta.com\/fr\/wp-json\/wp\/v2\/product"}],"about":[{"href":"https:\/\/eu.tilta.com\/fr\/wp-json\/wp\/v2\/types\/product"}],"replies":[{"embeddable":true,"href":"https:\/\/eu.tilta.com\/fr\/wp-json\/wp\/v2\/comments?post=3145360"}],"wp:featuredmedia":[{"embeddable":true,"href":"https:\/\/eu.tilta.com\/fr\/wp-json\/wp\/v2\/media\/3144683"}],"wp:attachment":[{"href":"https:\/\/eu.tilta.com\/fr\/wp-json\/wp\/v2\/media?parent=3145360"}],"wp:term":[{"taxonomy":"product_cat","embeddable":true,"href":"https:\/\/eu.tilta.com\/fr\/wp-json\/wp\/v2\/product_cat?post=3145360"},{"taxonomy":"product_tag","embeddable":true,"href":"https:\/\/eu.tilta.com\/fr\/wp-json\/wp\/v2\/product_tag?post=3145360"}],"curies":[{"name":"wp","href":"https:\/\/api.w.org\/{rel}","templated":true}]}}