{"id":3145361,"date":"2026-04-17T10:56:33","date_gmt":"2026-04-17T08:56:33","guid":{"rendered":"https:\/\/eu.tilta.com\/shop\/tilta-silicone-protective-cover-pour-dji-osmo-pocket-4-base-kit\/"},"modified":"2026-04-17T10:56:33","modified_gmt":"2026-04-17T08:56:33","slug":"tilta-silicone-protective-cover-for-dji-osmo-pocket-4-base-kit","status":"publish","type":"product","link":"https:\/\/eu.tilta.com\/fr\/shop\/tilta-silicone-protective-cover-for-dji-osmo-pocket-4-base-kit\/","title":{"rendered":"Tilta Silicone Protective Cover pour DJI Osmo Pocket 4 Base Kit"},"content":{"rendered":"<p>Voici le kit de base de protection en silicone Tilta pour DJI Osmo Pocket 4 &#8211; un ensemble complet de quatre pi\u00e8ces en silicone con\u00e7u pour prot\u00e9ger et personnaliser chaque partie de votre Pocket 4.<br \/>\nLe kit comprend des protections individuelles en silicone pour la t\u00eate de la rotule, le corps, l&#8217;\u00e9cran et la poign\u00e9e d&#8217;extension, garantissant que chaque surface de votre Pocket 4 est prot\u00e9g\u00e9e des rayures, des \u00e9raflures et de l&#8217;usure quotidienne. Chaque pi\u00e8ce est ajust\u00e9e avec pr\u00e9cision \u00e0 sa partie respective de l&#8217;appareil photo, ce qui permet d&#8217;acc\u00e9der \u00e0 tous les boutons et \u00e0 toutes les commandes sans aucune interf\u00e9rence. Le corps et les couvercles des poign\u00e9es pr\u00e9sentent un motif de texture ondul\u00e9e sur les panneaux de la poign\u00e9e pour une prise en main antid\u00e9rapante, s\u00fbre et confortable pendant le tir. Le couvercle de la rotule prot\u00e8ge la t\u00eate tout en permettant \u00e0 l&#8217;\u00e9cran de tourner librement &#8211; pas d&#8217;interf\u00e9rence, vous pouvez filmer \u00e0 tout moment. Disponible en violet lilas, blanc c\u00e9ladon et beige sable, avec une flexibilit\u00e9 de m\u00e9lange et d&#8217;assortiment pour que vous puissiez habiller votre Pocket 4 en fonction de votre style.<\/p>\n","protected":false},"excerpt":{"rendered":"<p>Voici le kit de base de protection en silicone Tilta pour DJI Osmo Pocket 4 &#8211; un ensemble complet de quatre pi\u00e8ces en silicone con\u00e7u pour prot\u00e9ger et personnaliser chaque partie de votre Pocket 4. Le kit comprend des protections [&hellip;]<\/p>\n","protected":false},"featured_media":3144819,"comment_status":"open","ping_status":"closed","template":"","meta":[],"product_cat":[4515],"product_tag":[],"acf":[],"gallery_images":[3144824,3144829,3144834],"_links":{"self":[{"href":"https:\/\/eu.tilta.com\/fr\/wp-json\/wp\/v2\/product\/3145361"}],"collection":[{"href":"https:\/\/eu.tilta.com\/fr\/wp-json\/wp\/v2\/product"}],"about":[{"href":"https:\/\/eu.tilta.com\/fr\/wp-json\/wp\/v2\/types\/product"}],"replies":[{"embeddable":true,"href":"https:\/\/eu.tilta.com\/fr\/wp-json\/wp\/v2\/comments?post=3145361"}],"wp:featuredmedia":[{"embeddable":true,"href":"https:\/\/eu.tilta.com\/fr\/wp-json\/wp\/v2\/media\/3144819"}],"wp:attachment":[{"href":"https:\/\/eu.tilta.com\/fr\/wp-json\/wp\/v2\/media?parent=3145361"}],"wp:term":[{"taxonomy":"product_cat","embeddable":true,"href":"https:\/\/eu.tilta.com\/fr\/wp-json\/wp\/v2\/product_cat?post=3145361"},{"taxonomy":"product_tag","embeddable":true,"href":"https:\/\/eu.tilta.com\/fr\/wp-json\/wp\/v2\/product_tag?post=3145361"}],"curies":[{"name":"wp","href":"https:\/\/api.w.org\/{rel}","templated":true}]}}