{"id":1996516,"date":"2018-10-23T12:45:28","date_gmt":"2018-10-23T10:45:28","guid":{"rendered":"https:\/\/de.tilta.com\/garanzia\/"},"modified":"2018-10-23T12:45:28","modified_gmt":"2018-10-23T10:45:28","slug":"warranty","status":"publish","type":"page","link":"https:\/\/eu.tilta.com\/it\/warranty\/","title":{"rendered":"Garanzia"},"content":{"rendered":"<p><strong>LA PRESENTE GARANZIA LIMITATA TI CONFERISCE SPECIFICI DIRITTI LEGALI E POTRESTI AVERE ANCHE ALTRI DIRITTI, CHE VARIANO DA STATO A STATO.<\/strong><\/p>\n<p><strong>LA PRESENTE GARANZIA LIMITATA \u00c8 DISPONIBILE ANCHE ALL&#8217;INDIRIZZO DE.TILTA.COM\/WARRANTY E NELLA DOCUMENTAZIONE FORNITA CON I PRODOTTI.<\/strong><\/p>\n<p><strong>GARANTIAMO CHE, DURANTE IL PERIODO DI GARANZIA, I PRODOTTI ACQUISTATI DAL SITO SARANNO PRIVI DI DIFETTI NEI MATERIALI E NELLA LAVORAZIONE.<\/strong><\/p>\n<p><strong>GARANTIAMO INOLTRE CHE DURANTE IL PERIODO DI GARANZIA I SERVIZI ACQUISTATI DAL SITO SARANNO ESEGUITI IN MODO PROFESSIONALE E IN CONFORMIT\u00c0 AGLI STANDARD INDUSTRIALI GENERALMENTE RICONOSCIUTI PER SERVIZI SIMILI.<\/strong><\/p>\n<p><strong>LIMITIAMO LA DURATA E I RIMEDI DI TUTTE LE GARANZIE IMPLICITE, INCLUSE, SENZA LIMITAZIONI, LE GARANZIE DI COMMERCIABILIT\u00c0 E DI IDONEIT\u00c0 A UNO SCOPO PARTICOLARE, ALLA DURATA DELLA PRESENTE GARANZIA LIMITATA.<\/strong><\/p>\n<p><strong> <\/strong><strong>ALCUNI STATI NON CONSENTONO LIMITAZIONI SULLA DURATA DI UNA GARANZIA IMPLICITA, PERTANTO LA LIMITAZIONE DI CUI SOPRA POTREBBE NON ESSERE APPLICABILE ALL&#8217;UTENTE.<\/strong><\/p>\n<p><strong>LA NOSTRA RESPONSABILIT\u00c0 PER I PRODOTTI DIFETTOSI \u00c8 LIMITATA ALLA RIPARAZIONE, ALLA SOSTITUZIONE O AL RIMBORSO COME INDICATO NELLA PRESENTE DICHIARAZIONE DI GARANZIA. LA NOSTRA RESPONSABILIT\u00c0 PER I SERVIZI DIFETTOSI \u00c8 LIMITATA ALLA RIPARAZIONE, ALLA RIPARAZIONE O AL RIMBORSO COME INDICATO NELLA PRESENTE DICHIARAZIONE DI GARANZIA. NESSUNA PRESTAZIONE O ALTRO COMPORTAMENTO, N\u00c9 ALCUNA INFORMAZIONE, DICHIARAZIONE O CONSIGLIO ORALE O SCRITTO FORNITO DA NOI O DA UNO QUALSIASI DEI NOSTRI AGENTI O DIPENDENTI CREER\u00c0 UNA GARANZIA, N\u00c9 AUMENTER\u00c0 IN ALCUN MODO L&#8217;AMBITO O LA DURATA DELLA PRESENTE GARANZIA LIMITATA.<\/strong><\/p>\n<p>&nbsp;<\/p>\n<p><u>Chi pu\u00f2 utilizzare questa garanzia<\/u>?<\/p>\n<p>La presente garanzia limitata si estende solo all&#8217;acquirente originale di prodotti e servizi del sito. Non si estende a nessun successivo o altro proprietario o cessionario del prodotto o a nessun cessionario o altro beneficiario del servizio.<\/p>\n<p>&nbsp;<\/p>\n<p><u>Cosa copre questa garanzia<\/u>?<\/p>\n<p>La presente garanzia limitata copre, durante il Periodo di garanzia (come definito di seguito), i difetti di materiali e di lavorazione dei prodotti e dei servizi acquistati sul Sito.<\/p>\n<p>&nbsp;<\/p>\n<p><u>Cosa non copre questa garanzia<\/u>?<\/p>\n<p>La presente garanzia limitata non copre i danni dovuti a:<\/p>\n<p>(i) trasporto;<br \/>\n(ii) conservazione;<br \/>\n(iii) uso improprio;<br \/>\n(iv) mancata osservanza delle istruzioni del prodotto o mancata esecuzione della manutenzione preventiva;<br \/>\n(v) modifiche;<br \/>\n(vi) la combinazione o l&#8217;utilizzo con qualsiasi prodotto, materiale, processo, sistema o altro non fornito o autorizzato per iscritto da Tilta Inc;<br \/>\n(vii) riparazione non autorizzata;<br \/>\n(viii) normale usura; o<br \/>\n(ix) cause esterne quali incidenti, abusi o altre azioni o eventi al di fuori del nostro ragionevole controllo.<\/p>\n<p>&nbsp;<\/p>\n<p><u>Qual \u00e8 il periodo di copertura<\/u>?<\/p>\n<p>La presente garanzia limitata decorre dalla data di acquisto e ha una durata di due anni per le parti della macchina, di un anno per le parti elettroniche e di 30 giorni per le parti dei cavi (il<strong>&#8220;Periodo di garanzia<\/strong>&#8220;). Il periodo di garanzia non viene esteso se ripariamo o sostituiamo un prodotto garantito o eseguiamo nuovamente un servizio garantito. Possiamo modificare la disponibilit\u00e0 di questa garanzia limitata a nostra discrezione, ma qualsiasi modifica non sar\u00e0 retroattiva.<\/p>\n<p>&nbsp;<\/p>\n<p><u>Quali sono i tuoi rimedi in base a questa garanzia<\/u>?<\/p>\n<p>In caso di prodotti difettosi durante il Periodo di garanzia, ripareremo o sostituiremo tali prodotti (o la parte difettosa) gratuitamente, a nostra esclusiva discrezione. Inoltre, ci faremo carico delle spese di spedizione per la restituzione del prodotto riparato o sostituito.<\/p>\n<p>&nbsp;<\/p>\n<p><u>Come si ottiene l&#8217;assistenza in garanzia<\/u>?<\/p>\n<p>Per ottenere l&#8217;assistenza in garanzia, devi chiamare il numero 818-561-4991 o inviare un&#8217;e-mail al nostro Servizio Clienti all&#8217;indirizzo <a href=\"mailto:support@tilta.com\">support@tilta.com<\/a> durante il Periodo di Garanzia per ottenere un numero RMA. Non verr\u00e0 fornito alcun servizio di garanzia senza un numero RMA e tutte le restituzioni in garanzia devono seguire la politica di restituzione di Tilta Inc. Potrebbe esserti richiesto di fornire anche delle foto del danno.<\/p>\n<p>&nbsp;<\/p>\n<p><u>Limitazione di responsabilit\u00e0<\/u>.<\/p>\n<p><strong>I RIMEDI SOPRA DESCRITTI SONO I SOLI ED ESCLUSIVI RIMEDI A DISPOSIZIONE DELL&#8217;UTENTE, NONCH\u00c9 L&#8217;INTERO OBBLIGO E LA RESPONSABILIT\u00c0 DELLA SOCIET\u00c0 PER QUALSIASI VIOLAZIONE DELLA PRESENTE GARANZIA LIMITATA. LA NOSTRA RESPONSABILIT\u00c0 NON SUPERER\u00c0 IN ALCUN CASO L&#8217;IMPORTO EFFETTIVAMENTE PAGATO DALL&#8217;UTENTE PER IL PRODOTTO O IL SERVIZIO DIFETTOSO ACQUISTATO TRAMITE IL SITO, N\u00c9 SAREMO IN ALCUN CASO RESPONSABILI DI EVENTUALI PERDITE DI PRODUZIONE, LAVORO, DATI, USO, AFFARI, AVVIAMENTO, REPUTAZIONE, RICAVI O PROFITTI, DIMINUZIONE DEL VALORE, COSTI DI BENI O SERVIZI SOSTITUTIVI O DANNI O PERDITE CONSEQUENZIALI, INCIDENTALI, SPECIALI O PUNITIVI, SIA DIRETTI CHE INDIRETTI.<\/strong><\/p>\n<p><strong> <\/strong><\/p>\n<p><strong>ALCUNI STATI NON CONSENTONO L&#8217;ESCLUSIONE O LA LIMITAZIONE DEI DANNI INCIDENTALI O CONSEQUENZIALI, PERTANTO LA LIMITAZIONE O L&#8217;ESCLUSIONE DI CUI SOPRA POTREBBE NON ESSERE APPLICABILE ALL&#8217;UTENTE.<\/strong><\/p>\n","protected":false},"excerpt":{"rendered":"<p>LA PRESENTE GARANZIA LIMITATA TI CONFERISCE SPECIFICI DIRITTI LEGALI E POTRESTI AVERE ANCHE ALTRI DIRITTI, CHE VARIANO DA STATO A STATO. LA PRESENTE GARANZIA LIMITATA \u00c8 DISPONIBILE ANCHE ALL&#8217;INDIRIZZO DE.TILTA.COM\/WARRANTY E NELLA DOCUMENTAZIONE FORNITA CON I PRODOTTI. GARANTIAMO CHE, DURANTE [&hellip;]<\/p>\n","protected":false},"author":208,"featured_media":0,"parent":0,"menu_order":0,"comment_status":"closed","ping_status":"closed","template":"","meta":{"footnotes":""},"acf":[],"_links":{"self":[{"href":"https:\/\/eu.tilta.com\/it\/wp-json\/wp\/v2\/pages\/1996516"}],"collection":[{"href":"https:\/\/eu.tilta.com\/it\/wp-json\/wp\/v2\/pages"}],"about":[{"href":"https:\/\/eu.tilta.com\/it\/wp-json\/wp\/v2\/types\/page"}],"author":[{"embeddable":true,"href":"https:\/\/eu.tilta.com\/it\/wp-json\/wp\/v2\/users\/208"}],"replies":[{"embeddable":true,"href":"https:\/\/eu.tilta.com\/it\/wp-json\/wp\/v2\/comments?post=1996516"}],"version-history":[{"count":0,"href":"https:\/\/eu.tilta.com\/it\/wp-json\/wp\/v2\/pages\/1996516\/revisions"}],"wp:attachment":[{"href":"https:\/\/eu.tilta.com\/it\/wp-json\/wp\/v2\/media?parent=1996516"}],"curies":[{"name":"wp","href":"https:\/\/api.w.org\/{rel}","templated":true}]}}