{"id":1996522,"date":"2018-10-23T12:30:47","date_gmt":"2018-10-23T10:30:47","guid":{"rendered":"https:\/\/de.tilta.com\/politiche-del-programma-di-affiliazione-tilta\/"},"modified":"2025-01-15T06:43:59","modified_gmt":"2025-01-15T05:43:59","slug":"program-policies","status":"publish","type":"page","link":"https:\/\/eu.tilta.com\/it\/affiliate-area\/program-policies\/","title":{"rendered":"Politiche del programma di affiliazione Tilta"},"content":{"rendered":"<p>&nbsp;<\/p>\n<p><strong>Metodi promozionali consentiti<\/strong><\/p>\n<p>Il modo in cui promuovi Tilta si riflette sulla commissione che guadagni! Incoraggiamo l&#8217;uso di metodi promozionali che aggiungano valore a Tilta e che ci portino clienti legittimi e fedeli. Ci piace molto quando il nostro team di affiliati tiene un blog sul marketing di affiliazione e cita Tilta.<\/p>\n<p>Ecco alcuni esempi di fantastici metodi promozionali per guadagnare pi\u00f9 commissioni:<\/p>\n<ul>\n<li>Parla di Tilta ai tuoi clienti o amici e fornisci loro il tuo link di affiliazione.<\/li>\n<li>Scrivi una recensione o un post su un blog sul marketing di affiliazione o su Tilta e linka il nostro sito con il tuo link di riferimento.<\/li>\n<li>Raggiungi un vasto pubblico con i tuoi account sui social network. Twitta su Twitter con il tuo link di riferimento per l&#8217;affiliazione, pubblica un post su Facebook con il tuo link di affiliazione o comunica ai tuoi follower di Linkedin il marketing di affiliazione con il tuo link di affiliazione. La promozione senza spam \u00e8 un ottimo modo per ottenere pi\u00f9 referral!<\/li>\n<li>Fornisci valore agli altri rispondendo a domande correlate su altri siti con risposte utili e utilizzando il tuo link di riferimento nelle tue risposte.<\/li>\n<\/ul>\n<p>&nbsp;<\/p>\n<p><strong>Metodi promozionali vietati<\/strong><\/p>\n<p>Amiamo e sosteniamo il nostro prodotto al 100% e siamo molto attenti a come viene promosso, quindi vogliamo affiliati che ci sostengano al 100%! I metodi promozionali vietati elencati di seguito non vogliono spaventarti: servono a proteggere te, noi e i nostri clienti da qualsiasi attivit\u00e0 strana o fraudolenta, cosa che prendiamo molto sul serio. Sappiamo che capirai. Ecco le regole scritte, nel caso in cui non fossi del tutto sicuro di cosa sia consentito e cosa no.<\/p>\n<ul>\n<li><strong>Tilta non pu\u00f2 essere promossa su siti di coupon.<\/strong><\/li>\n<li><strong>Qualsiasi sito web che utilizzi nomi di marchi o prodotti nel nome del dominio<\/strong><br \/>\nI nomi di dominio che utilizzano parole come Tilta, Nucleus M, G2X o altri nomi di marchi\/prodotti e le loro storpiature sono vietati.<\/li>\n<li><strong>\u00c8 vietato qualsiasi tipo di spam<\/strong><br \/>\nLink, annunci, e-mail, commenti&#8230; qualsiasi tipo di spam. Rispetta le regole di pubblicazione di qualsiasi sito web di terze parti che utilizzi per promuovere Tilta. Questo non \u00e8 un elenco esaustivo dei metodi di spam; se decidiamo che la tua attivit\u00e0 \u00e8 spam, \u00e8 spam.<\/li>\n<li><strong>Qualsiasi attivit\u00e0 illegale o ritenuta offensiva da noi \u00e8 proibita<br \/>\n<\/strong>Ci\u00f2 pu\u00f2 comportare il rifiuto dei referral e\/o la disattivazione del tuo account affiliato. Vedi sopra per i metodi promozionali consentiti e super cool!<\/li>\n<li><strong>Siamo lusingati, ma ti preghiamo di non fingere di essere professionalmente associato a Tilta<br \/>\n<\/strong>Non puoi presentarti come un dipendente o altro che non sia un affiliato di Tilta.<\/li>\n<li><strong>Fingere di <em>essere<\/em> Tilta \u00e8 proibito<br \/>\n<\/strong>Clonare il nostro sito, copiare il nostro sito, utilizzare i nostri beni protetti da copyright e fingere che un sito creato da te sia un sito ufficiale di Tilta non \u00e8 etico ed \u00e8 proibito (questo include l&#8217;utilizzo di servizi che clonano automaticamente i siti web o li inseriscono in iframe).<\/li>\n<li><strong>L&#8217;utilizzo della rete pubblicitaria di Google \u00e8 vietato.<\/strong>  Altri network pubblicitari possono essere presi in considerazione caso per caso.<\/li>\n<li><strong>Anche in questo caso<\/strong> \u00e8 vietata <strong>la falsa promozione ai clienti<\/strong> di essere appoggiati o gestiti da Tilta.<\/li>\n<\/ul>\n<p>Se non sei sicuro o sei preoccupato che un&#8217;attivit\u00e0 che stai per intraprendere possa essere considerata proibita, chiedici pure.<\/p>\n<p>&nbsp;<\/p>\n<p><strong>Conseguenze dei metodi promozionali vietati<\/strong><\/p>\n<p>Se i tuoi metodi promozionali non rispettano questi termini, i tuoi referral potrebbero essere rifiutati e noi potremmo disabilitare il tuo account di affiliazione. Ci riserviamo il diritto di farlo e possiamo o meno avvisare l&#8217;utente nel caso in cui ci\u00f2 avvenga. Utilizza i metodi promozionali consentiti e aiutaci ad aiutarti ad avere successo come affiliato!<\/p>\n<p>&nbsp;<\/p>\n<p><strong>Siti web inappropriati<\/strong><\/p>\n<p>I seguenti tipi di siti non possono diventare affiliati: siti per adulti, siti che mostrano materiale o banner per adulti, siti che promuovono la violenza, l&#8217;odio o il bigottismo, siti che promuovono o si impegnano in attivit\u00e0 illegali, tra cui (ma non solo), siti di rivendita non autorizzata, siti di coupon e altri. Le richieste di affiliazione per siti web inadeguati saranno respinte e ci riserviamo il diritto di scegliere se fornire o meno una motivazione di rifiuto.<\/p>\n","protected":false},"excerpt":{"rendered":"<p>&nbsp; Metodi promozionali consentiti Il modo in cui promuovi Tilta si riflette sulla commissione che guadagni! Incoraggiamo l&#8217;uso di metodi promozionali che aggiungano valore a Tilta e che ci portino clienti legittimi e fedeli. Ci piace molto quando il nostro [&hellip;]<\/p>\n","protected":false},"author":208,"featured_media":0,"parent":2026241,"menu_order":0,"comment_status":"closed","ping_status":"closed","template":"","meta":{"footnotes":""},"acf":[],"_links":{"self":[{"href":"https:\/\/eu.tilta.com\/it\/wp-json\/wp\/v2\/pages\/1996522"}],"collection":[{"href":"https:\/\/eu.tilta.com\/it\/wp-json\/wp\/v2\/pages"}],"about":[{"href":"https:\/\/eu.tilta.com\/it\/wp-json\/wp\/v2\/types\/page"}],"author":[{"embeddable":true,"href":"https:\/\/eu.tilta.com\/it\/wp-json\/wp\/v2\/users\/208"}],"replies":[{"embeddable":true,"href":"https:\/\/eu.tilta.com\/it\/wp-json\/wp\/v2\/comments?post=1996522"}],"version-history":[{"count":1,"href":"https:\/\/eu.tilta.com\/it\/wp-json\/wp\/v2\/pages\/1996522\/revisions"}],"predecessor-version":[{"id":2026240,"href":"https:\/\/eu.tilta.com\/it\/wp-json\/wp\/v2\/pages\/1996522\/revisions\/2026240"}],"up":[{"embeddable":true,"href":"https:\/\/eu.tilta.com\/it\/wp-json\/wp\/v2\/pages\/2026241"}],"wp:attachment":[{"href":"https:\/\/eu.tilta.com\/it\/wp-json\/wp\/v2\/media?parent=1996522"}],"curies":[{"name":"wp","href":"https:\/\/api.w.org\/{rel}","templated":true}]}}