{"id":1999376,"date":"2018-05-09T11:19:26","date_gmt":"2018-05-09T09:19:26","guid":{"rendered":"https:\/\/de.tilta.com\/politica-di-restituzione\/"},"modified":"2018-05-09T11:19:26","modified_gmt":"2018-05-09T09:19:26","slug":"return-policy","status":"publish","type":"page","link":"https:\/\/eu.tilta.com\/it\/return-policy\/","title":{"rendered":"Politica di restituzione"},"content":{"rendered":"<p><b>Puoi richiedere il nostro servizio di restituzione e rimborso:<\/b><br \/>\n\u221a Entro 30 giorni di calendario dalla ricezione del prodotto se il prodotto non presenta difetti di fabbricazione ed \u00e8 ancora in condizioni nuove o come nuovo.<\/p>\n<p>\u221a Entro 30 giorni di calendario dalla ricezione di un prodotto se questo presenta un difetto di fabbricazione.<\/p>\n<p><b>Il servizio di restituzione e rimborso non sar\u00e0 fornito nei casi in cui:<\/b><\/p>\n<p>\u00d7 Viene richiesto oltre i 30 giorni di calendario dalla ricezione del prodotto.<\/p>\n<p>\u00d7 Un prodotto non viene consegnato a TILTA entro 14 giorni di calendario dall&#8217;invio della conferma del servizio di restituzione e rimborso da parte di TILTA.<\/p>\n<p>\u00d7 L&#8217;articolo non \u00e8 stato acquistato dal sito ufficiale di TILTA o dal negozio Amazon. La restituzione e il rimborso devono essere effettuati tramite il venditore originale.<\/p>\n<p>\u00d7 Un prodotto inviato a TILTA per il servizio di restituzione e rimborso non include tutti gli accessori originali, gli allegati o l&#8217;imballaggio, o qualsiasi articolo non \u00e8 in condizioni nuove o come nuove, cio\u00e8 con crepe, ammaccature o graffi.<\/p>\n<p>\u00d7 La prova d&#8217;acquisto, lo scontrino o la fattura non vengono forniti o si ritiene ragionevolmente che siano stati falsificati o manomessi.<\/p>\n<p>\u00d7 Qualsiasi guasto o danno del prodotto \u00e8 causato da un uso o da una modifica non autorizzati del prodotto, tra cui l&#8217;esposizione all&#8217;umidit\u00e0, l&#8217;ingresso di corpi estranei (acqua, olio, sabbia, ecc.) o un&#8217;installazione o un funzionamento non corretti.<\/p>\n<p>\u00d7 Le etichette del prodotto, i numeri di serie, i marchi impermeabili, ecc. mostrano segni di manomissione o alterazione.<\/p>\n<p>\u00d7 I danni sono causati al prodotto da fattori esterni incontrollabili, come incendi, inondazioni, venti forti o fulmini.<\/p>\n<p>\u00d7 Altre circostanze indicate in questa politica.<\/p>\n<h4>Istruzioni per la restituzione e il rimborso<\/h4>\n<p>Se desideri richiedere un reso e un rimborso, contattaci entro 30 giorni di calendario dalla ricezione dei prodotti.<\/p>\n<p><a href=\"http:\/\/tilta.com\/contact\/\">Contatta TILTA<\/a> utilizzando l&#8217;indirizzo e-mail che hai registrato per l&#8217;acquisto e fornisci le seguenti informazioni:<\/p>\n<p>1) Numero d&#8217;ordine:<br \/>\n2) Email registrata:<br \/>\n3) Restituisci il nome e la quantit\u00e0 del prodotto:<br \/>\n4) Motivo della restituzione:<br \/>\n5) Immagini o video di prodotti e confezioni intatte:<\/p>\n<p>Elaboreremo la tua richiesta di restituzione e rimborso entro uno o due giorni lavorativi dalla ricezione della tua e-mail.<\/p>\n<h4>Tempo di rimborso<\/h4>\n<p>I rimborsi saranno elaborati con lo stesso metodo utilizzato per effettuare il pagamento. Il processo di rimborso sar\u00e0 completato in circa 7-14 giorni lavorativi, a seconda della banca o dell&#8217;emittente della carta di credito.<\/p>\n<p>Il rimborso verr\u00e0 restituito al conto di pagamento originale. Se hai richieste particolari, ti preghiamo di comunicarcele in anticipo.<\/p>\n<h4>Offerte in bundle<\/h4>\n<p>Per gli ordini in bundle che contengono prodotti scontati, i rimborsi possono essere elaborati solo per l&#8217;intero ordine. I clienti non sono autorizzati a elaborare rimborsi separati per i singoli prodotti di un&#8217;offerta bundle.<\/p>\n<h4>Spedizione di ritorno<\/h4>\n<p>I clienti sono tenuti a pagare le spese di spedizione per la restituzione al centro di assistenza designato (compresi i costi di spedizione transfrontalieri e internazionali, se applicabili), a meno che il rimborso non sia dovuto a difetti di funzionamento.<\/p>\n<p>&nbsp;<\/p>\n<h4>Pacchetto smarrito \/ problema del pacchetto<\/h4>\n<p><b>Lo stato del pacco \u00e8 &#8220;in transito&#8221; da 7 giorni o meno:<\/b> Questa situazione pu\u00f2 essere abbastanza comune, quindi ti chiediamo di aspettare pazientemente o di contattare direttamente il corriere. Nel caso in cui il pacco rimanga &#8220;in transito&#8221; per <b>pi\u00f9 di 7 giorni<\/b>, ti invitiamo a contattarci all&#8217;indirizzo<a href=\"http:\/\/tilta.com\/contact\/\"> Contact TILTA<\/a> e prenderemo le misure necessarie per indagare sul caso con il corriere e garantire un adeguato follow-up.<\/p>\n<p>Il <b>pacco arriva danneggiato<\/b>: Se ricevi un pacco danneggiato, contattaci all&#8217;indirizzo <a href=\"http:\/\/tilta.com\/contact\/\">Contatta TILTA <\/a>entro 7 giorni dalla consegna. Purtroppo le richieste di risarcimento presentate dopo questo periodo non possono essere accettate. Dovrai fornire fotografie o video dell&#8217;imballaggio esterno e dei prodotti danneggiati. I nostri agenti risponderanno entro 1-2 giorni lavorativi per valutare la situazione; a quel punto stabiliremo se \u00e8 opportuno procedere a una sostituzione o a un rimborso.<\/p>\n<p><b>Pacco smarrito:<\/b> se sospetti che il tuo pacco sia stato smarrito, contattaci all&#8217;indirizzo <a href=\"http:\/\/tilta.com\/contact\/\">Contatta TILTA<\/a> entro 7 giorni dalla data di consegna prevista; siamo spiacenti di non poter accettare reclami presentati oltre questo termine. Dovrai fornire una descrizione dettagliata della situazione e, per ordini superiori a 200 dollari, sar\u00e0 necessario un rapporto sulla polizza. Un agente del nostro team risponder\u00e0 alla tua richiesta entro 1-2 giorni lavorativi e, dopo aver valutato la situazione specifica, decider\u00e0 se rispedire l&#8217;articolo o effettuare un rimborso.<\/p>\n<p><b>Verifica l&#8217;indirizzo di spedizione indicato nell&#8217;ordine<\/b>. Se l&#8217;indirizzo fornito non \u00e8 corretto, si prega di notare che Tilta NON sar\u00e0 responsabile di eventuali problemi derivanti da informazioni errate.<\/p>\n<h4>Tassa di riassortimento<\/h4>\n<p>Gli articoli restituiti possono essere soggetti a una tassa di rifornimento del 30% se non ci sono difetti del produttore. Inoltre, qualsiasi merce restituita senza l&#8217;imballaggio originale o in condizioni apparentemente usate pu\u00f2 essere soggetta alla tassa di rifornimento poich\u00e9 non saremo in grado di rivendere l&#8217;articolo come nuovo. Questa decisione \u00e8 presa esclusivamente da Tilta Inc.<\/p>\n<h2>Politica di sostituzione<\/h2>\n<p><b>Puoi richiedere il nostro Servizio di sostituzione:<\/b><\/p>\n<p>\u221a Entro 30 giorni di calendario dal ricevimento del prodotto se il prodotto non corrisponde alla descrizione originale del prodotto in uno o pi\u00f9 aspetti significativi.<br \/>\n\u221a Entro 30 giorni di calendario dal ricevimento del prodotto, se il prodotto presenta un malfunzionamento.<\/p>\n<p><b>Il Servizio sostitutivo non sar\u00e0 fornito nei casi in cui:<\/b><\/p>\n<p>\u00d7 L&#8217;assistenza viene richiesta dopo pi\u00f9 di 30 giorni di calendario dal ricevimento del prodotto.<br \/>\n\u00d7 Il prodotto ricevuto non \u00e8 stato rispedito a TILTA 14 giorni di calendario dopo la conferma di sostituzione da parte di TILTA.<\/p>\n<p>\u00d7 L&#8217;articolo non \u00e8 stato acquistato dal sito ufficiale di TILTA, dal negozio Amazon o da un rivenditore autorizzato TILTA. La sostituzione dovr\u00e0 avvenire tramite il venditore originale.<br \/>\n\u00d7 Le prove d&#8217;acquisto, le ricevute o le fatture legali non vengono fornite o si ritiene ragionevolmente che siano state falsificate o manomesse.<br \/>\n\u00d7 Un prodotto inviato a TILTA per la sostituzione non include tutti gli accessori, gli accessori e l&#8217;imballaggio originali o contiene elementi danneggiati da un errore dell&#8217;utente.<br \/>\n\u00d7 Un prodotto risulta privo di difetti dopo che TILTA ha effettuato tutti i test del caso.<br \/>\n\u00d7 Qualsiasi guasto o danno del prodotto \u00e8 causato da un uso o da una modifica non autorizzati del prodotto, tra cui l&#8217;esposizione all&#8217;umidit\u00e0, l&#8217;ingresso di corpi estranei (acqua, olio, sabbia, ecc.) o un&#8217;installazione o un funzionamento non corretti.<br \/>\n\u00d7 Le etichette o i numeri di serie del prodotto mostrano segni di manomissione o alterazione.<br \/>\n\u00d7 I danni sono causati da fattori esterni incontrollabili, come incendi, inondazioni, venti forti o fulmini.<\/p>\n<p>\u00d7 La prova del danno durante il trasporto rilasciata dal vettore non pu\u00f2 essere fornita.<br \/>\n\u00d7 Altre circostanze indicate in questa politica.<\/p>\n<h4>Istruzioni per la sostituzione<\/h4>\n<p>Se desideri sostituire i prodotti, <a href=\"http:\/\/tilta.com\/contact\/\">contatta TILTA<\/a> entro 30 giorni di calendario dal ricevimento dei prodotti e fornisci le seguenti informazioni:<\/p>\n<p>1) Numero d&#8217;ordine:<br \/>\n2) Email registrata:<br \/>\n3) Nome e quantit\u00e0 del prodotto sostitutivo:<br \/>\n4) Motivo della sostituzione:<\/p>\n<p>Elaboreremo la tua richiesta di restituzione e rimborso entro uno o due giorni lavorativi dalla ricezione della tua e-mail.<\/p>\n<p>&nbsp;<\/p>\n<h4>Trasporto sostitutivo<\/h4>\n<p>TILTA si far\u00e0 carico del trasporto di sostituzione per ogni prodotto inviato per la sostituzione a causa di difetti di funzionamento.<\/p>\n<p>Se la restituzione non \u00e8 legata a un problema di qualit\u00e0, il cliente sar\u00e0 responsabile delle spese di spedizione di andata e ritorno.<\/p>\n","protected":false},"excerpt":{"rendered":"<p>Puoi richiedere il nostro servizio di restituzione e rimborso: \u221a Entro 30 giorni di calendario dalla ricezione del prodotto se il prodotto non presenta difetti di fabbricazione ed \u00e8 ancora in condizioni nuove o come nuovo. \u221a Entro 30 giorni [&hellip;]<\/p>\n","protected":false},"author":208,"featured_media":0,"parent":0,"menu_order":0,"comment_status":"closed","ping_status":"closed","template":"","meta":{"footnotes":""},"acf":[],"_links":{"self":[{"href":"https:\/\/eu.tilta.com\/it\/wp-json\/wp\/v2\/pages\/1999376"}],"collection":[{"href":"https:\/\/eu.tilta.com\/it\/wp-json\/wp\/v2\/pages"}],"about":[{"href":"https:\/\/eu.tilta.com\/it\/wp-json\/wp\/v2\/types\/page"}],"author":[{"embeddable":true,"href":"https:\/\/eu.tilta.com\/it\/wp-json\/wp\/v2\/users\/208"}],"replies":[{"embeddable":true,"href":"https:\/\/eu.tilta.com\/it\/wp-json\/wp\/v2\/comments?post=1999376"}],"version-history":[{"count":0,"href":"https:\/\/eu.tilta.com\/it\/wp-json\/wp\/v2\/pages\/1999376\/revisions"}],"wp:attachment":[{"href":"https:\/\/eu.tilta.com\/it\/wp-json\/wp\/v2\/media?parent=1999376"}],"curies":[{"name":"wp","href":"https:\/\/api.w.org\/{rel}","templated":true}]}}