{"id":2016770,"date":"2024-11-13T11:27:44","date_gmt":"2024-11-13T10:27:44","guid":{"rendered":"https:\/\/eu.tilta.com\/agb\/"},"modified":"2024-11-13T11:27:44","modified_gmt":"2024-11-13T10:27:44","slug":"agb","status":"publish","type":"page","link":"https:\/\/eu.tilta.com\/it\/agb\/","title":{"rendered":"AGB"},"content":{"rendered":"<style>\n  h1.entry-title{display:none;}\n<\/style>\n<p style=\"text-align: center;\"><strong>ALLGEMEINE GESCH\u00c4FTSBEDINGUNGEN f\u00fcr Webshop (AGB)<\/strong><\/p>\n<p style=\"text-align: center;\">(Stand: 10.2024)<\/p>\n<p>&nbsp;<\/p>\n<p><strong>1. Geltungsbereich der AGB<\/strong><\/p>\n<p><strong>1.1<br \/>\n<\/strong>Diese Gesch\u00e4ftsbedingungen in der zum Zeitpunkt der Bestellung im Internet vorliegenden Fassung gelten stets und ausschlie\u00dflich f\u00fcr den Kauf von Waren aus dem Webshop-Sortiment der UTT Technology GmbH<strong>(UTT<\/strong>) unter <a href=\"https:\/\/eu.tilta.com\">eu.tilta.com<\/a>.<\/p>\n<p><strong>1.2<\/strong><br \/>\nAbweichende, entgegenstehende Gesch\u00e4ftsbedingungen des Kunden gelten in keinem Fall, es sei denn, <strong>UTT<\/strong> stimmt ihrer Geltung im Einzelfall ausdr\u00fccklich in schriftlicher Form zu.<\/p>\n<p>Im Einzelfall getroffene, individuelle Vereinbarungen mit dem Kunden (einschlie\u00dflich Nebenabreden, Erg\u00e4nzungen und \u00c4nderungen) haben in jedem Fall Vorrang vor diesen Gesch\u00e4ftsbedingungen. Per den Inhalt derartiger Vereinbarungen \u00e8, vorbehaltlich des Gegenbeweises, ein schriftlicher Vertrag bzw. la Best\u00e4tigung schriftliche von <strong>UTT<\/strong> ma\u00dfgebend.<\/p>\n<p><strong>1.3<\/strong><br \/>\nHinweise auf die Geltung gesetzlicher Vorschriften haben nur klarstellende Bedeutung. Anche senza un&#8217;analisi dettagliata, \u00e8 necessario che le norme gesetzlichen Vorschriften siano rispettate, se in queste Gesch\u00e4ftsbedingungen non sono state abrogate in modo assoluto o se non sono state annullate.<\/p>\n<p>&nbsp;<\/p>\n<p><strong>2. <\/strong><strong>Angaben zur Anbieterin\/ Definitionen<\/strong><\/p>\n<p><strong>2.1<\/strong><\/p>\n<p>Anbieterin: UTT Technology GmbH<\/p>\n<p>Anschrift: Lise-Meinter-Allee 13, D-44801 Bochum<\/p>\n<p>Registergericht: Amtsgericht Bochum<\/p>\n<p>Numero di registro: HRB 21934<\/p>\n<p>Gesch\u00e4ftsf\u00fchrer: Huang Wang<\/p>\n<p>ID: DE370356389<\/p>\n<p><strong>2.2<\/strong><\/p>\n<p>I clienti possono essere sia Verbraucher (\u00a7 13 BGB) che Unternehmer (\u00a7 14 BGB).<\/p>\n<p><u>Verbraucher<\/u> i.S.d. \u00a7 13 BGB \u00e8 jede nat\u00fcrliche Person, die den Vertrag zu einem Zweck abschlie\u00dft, der \u00fcberwiegend (d.h. zu mehr als 50 %) weder ihrer gewerblichen noch ihrer selbst\u00e4ndigen beruflichen T\u00e4tigkeit zugerechnet werden kann.<\/p>\n<p><u>Unternehmer<\/u> i.S.d. 14 BGB \u00e8 eine nat\u00fcrliche oder juristische Person oder eine rechtsf\u00e4hige Personengesellschaft, die bei Abschluss eines Rechtsgesch\u00e4fts in Aus\u00fcbung ihrer gewerblichen oder selbst\u00e4ndigen beruflichen T\u00e4tigkeit handelt.<\/p>\n<p>&nbsp;<\/p>\n<p><strong>3. <\/strong><strong>Bestellablauf e Vertragsschluss\/ Vertragssprache<\/strong><\/p>\n<p><strong>3.1<\/strong><br \/>\nL&#8217;acquirente pu\u00f2 acquistare da un negozio sul web all&#8217;indirizzo <a href=\"https:\/\/eu.tilta.com\">eu.tilta.com<\/a> uno o pi\u00f9 prodotti e, tramite il pulsante <u>&#8220;in den Warenkorb legen<\/u>&#8220;, pu\u00f2 inserirli in un altro Warenkorb.<\/p>\n<p>Se il cliente ha acquistato tutti i prodotti che vuole vendere, pu\u00f2 farlo nel carrello con il pulsante &#8220;<u>Pi\u00f9 veloce verso Kasse&#8221;<\/u>.<\/p>\n<p>Il cliente ha la possibilit\u00e0 di scegliere se vendere la propria merce come cliente principale, anche senza registrazione, o se acquistare un conto corrente. in un conto clienti migliore. Se il cliente non vuole che il suo nome sia<\/p>\n<p>Bestellung als Gast durchf\u00fchrt, hat er die Rechnungsdetails in der Eingabemaske anzugeben.<\/p>\n<p>Im Anschluss muss der Kunde die Zahlungsart ausw\u00e4hlen. Dabei kann er jeweils aus den ihm angezeigten Zahlarten ausw\u00e4hlen.<\/p>\n<p>Sodann erh\u00e4lt der Kunde nochmals eine Zusammenfassung der gesamten Bestellung. \u00dcber den Button <em>&#8220;<\/em><u>kostenpflichtig bestellen<\/u><em>&#8220;<\/em> gibt er schlie\u00dflich ein <strong>verbindliches Angebot<\/strong> zum Kauf der im Warenkorb befindlichen Produkte ab.<\/p>\n<p>A partire dall&#8217;acquisto della merce, il cliente pu\u00f2 modificare gli angoli e ampliare o abbreviare il numero di ordini.<\/p>\n<p>L&#8217;Angebot verbindliche zum Vertragsschluss pu\u00f2 essere modificato solo se il cliente, cliccando sul pulsante <em>&#8220;<\/em><u>AGB akzeptieren<\/u><em>&#8220;<\/em>, ha accettato di inserire le sue disposizioni di legge e di inserirle nel suo Angebot.<\/p>\n<p><strong>3.2<\/strong><br \/>\nUTT pu\u00f2 inviare al cliente una Empfangsbest\u00e4tigung automatica via e-mail, in cui la vendita da parte del cliente viene effettuata senza problemi e in cui il cliente pu\u00f2 inviare la sua offerta tramite la funzione &#8220;<u>Drucken<\/u>&#8220;.<\/p>\n<p>Die automatische Empfangsbest\u00e4tigung dokumentiert lediglich, dass die Bestellung des Kunden bei UTT eingegangen ist und stellt keine Annahme des Angebots dar.<\/p>\n<p>Il Kaufvertrag arriva solo dopo l&#8217;approvazione di un&#8217;apposita documentazione da parte dell&#8217;UTT, inviata per e-mail (Auftragsbest\u00e4tigung) al cliente.<\/p>\n<p><strong>3.3<\/strong><br \/>\nIl Vertragsschluss avviene in lingua tedesca.<\/p>\n<p>&nbsp;<\/p>\n<p><strong>4. Warenverf\u00fcgbarkeit\/ Lieferbedingungen<\/strong><\/p>\n<p><strong>4.1<\/strong><br \/>\nSe al momento della vendita al cliente non ci sono esemplari di prodotti acquistati da lui, allora <strong>UTT<\/strong> ha indicato al cliente questo aspetto nell&#8217;Auftragsbest\u00e4tigung.<\/p>\n<p>Se il prodotto non \u00e8 disponibile, l&#8217;<strong>UTT<\/strong> non pu\u00f2 accettare alcuna Annahmeerkl\u00e4rung. Ein Vertrag kommt in diesem Fall nicht zustande.<\/p>\n<p><strong>4.2<\/strong><br \/>\nSe il prodotto non \u00e8 stato venduto solo in precedenza, <strong>UTT<\/strong> invia al cliente questo prodotto senza alcun dubbio nella Auftragsbest\u00e4tigung per e-mail.<\/p>\n<p>Con un&#8217;azione di risarcimento di pi\u00f9 di dieci giorni, il cliente ha il diritto di chiedere la cancellazione del contratto.<\/p>\n<p>Im \u00dcbrigen \u00e8 in diesem Fall auch <strong>UTT<\/strong> berechtigt, sich vom Vertrag zu l\u00f6sen. In questo caso, le Zahlungen di Kunden non sono mai state valutate.<strong> <\/strong><\/p>\n<p><strong>4.3<\/strong><br \/>\nLa spedizione del prodotto avviene per posta. Non \u00e8 possibile effettuare una cancellazione di tipo personale.<\/p>\n<p>Il Versandrisiko si basa sull&#8217;UTT, se il cliente \u00e8 un Verbraucher.<\/p>\n<p>Se il cliente \u00e8 un imprenditore, deve fare i conti con il Versandrisiko.<\/p>\n<p><strong>4.4<\/strong><br \/>\nLa consegna dei prodotti avviene tramite il fornitore di servizi logistici interno al Bestellvorgangs e, in particolare, tramite il fornitore di servizi logistici interno al Kunden bei der Bestellung. Il cliente \u00e8 in possesso di un&#8217;assicurazione che comprende Haushaltsangeh\u00f6rige e Nachbarn.<\/p>\n<p>Es bestehen die folgenden Lieferbeschr\u00e4nkungen: L <strong>&#8216;UTT<\/strong> offre solo ai clienti che hanno una sede nell&#8217;Unione Europea (Rechnungsadresse) e che possono ricevere un Lieferadresse.<\/p>\n<p>Derzeit erfolgt die Auslieferung der Waren \u00fcber die Logistikanbieter DHL auf Grundlage ihrer Bedingungen. L <strong>&#8216;UTT<\/strong> si impegna a rispettare il diritto di utilizzare un altro fornitore di servizi per la spedizione di merci.<\/p>\n<p><strong>4.5<\/strong><br \/>\nIl periodo di validit\u00e0 della merce \u00e8 indicato nel Warenangebot di <strong>UTT<\/strong>.<\/p>\n<p>Il periodo di validit\u00e0 inizia con la Zahlung attraverso la Vorkasse an dem Folgetag der Zahlungsanweisung an das Kreditinstitut. Per tutti gli altri Zahlungsarten, il rimborso inizia nel giorno successivo al Vertragsschluss. Die Frist termina jeweils mit dem Ablauf des letzten Tages der angegebenen Frist. Se si tratta di un figlio o di una festa di compleanno, allora fai un salto alla stella del giorno in cui si svolge il nuovo lavoro.<\/p>\n<p>&nbsp;<\/p>\n<p><strong>5. Eigentumsvorbehalt<\/strong><\/p>\n<p><strong>5.1<\/strong><br \/>\nFino alla completa liquidazione, la merce gelata \u00e8 un elemento essenziale dell&#8217;<strong>UTT<\/strong>.<\/p>\n<p><strong>5.2<\/strong><br \/>\n<strong>UTT<\/strong> si impegna a non far accettare le altre vendite del cliente in caso di mancato pagamento di uno Zahlungsverzug.<\/p>\n<p>&nbsp;<\/p>\n<p><strong>6.<\/strong><strong>Prezzi e spese di spedizione<\/strong><\/p>\n<p><strong>6.1<\/strong><br \/>\nTutti i prezzi angegebenen versano einschlie\u00dflich der jeweils g\u00fcltigen gesetzlichen Umsatzsteuer.<\/p>\n<p><strong>6.2<\/strong><br \/>\nDie jeweils anfallenden Versandkosten werden dem Kunden vor dem Bestellvorgang abschlie\u00dfenden Button entsprechend bekannt gegeben und sind vom Kunden zu tragen.<\/p>\n<p><strong> <\/strong><\/p>\n<p><strong>7. <\/strong><strong>Zahlungsmodalit\u00e4ten<\/strong><\/p>\n<p><strong>7.1<\/strong><br \/>\nIl cliente pu\u00f2 scegliere di pagare la somma di denaro con le Zahlungsarten angegebenen del Bestellprozess. In questo periodo \u00e8 possibile pagare tramite carta di credito (Mastercard e Visa), Vorkasse o PayPal. L <strong>&#8216;UTT<\/strong> si impegna a far s\u00ec che l&#8217;offerta di Zahlungsarten venga modificata.<\/p>\n<p><strong> <\/strong><strong>7.2<\/strong><br \/>\nPer il pagamento con PayPal \u00e8 necessaria una registrazione presso l&#8217;intermediario online PayPal e un&#8217;iscrizione al conto PayPal (e-mail, lettera). La transazione avverr\u00e0 sul conto corrente dell&#8217;<strong>UTT<\/strong>, a condizione che il cliente sia autorizzato a effettuare la transazione. Ulteriori informazioni si trovano sotto:<\/p>\n<p><a href=\"http:\/\/www.paypal.com\/de\" target=\"_blank\" rel=\"noopener\">www.paypal.com\/de<\/a>.  <strong> <\/strong><\/p>\n<p><strong>7.3<\/strong><br \/>\nCon la Zahlung mittels Vorkasse viene effettuata una valutazione della vendita solo quando il totale del bonifico sul conto dell&#8217;<strong>UTT<\/strong> \u00e8 gi\u00e0 stato compilato. La merce acquistata insoweit sar\u00e0 conservata per un periodo di tempo pari a sei mesi a partire dalla data del Vertragsschluss di <strong>UTT<\/strong> per il cliente. Se in seguito all&#8217;ablazione del prezzo di vendita non viene raggiunto, <strong>UTT<\/strong> si riserva il diritto di rifiutare la vendita.<\/p>\n<p>&nbsp;<\/p>\n<p><strong>8. M\u00e4ngelanspr\u00fcche des Kunden (Gew\u00e4hrleistung)<\/strong><\/p>\n<p><strong>8.1<\/strong><br \/>\nL<strong>&#8216;UTT<\/strong> haftet f\u00fcr Sach- und Rechtsm\u00e4ngel nach den hierf\u00fcr geltenden gesetzlichen Vorschriften, insbesondere \u00a7\u00a7 434 ff. BGB.<\/p>\n<p><strong>8.2<\/strong><br \/>\nSe i clienti hanno bisogno di un servizio di trasporto offensivo, \u00e8 necessario informare il cliente di questo aspetto e l&#8217;UTT. Una verifica di questo tipo non \u00e8 necessaria per i clienti. Auswirkungen auf Gew\u00e4hrleistungsrechte des Kunden hat eine Nichtbeanstandung und unterbliebene Meldung an UTT ebenfalls nicht.<\/p>\n<p><strong> <\/strong><\/p>\n<p><strong>9. <\/strong><strong>Widerrufsrecht<\/strong><\/p>\n<p><strong>9.1<\/strong><\/p>\n<p>Il Nachfolgendes Widerrufsrecht \u00e8 valido solo per i clienti che, in qualit\u00e0 di Verbraucher (vgl. per la definizione di Ziffer 2.2), hanno sottoscritto un contratto con l&#8217;UTT:<\/p>\n<p><strong><em>Widerrufsbelehrung<\/em><\/strong><\/p>\n<p><em>Widerrufsrecht<\/em><\/p>\n<p><em>Sie haben das Recht, binnen vierzehn Tagen ohne Angabe von Gr\u00fcnden diesen Vertrag zu widerrufen.<\/em><\/p>\n<p><em>Die Widerrufsfrist prevede cinque giorni a partire dal giorno in cui Sie oder ein von Ihnen benannter Dritter, der nicht der Bef\u00f6rderer ist, die letzte Teilsendung oder Ware in Besitz genommen haben bzw. cappello.<\/em><\/p>\n<p><em>Per ottenere il tuo diritto di recesso, devi chiedere a uns<\/em><\/p>\n<p><em>(UTT Technology GmbH,  <\/em><\/p>\n<p><em>Lise-Meinter-Allee 13, D-44801 Bochum,<\/em><\/p>\n<p><em>Telefono 0234-79449565,<\/em><\/p>\n<p><em>E-mail: <\/em><a href=\"mailto:info@tilta.com\"><em>info@tilta.com<\/em><\/a><\/p>\n<p><em>tramite un&#8217;altra comunicazione (ad esempio una lettera o un&#8217;e-mail) su Ihren Entschluss, diesen Vertrag zu widerrufen, informare.  <\/em><\/p>\n<p><em>\u00c8 possibile utilizzare il modulo Muster &#8211; Widerrufsformular, che non \u00e8 stato ancora descritto.<\/em><\/p>\n<p><em>Zur Wahrung der Widerrufsfrist reicht es aus, dass Sie die Mitteilung \u00fcber die Aus\u00fcbung des Widerrufsrechts vor Ablauf der Widerrufsfrist absenden.<\/em><\/p>\n<p><strong><em>Folgen des Widerrufs<\/em><\/strong><\/p>\n<p><em>Quando Sie diesen Vertrag widerrufen, haben wir Ihnen alle Zahlungen, die wir von Ihnen erhalten haben, einschlie\u00dflich der Lieferkosten (mit Ausnahme der zus\u00e4tzlichen Kosten, die sich daraus ergeben, dass Sie eine andere Art der Lieferung als die von uns angebotene, g\u00fcnstigste Standardlieferung gew\u00e4hlt haben), unverz\u00fcglich und sp\u00e4testens binnen vierzehnen aben Tag zur\u00fcckzuzahlen, an dem die Mitteilung \u00fcber Ihren Widerruf dieses Vertrages bei uns eingegangen ist. Per questa R\u00fcckzahlung utilizziamo dei prodotti di pagamento, che Lei ha scelto per la sua transazione, es sei denn, mit Ihnen wurde ausdr\u00fccklich etwas anderes vereinbart; in keinem Fall werden Ihnen wegen dieser R\u00fcckzahlung Entgelte berechnet.  <\/em><\/p>\n<p><em>Possiamo modificare la R\u00fcckzahlung, se vogliamo che i nostri beni vengano sostituiti o se vuoi che il tuo cliente si accorga che i tuoi beni sono stati sostituiti, se vuoi che i tuoi beni siano stati sostituiti, a meno che non si tratti di uno dei primi giorni di vacanza.<\/em><\/p>\n<p><em>Sie haben die Waren unverz\u00fcglich und in jedem Fall sp\u00e4testens binnen vierzehn Tagen ab dem Tag, an dem Sie uns \u00fcber den Widerruf dieses Vertrages unterrichten, an uns zur\u00fcckzusenden oder zu \u00fcbergeben. Die Frist \u00e8 gewahrt, se i tuoi compagni di viaggio non sono presenti al momento dell&#8217;acquisto.<\/em><\/p>\n<p><em>Si tratta di costi non rimborsabili per il rimborso delle spese.<\/em><\/p>\n<p><em>Sie m\u00fcssen f\u00fcr einen etwaigen Wertverlust der Waren nur aufkommen, wenn dieser Wertverlust auf eine zur Pr\u00fcfung der Beschaffenheit, Eigenschaften und Funktionsweise der Waren nicht notwendigen Umfang mit ihnen zur\u00fcckzuf\u00fchren ist.<\/em><\/p>\n<p><strong>Muster- Widerrufsformular<\/strong><\/p>\n<p><em>(Se vuoi che il messaggio sia pi\u00f9 ampio, compila il modulo e invialo a casa tua).<\/em><\/p>\n<p><em>Un<\/em><\/p>\n<p><em>UTT Technology GmbH,  <\/em><\/p>\n<p><em>Lise-Meinter-Allee 13, D-44801 Bochum;<\/em><\/p>\n<p><em>E-mail: <\/em><a href=\"mailto:info@tilta.com\"><em>info@tilta.com<\/em><\/a><\/p>\n<p><em>Hiermit widerrufe(n) ich\/wir den von mir\/uns (*) abgeschlossenen Vertrag \u00fcber den Kauf der folgenden Waren (*)\/die Erbringung der folgenden Dienstleistung (*)<\/em><\/p>\n<p><em>Venduto il (*)\/venduto il (*)<\/em><\/p>\n<p><em>Nome del\/dei Verbraucher:<\/em><\/p>\n<p><em>Anschrift des\/der Verbraucher(s):<\/em><\/p>\n<p><em>Unterschrift des\/der Verbraucher(s) (nur bei Mitteilung auf Papier):<\/em><\/p>\n<p><em>Datum:<\/em><\/p>\n<p><em>(*) Unzutreffendes streichen.<\/em><\/p>\n<p>&nbsp;<\/p>\n<p><strong>10. Indicazioni per il trattamento dei dati e per la garanzia dei testi di Vertrag.<\/strong><\/p>\n<p><strong>10.1<\/strong><br \/>\n<strong>UTT<\/strong> lavora nel contesto dell&#8217;elaborazione dei dati dei clienti. <strong>UTT<\/strong> tiene conto delle attuali norme di protezione dei dati, in particolare quelle del Bundesdatenschutzgesetzes (BDSG) e del Datenschutz-Grundverordnung (DS-GVO).<\/p>\n<p>Ohne Einwilligung des Kunden wird <strong>UTT<\/strong> Bestands- und Nutzungsdaten des Kunden nur verarbeiten, soweit dies f\u00fcr die Abwicklung des Vertragsverh\u00e4ltnisses oder zur Erf\u00fcllung einer rechtlichen Verpflichtung erforderlich ist, der <strong>UTT<\/strong> als Verantwortliche unterliegt. Altre informazioni sul trattamento dei dati si trovano nella versione pi\u00f9 recente di Datenschutzerkl\u00e4rung, che puoi trovare sotto<a href=\"\/datenschutz\/\">[Hyperlink einf\u00fcgen<\/a>].<\/p>\n<p><strong>10.2<\/strong><br \/>\nIl testo di Vertrags non \u00e8 stato scritto da <strong>UTT<\/strong> e non \u00e8 utilizzabile da parte del cliente. <strong>UTT<\/strong> invia al cliente, dopo il Vertragsabschluss, una copia del testo per e-mail.<\/p>\n<p>&nbsp;<\/p>\n<p><strong>11. Rechtswahl\/ Gerichtsstand<\/strong><\/p>\n<p><strong>11.1<\/strong><br \/>\nEs gilt ausschlie\u00dflich deutsches Recht unter Ausschluss des UN-Kaufrechts (CISG) underer Einheitsrechte.<\/p>\n<p>Diese Rechtswahlklausel gilt insoweit nicht gegen\u00fcber Verbrauchern, welche ihren st\u00e4ndigen Aufenthalt im Ausland haben, als das nationale Recht des Verbrauchers Regelungen enth\u00e4lt, von denen zu Lasten des Verbrauchers nicht durch Vertrag abgewichen werden kann.<\/p>\n<p>Voraussetzungen und Wirkungen des Eigentumsvorbehalts gem\u00e4\u00df Ziffer 5 unterliegen dem Recht am jeweiligen Lagerort der Sache, soweit danach die getroffene Rechtswahl zugunsten des deutschen Rechts unzul\u00e4ssig oder unwirksam ist.<\/p>\n<p>11.2<br \/>\nSofern es sich beim Kunden nicht um einen Verbraucher (vgl. Ziffer 2.2.), sondern um einen Kaufmann, eine juristische Person des \u00f6ffentlichen Rechts oder um ein \u00f6ffentlich-rechtliches Sonderverm\u00f6gen handelt, ist Gerichtsstand f\u00fcr alle Streitigkeiten aus Vertragsverh\u00e4ltnissen zwischen dem Kunden und UTT in Bochum, Deutschland.<\/p>\n<p>11.3<\/p>\n<p>Se il cliente, che non \u00e8 un Kaufmann, non ha il suo stand generale in Germania o se il suo appartamento o il suo luogo di villeggiatura non sono noti, lo stand generale \u00e8 sempre Bochum.<\/p>\n<p>&nbsp;<\/p>\n<p><strong>12. Schlussbestimmungen<\/strong><\/p>\n<p><strong>12.1<\/strong><\/p>\n<p>La Commissione Europea ha creato una piattaforma per l&#8217;Online-Streitbeilegung (OS), che il cliente pu\u00f2 trovare all&#8217;indirizzo <a href=\"https:\/\/ec.europa.eu\/consumers\/odr\/\" target=\"_blank\" rel=\"noopener\">https:\/\/ec.europa.eu\/consumers\/odr<\/a>.<\/p>\n<p><strong>12.2<\/strong><\/p>\n<p>L<strong>&#8216;UTT<\/strong> non \u00e8 pi\u00f9 in grado di gestire le strutture di controllo della sicurezza, ma \u00e8 in grado di gestire le strutture di controllo della sicurezza in base alle esigenze di VSBG.<\/p>\n<p><strong>12.3<\/strong><\/p>\n<p>L<strong>&#8216;UTT<\/strong> non ha bisogno di alcun Verhaltenskodizes.<\/p>\n<p><strong>12.4<\/strong><\/p>\n<p>Se una dieser Bestimmung non \u00e8 del tutto o in parte ineccepibile, se non \u00e8 di qualit\u00e0 o non \u00e8 durchf\u00fchrbar, o se c&#8217;\u00e8 una L\u00fccke in diesen Bestimmungen, la Wirksamkeit delle Bestimmungen non viene accettata. \u00a7 306 Abs. 2 e 3 BGB bleibt davon unber\u00fchrt.<\/p>\n","protected":false},"excerpt":{"rendered":"<p>ALLGEMEINE GESCH\u00c4FTSBEDINGUNGEN f\u00fcr Webshop (AGB) (Stand: 10.2024) &nbsp; 1. Geltungsbereich der AGB 1.1 Diese Gesch\u00e4ftsbedingungen in der zum Zeitpunkt der Bestellung im Internet vorliegenden Fassung gelten stets und ausschlie\u00dflich f\u00fcr den Kauf von Waren aus dem Webshop-Sortiment der UTT Technology [&hellip;]<\/p>\n","protected":false},"author":57023,"featured_media":0,"parent":0,"menu_order":0,"comment_status":"closed","ping_status":"closed","template":"","meta":{"footnotes":""},"acf":[],"_links":{"self":[{"href":"https:\/\/eu.tilta.com\/it\/wp-json\/wp\/v2\/pages\/2016770"}],"collection":[{"href":"https:\/\/eu.tilta.com\/it\/wp-json\/wp\/v2\/pages"}],"about":[{"href":"https:\/\/eu.tilta.com\/it\/wp-json\/wp\/v2\/types\/page"}],"author":[{"embeddable":true,"href":"https:\/\/eu.tilta.com\/it\/wp-json\/wp\/v2\/users\/57023"}],"replies":[{"embeddable":true,"href":"https:\/\/eu.tilta.com\/it\/wp-json\/wp\/v2\/comments?post=2016770"}],"version-history":[{"count":0,"href":"https:\/\/eu.tilta.com\/it\/wp-json\/wp\/v2\/pages\/2016770\/revisions"}],"wp:attachment":[{"href":"https:\/\/eu.tilta.com\/it\/wp-json\/wp\/v2\/media?parent=2016770"}],"curies":[{"name":"wp","href":"https:\/\/api.w.org\/{rel}","templated":true}]}}