{"id":1978450,"date":"2023-11-14T20:55:20","date_gmt":"2023-11-14T19:55:20","guid":{"rendered":"https:\/\/de.tilta.com\/shop\/nucleus-nano-ii-wireless-lens-control-system\/"},"modified":"2026-05-07T15:25:16","modified_gmt":"2026-05-07T13:25:16","slug":"nucleus-nano-ii-wireless-lens-control-system","status":"publish","type":"product","link":"https:\/\/eu.tilta.com\/it\/shop\/nucleus-nano-ii-wireless-lens-control-system\/","title":{"rendered":"Sistema di controllo dell&#8217;obiettivo senza fili Nucleus Nano II"},"content":{"rendered":"<p><strong>HINWEIS: LA MANO NON DEVE ESSERE UTILIZZATA SU P-TAP<\/strong><\/p>\n<p><em>Il Nucleus Nano II &#8211; Wireless Lens Control System \u00e8 l&#8217;ultimo strumento per tutti i cineasti che desiderano avere un controllo preciso sui loro obiettivi.<\/em><\/p>\n<p>Con il nuovo e migliorato Handrad, l&#8217;utente pu\u00f2 utilizzare l&#8217;Hauptwahlrad per l&#8217;impostazione dello Sch\u00e4rfe, mentre la nuova Steuerwippe, con le funzioni Zoom o Blenden, si basa su una Wippe ged\u00e4mpfte, che \u00e8 perfetta per l&#8217;inserimento e l&#8217;integrazione degli Zoom.<\/p>\n<p>La navigazione all&#8217;interno del sistema non \u00e8 mai stata cos\u00ec semplice come con il nuovo display touchscreen da 1,6 pollici e l&#8217;ampio display superiore, che consente di accedere a una serie di funzioni pi\u00f9 complesse, come ad esempio le funzioni per la gestione degli oggetti e le funzioni per la gestione della videocamera.<\/p>\n<p>Con la Nano II \u00e8 possibile collegare le installazioni di fotocamere in modo semplice tramite WiFi, Bluetooth e USB-C-Anschluss des Motors per sistemi di fotocamere compatibili come Canon, Sony e Black Magic Design e utilizzare fino a tre motori per Fokus, Blende, Zoom e Mirage VND, a condizione che si utilizzi uno Steuergriff mitgelieferten.<\/p>\n<p>Questo dispositivo \u00e8 utilizzabile con un Akku della serie L di Sony (F550\/570) e pu\u00f2 essere utilizzato per aumentare la durata di vita dell&#8217;Akkus. Inoltre, \u00e8 possibile scegliere un Fokusrad nella parte anteriore, con il quale possono essere installati sia i motori della Nucleus-Serie che il motore DJI-Fokusmotor e il <a href=\"https:\/\/tilta.com\/shop\/wireless-control-receiver-module-for-rs-2\/\">Drahtloses Empf\u00e4ngermodul<\/a> opzionale <strong>(non incluso nella confezione)<\/strong>. Pu\u00f2 essere utilizzato anche per utilizzare il DJI RS2 o RS3 Pro.<\/p>\n<p>Il Griff si basa su una vite da 1\/4&#8243;-20 con punte di Aufnahmepunkten, che sono perfette per il montaggio delle nostre Rosettenadapters, cos\u00ec come su un Kaltschuh-Empf\u00e4nger, che pu\u00f2 essere utilizzato con la nostra <a href=\"https:\/\/tilta.com\/shop\/tiltaing-adjustable-cold-shoe-accessory-mounting-bracket\/\">Cold Shoe Befestigung<\/a> opzionale, per ottenere, in combinazione con la manopola, un&#8217;ottima postazione per il fuoco.<\/p>\n<p>Tieni presente che l&#8217;ultimo firmware \u00e8 stato sviluppato per BMPCC 4K, 6K, 6K Pro e per Sony FX3, A7S3, A7R5, ZV-E1, ZV-E10 e Canon R7 per quanto riguarda le impostazioni come Run\/Stop, Verschlusszeit, ISO e Blende, mentre Run Stop \u00e8 stato sviluppato per i sistemi di ripresa einschlie\u00dflich aller oben genannten sowie Sony A7C, A7M4, A7R3, Canon R6M1, Panasonic S1H, GH6 e S5M2 tramite un <a href=\"https:\/\/tilta.com\/shop\/advanced-side-handle-run-stop-cable\/\">cavo<\/a> opzionale <a href=\"https:\/\/tilta.com\/shop\/advanced-side-handle-run-stop-cable\/\">USB-C Run\/Stop<\/a>. Altri sistemi di telecamere verranno aggiornati in futuro con un firmware compatibile.<\/p>\n<p>Il Lens-Mapping-Kontrollbildschirm fornisce informazioni sulla messa a fuoco in tempo reale, in modo che tu possa essere informato su ogni immagine e controllare i comandi, senza che sia necessario marcare un&#8217;immagine di fuoco. L&#8217;Akku interno, che viene versato tramite USB-C con Strom, offre, a partire da 20 giorni di utilizzo, un&#8217;autonomia senza interruzioni.  <strong>(ma non sul firmware attuale)<\/strong><\/p>\n<p>Grazie a un motore di sollevamento, il Nano II offre un&#8217;elevata velocit\u00e0 di rotazione dei suoi dispositivi e si avvale di pratiche cinghie di collegamento USB-C, che sono perfette per l&#8217;installazione di pi\u00f9 motori su un&#8217;unica centralina.<\/p>\n<p>Il Nano II \u00e8 il nostro sistema pi\u00f9 compatibile con la compatibilit\u00e0 con DJI RS2, RS3 Pro, DJI Focus Motors, Nucleus M <strong>(senza le guide manuali)<\/strong> e con la generazione precedente del Nucleus Nano, che consente di ottenere una maggiore flessibilit\u00e0 per gli utenti che utilizzano le versioni precedenti dell&#8217;ecosistema Nucleus.<\/p>\n<p>Tieni presente che per l&#8217;integrazione con Nucleus M Handgriffen, Advanced Side Focus Griffen, DJI Ronin e Ronin Focus Motoren \u00e8 necessario un hardware diverso, che non \u00e8 presente nel kit.<\/p>\n<p><em>Migliora il tuo lavoro con il sistema di controllo dell&#8217;obiettivo senza fili Nucleus Nano II. Approfittate della gestione ottimale dei vostri oggetti, dell&#8217;intuitivit\u00e0 del pannello di controllo e della compatibilit\u00e0 con l&#8217;attrezzatura di rete.<\/em><\/p>\n<p><strong>BITTE BEACHTEN SIE: Alcune delle funzioni indicate in precedenza sono completamente funzionanti nel firmware attuale.<\/strong><\/p>\n<p><strong>Lens Mapping e altre funzioni non sono ancora disponibili e verranno implementate con gli aggiornamenti del firmware di prossima pubblicazione. L&#8217;opzione Kamerasteuerungs \u00e8 compatibile solo con le fotocamere ausiliarie.<\/strong><\/p>\n<p><strong>Le Griffe Nucleus M per la mano sinistra e la mano sinistra e le Griffe Advanced Side Focus sono assolutamente compatibili con il motore Nano II e sono dotate di un hardware diverso, che pu\u00f2 essere montato separatamente.<\/strong><\/p>\n<p><strong>Funzionamenti come la compatibilit\u00e0 con il motore DJI Ronin\/DJI Focus non sono ancora disponibili e richiedono un hardware diverso e separato.<\/strong><\/p>\n<p><strong>**Le fotocamere Canon e Sony sono compatibili solo con il cavo PD USB-C e le fotocamere Black Magic Design solo con il Bluetooth**.<\/strong><\/p>\n<p><strong>Con l&#8217;utilizzo di adattatori per oggetti: La funzionalit\u00e0 Bluetooth del Nano II \u00e8 possibile solo se si utilizzano oggetti originali per l&#8217;adattatore in questione.<\/strong><\/p>\n<p><strong>L&#8217;alterazione della NATO per la barriera di sicurezza \u00e8 prevista solo per il Nano II Handrad. Se non vuoi che ti venga consegnato un altro Zubeh\u00f6r su questa NATO-Halterung, rischierai di subire un&#8217;alterazione dei dati di contatto.<\/strong><\/p>\n<p><strong>Consigliamo di utilizzare solo la <span style=\"color: #ff0000\">Sony Serie L F550<\/span> per il montaggio di una macchina da presa. La compatibilit\u00e0 con altri marchi non \u00e8 garantita.  <\/strong><\/p>\n","protected":false},"excerpt":{"rendered":"<p>HINWEIS: LA MANO NON DEVE ESSERE UTILIZZATA SU P-TAP Il Nucleus Nano II &#8211; Wireless Lens Control System \u00e8 l&#8217;ultimo strumento per tutti i cineasti che desiderano avere un controllo preciso sui loro obiettivi. Con il nuovo e migliorato Handrad, [&hellip;]<\/p>\n","protected":false},"featured_media":1978474,"comment_status":"closed","ping_status":"closed","template":"","meta":[],"product_cat":[3231,3898,3249,3384,1868,1630,1840,1744,1632,1634,1834,1837,1800,1833,1796,1786,1769,1737,1637,1641,1646,1649,1831,1823,1776,1653,1829,1749,1772,1817,1764,1657,1838,1783,1760,1660,1664,1666,1670,1674,1807,1756,3149,1678,1682,1686,1813,1825,1804,1793,1827,1790,1779,1751,1741,1730,1734,1727,1689,1693,1696,1701,1705,1709,1711,1724,1716,1720,1821],"product_tag":[],"acf":[],"gallery_images":[1978462,1978463,1978464,1978465,1978466,1978467,1978468,1978469,1978470],"_links":{"self":[{"href":"https:\/\/eu.tilta.com\/it\/wp-json\/wp\/v2\/product\/1978450"}],"collection":[{"href":"https:\/\/eu.tilta.com\/it\/wp-json\/wp\/v2\/product"}],"about":[{"href":"https:\/\/eu.tilta.com\/it\/wp-json\/wp\/v2\/types\/product"}],"replies":[{"embeddable":true,"href":"https:\/\/eu.tilta.com\/it\/wp-json\/wp\/v2\/comments?post=1978450"}],"wp:featuredmedia":[{"embeddable":true,"href":"https:\/\/eu.tilta.com\/it\/wp-json\/wp\/v2\/media\/1978474"}],"wp:attachment":[{"href":"https:\/\/eu.tilta.com\/it\/wp-json\/wp\/v2\/media?parent=1978450"}],"wp:term":[{"taxonomy":"product_cat","embeddable":true,"href":"https:\/\/eu.tilta.com\/it\/wp-json\/wp\/v2\/product_cat?post=1978450"},{"taxonomy":"product_tag","embeddable":true,"href":"https:\/\/eu.tilta.com\/it\/wp-json\/wp\/v2\/product_tag?post=1978450"}],"curies":[{"name":"wp","href":"https:\/\/api.w.org\/{rel}","templated":true}]}}