{"id":1978945,"date":"2024-01-31T22:16:36","date_gmt":"2024-01-31T21:16:36","guid":{"rendered":"https:\/\/de.tilta.com\/shop\/tilta-zombie-rig-boompole-support-system\/"},"modified":"2025-12-05T12:28:40","modified_gmt":"2025-12-05T11:28:40","slug":"tilta-zombie-rig-boompole-support-system-2","status":"publish","type":"product","link":"https:\/\/eu.tilta.com\/it\/shop\/tilta-zombie-rig-boompole-support-system-2\/","title":{"rendered":"Sistema di supporto per boompole Tilta Zombie Rig"},"content":{"rendered":"<p><em>Presenta la nuova generazione di sistemi di supporto al suono per la produzione.<\/em><\/p>\n<p>Lo Zombie Rig \u00e8 il nuovo sistema di supporto universale per gli operatori di boom, progettato per ridistribuire il peso e migliorare la flessibilit\u00e0 di mixare i livelli audio mentre si opera.<\/p>\n<p>Il design si basa su un palo di supporto centrale che si monta su un&#8217;ampia gamma di borse per mixer audio tramite un ricevitore baby pin.<\/p>\n<p>Questo permette agli utenti di montare il sistema non solo sulle borse da mixer, ma anche su giubbotti di supporto di terze parti o persino su stativi a C per un uso prolungato.<\/p>\n<p>Le staffe incluse si adattano facilmente a una variet\u00e0 di modelli di aste a braccio grazie all&#8217;utilizzo di spessori di varie dimensioni, assicurando una perfetta compatibilit\u00e0 con le diverse marche.<\/p>\n<p>La parte pi\u00f9 integrante del design \u00e8 la staffa operativa che si fissa all&#8217;estremit\u00e0 posteriore dell&#8217;asta del braccio e permette di regolare facilmente la direzione del microfono.<\/p>\n<p>Gli utenti possono quindi collegare una staffa di supporto operativa contrappesata per bilanciare perfettamente la lunghezza dell&#8217;asta della sbarra e manovrare facilmente l&#8217;asta della sbarra in verticale, oltre a poterla ruotare fino a 360\u00b0.<\/p>\n<p>Questo crea un&#8217;esperienza operativa pi\u00f9 agevole e libera le mani dell&#8217;operatore dal sostenere il peso dell&#8217;asta, aprendo la possibilit\u00e0 di mixare i livelli audio durante l&#8217;utilizzo del microfono ad asta.<\/p>\n<p>Grazie al suo design modulare, il sistema Tilta Zombie Rig pu\u00f2 essere smontato e riposto in modo efficiente, occupando meno di un metro di lunghezza. Include anche una borsa da trasporto in omaggio per facilitare il trasporto.<\/p>\n<p>Costruito in fibra di carbonio ad alta resistenza, rinforzato con strutture meccaniche brevettate per una stabilit\u00e0 duratura.<\/p>\n","protected":false},"excerpt":{"rendered":"<p>Presenta la nuova generazione di sistemi di supporto al suono per la produzione. Lo Zombie Rig \u00e8 il nuovo sistema di supporto universale per gli operatori di boom, progettato per ridistribuire il peso e migliorare la flessibilit\u00e0 di mixare i [&hellip;]<\/p>\n","protected":false},"featured_media":1978946,"comment_status":"closed","ping_status":"closed","template":"","meta":[],"product_cat":[1861],"product_tag":[],"acf":[],"gallery_images":[1978947,1978948,1978949,1978950,1978951,1978952,1978953,1978954,1978955],"_links":{"self":[{"href":"https:\/\/eu.tilta.com\/it\/wp-json\/wp\/v2\/product\/1978945"}],"collection":[{"href":"https:\/\/eu.tilta.com\/it\/wp-json\/wp\/v2\/product"}],"about":[{"href":"https:\/\/eu.tilta.com\/it\/wp-json\/wp\/v2\/types\/product"}],"replies":[{"embeddable":true,"href":"https:\/\/eu.tilta.com\/it\/wp-json\/wp\/v2\/comments?post=1978945"}],"wp:featuredmedia":[{"embeddable":true,"href":"https:\/\/eu.tilta.com\/it\/wp-json\/wp\/v2\/media\/1978946"}],"wp:attachment":[{"href":"https:\/\/eu.tilta.com\/it\/wp-json\/wp\/v2\/media?parent=1978945"}],"wp:term":[{"taxonomy":"product_cat","embeddable":true,"href":"https:\/\/eu.tilta.com\/it\/wp-json\/wp\/v2\/product_cat?post=1978945"},{"taxonomy":"product_tag","embeddable":true,"href":"https:\/\/eu.tilta.com\/it\/wp-json\/wp\/v2\/product_tag?post=1978945"}],"curies":[{"name":"wp","href":"https:\/\/api.w.org\/{rel}","templated":true}]}}