{"id":1979248,"date":"2024-05-24T17:07:16","date_gmt":"2024-05-24T15:07:16","guid":{"rendered":"https:\/\/de.tilta.com\/shop\/hydra-electronic-suction-cup-4-5\/"},"modified":"2026-04-26T18:52:10","modified_gmt":"2026-04-26T16:52:10","slug":"electronic-suction-cup-4-5_","status":"publish","type":"product","link":"https:\/\/eu.tilta.com\/it\/shop\/electronic-suction-cup-4-5_\/","title":{"rendered":"Ventosa elettronica Hydra (4,5&#8243;)"},"content":{"rendered":"<p><em>Ti presentiamo la ventosa elettronica Hydra.<\/em><\/p>\n<p>Queste ventose di nuova generazione sono dotate di un sistema di rilevamento della pressione dell&#8217;aria che monitora 1000 volte al secondo per riconoscere e visualizzare le informazioni sullo stato su uno schermo elettronico.<\/p>\n<p>Quando il sistema rileva una perdita di pressione, il motore pompa automaticamente aria supplementare per evitare che le ventose si stacchino.<\/p>\n<p>Questo motore integrato ad alte prestazioni \u00e8 alimentato da una batteria interna e completa l&#8217;aspirazione elettronica in *5 secondi, aumentando notevolmente la velocit\u00e0 con cui queste ventose possono essere attaccate.<\/p>\n<p>La struttura meccanica della ventosa \u00e8 stata migliorata con una struttura ottimizzata che presenta un nuovo design a scomparti.<\/p>\n<p>Questo aumenta l&#8217;area di contatto del 20% rispetto alle ventose standard per una maggiore stabilit\u00e0 e affidabilit\u00e0.<\/p>\n<p>Il design modulare permette di utilizzare diverse piastre di montaggio, il che rende queste ventose facili da usare con diversi sistemi di supporto.<\/p>\n<p>Le opzioni includono il supporto per la filettatura M25 dell&#8217;Hydra Alien, la NATO e l&#8217;opzione Multi-Mount universale per coprire un&#8217;ampia gamma di scenari.<\/p>\n<p>Nota bene: prima dell&#8217;uso, pulisci la superficie prevista e assicurati che la ventosa sia completamente attaccata alla superficie. Una piccola quantit\u00e0 di umidit\u00e0 pu\u00f2 contribuire a migliorare la tenuta e ad aumentare la forza di aspirazione. Quando si utilizza la ventosa su una superficie bagnata, la porta di scarico espelle il liquido, il che \u00e8 normale.<\/p>\n","protected":false},"excerpt":{"rendered":"<p>Ti presentiamo la ventosa elettronica Hydra. Queste ventose di nuova generazione sono dotate di un sistema di rilevamento della pressione dell&#8217;aria che monitora 1000 volte al secondo per riconoscere e visualizzare le informazioni sullo stato su uno schermo elettronico. Quando [&hellip;]<\/p>\n","protected":false},"featured_media":1979255,"comment_status":"closed","ping_status":"closed","template":"","meta":[],"product_cat":[1878,1904,1903,1905,1906,1907],"product_tag":[],"acf":[],"gallery_images":[1979250,1979251,1979252,1979253,1979254],"_links":{"self":[{"href":"https:\/\/eu.tilta.com\/it\/wp-json\/wp\/v2\/product\/1979248"}],"collection":[{"href":"https:\/\/eu.tilta.com\/it\/wp-json\/wp\/v2\/product"}],"about":[{"href":"https:\/\/eu.tilta.com\/it\/wp-json\/wp\/v2\/types\/product"}],"replies":[{"embeddable":true,"href":"https:\/\/eu.tilta.com\/it\/wp-json\/wp\/v2\/comments?post=1979248"}],"wp:featuredmedia":[{"embeddable":true,"href":"https:\/\/eu.tilta.com\/it\/wp-json\/wp\/v2\/media\/1979255"}],"wp:attachment":[{"href":"https:\/\/eu.tilta.com\/it\/wp-json\/wp\/v2\/media?parent=1979248"}],"wp:term":[{"taxonomy":"product_cat","embeddable":true,"href":"https:\/\/eu.tilta.com\/it\/wp-json\/wp\/v2\/product_cat?post=1979248"},{"taxonomy":"product_tag","embeddable":true,"href":"https:\/\/eu.tilta.com\/it\/wp-json\/wp\/v2\/product_tag?post=1979248"}],"curies":[{"name":"wp","href":"https:\/\/api.w.org\/{rel}","templated":true}]}}