{"id":1979380,"date":"2024-04-11T21:00:34","date_gmt":"2024-04-11T19:00:34","guid":{"rendered":"https:\/\/de.tilta.com\/shop\/tilta-75mm-cine-fluid-head-with-2-stage-one-touch-carbon-fiber-tripod-legs-12kg\/"},"modified":"2025-12-05T12:29:16","modified_gmt":"2025-12-05T11:29:16","slug":"tilta-75mm-cine-fluid-head-with-2-stage-one-touch-carbon-fiber-tripod-legs-12kg","status":"publish","type":"product","link":"https:\/\/eu.tilta.com\/it\/shop\/tilta-75mm-cine-fluid-head-with-2-stage-one-touch-carbon-fiber-tripod-legs-12kg\/","title":{"rendered":"Tilta 75mm Cine Fluid Head with 2-Stage One Touch Carbon Fiber Tripod Legs (12KG)"},"content":{"rendered":"<p>Presentiamo la nostra prima serie di treppiedi che integra perfettamente alte prestazioni, alta qualit\u00e0 e alta precisione, creando una soluzione di imaging professionale per utenti di alto livello.<\/p>\n<p>La CT12 \u00e8 dotata di una testa fluida di livello professionale, caratterizzata da una struttura di bilanciamento dinamico e smorzamento di concezione unica.<\/p>\n<p>Il contrappeso supporta fino a 26,5 libbre, con 10 livelli di regolazione dinamica del bilanciamento. Pu\u00f2 ospitare sistemi di telecamere con peso compreso tra 2,2 e 26,5 libbre per mantenere un equilibrio stabile con qualsiasi angolo di inclinazione.<\/p>\n<p>La testa \u00e8 inoltre dotata di una resistenza regolabile su 8 livelli, che ti permette di trovare la resistenza pi\u00f9 comoda per il movimento della fotocamera, sia in inclinazione che in panoramica. Grazie allo smorzamento a pi\u00f9 livelli per l&#8217;inclinazione e alle regolazioni complete dell&#8217;angolo, ogni movimento della videocamera viene eseguito con precisione.<\/p>\n<p>La base panoramica consente una rotazione di 360\u00b0, mentre l&#8217;asse di inclinazione permette movimenti fluidi di 90\u00b0 in avanti e 60\u00b0 all&#8217;indietro. Il ricevitore Drop In Manfrotto consente un montaggio rapido e offre un modo semplice per bilanciare il centro di gravit\u00e0 della fotocamera senza utilizzare una piastra a coda di rondine.<\/p>\n<p>\u00c8 dotato di una luce LED integrata che illumina il livello, rendendo facile la regolazione anche in condizioni di scarsa illuminazione. Il sistema \u00e8 resistente alle alte e alle basse temperature e funziona in un intervallo compreso tra -50\u00b0c e 60\u00b0c \/ -58\u00b0F e 140\u00b0F, garantendo che i tuoi strumenti non ti rallentino in ambienti difficili.<\/p>\n<p>La piastra di fondo panoramica a 360\u00b0 consente di effettuare con facilit\u00e0 riprese orizzontali e panoramiche di ampio respiro e dispone di blocchi indipendenti per la base a 360\u00b0 e per l&#8217;asse di inclinazione, assicurando che l&#8217;attrezzatura rimanga stabile e sicura quando necessario.<\/p>\n<p>Il manico in silicone testurizzato della padella \u00e8 progettato per garantire comfort e facilit\u00e0 d&#8217;uso. Pu\u00f2 essere facilmente sostituita sia sul lato destro che su quello sinistro del treppiede.<\/p>\n<p>Le gambe in fibra di carbonio di nuova concezione possono sopportare fino a 110 libbre, con un&#8217;altezza minima di soli 2,5 piedi e un&#8217;altezza massima di 5,4 piedi.<\/p>\n<p>L&#8217;esclusivo processo di costruzione in carbonio permette al treppiede di sostenere pesi maggiori e offre maggiore stabilit\u00e0 rispetto a quelli costruiti con processi standard in fibra di carbonio.<\/p>\n<p>Le gambe possono ospitare teste di treppiedi da 75 e 100 mm grazie a un adattatore rimovibile e sono dotate di una fibbia di bloccaggio a livello intermedio per una maggiore stabilit\u00e0.<\/p>\n","protected":false},"excerpt":{"rendered":"<p>Presentiamo la nostra prima serie di treppiedi che integra perfettamente alte prestazioni, alta qualit\u00e0 e alta precisione, creando una soluzione di imaging professionale per utenti di alto livello. La CT12 \u00e8 dotata di una testa fluida di livello professionale, caratterizzata [&hellip;]<\/p>\n","protected":false},"featured_media":1979381,"comment_status":"closed","ping_status":"closed","template":"","meta":[],"product_cat":[3231,3898,3384,3254,1868,1840,1744],"product_tag":[],"acf":[],"gallery_images":[1975243,1975244,1975245,1975246,1975247,1975248],"_links":{"self":[{"href":"https:\/\/eu.tilta.com\/it\/wp-json\/wp\/v2\/product\/1979380"}],"collection":[{"href":"https:\/\/eu.tilta.com\/it\/wp-json\/wp\/v2\/product"}],"about":[{"href":"https:\/\/eu.tilta.com\/it\/wp-json\/wp\/v2\/types\/product"}],"replies":[{"embeddable":true,"href":"https:\/\/eu.tilta.com\/it\/wp-json\/wp\/v2\/comments?post=1979380"}],"wp:featuredmedia":[{"embeddable":true,"href":"https:\/\/eu.tilta.com\/it\/wp-json\/wp\/v2\/media\/1979381"}],"wp:attachment":[{"href":"https:\/\/eu.tilta.com\/it\/wp-json\/wp\/v2\/media?parent=1979380"}],"wp:term":[{"taxonomy":"product_cat","embeddable":true,"href":"https:\/\/eu.tilta.com\/it\/wp-json\/wp\/v2\/product_cat?post=1979380"},{"taxonomy":"product_tag","embeddable":true,"href":"https:\/\/eu.tilta.com\/it\/wp-json\/wp\/v2\/product_tag?post=1979380"}],"curies":[{"name":"wp","href":"https:\/\/api.w.org\/{rel}","templated":true}]}}