{"id":1979526,"date":"2024-04-11T20:59:10","date_gmt":"2024-04-11T18:59:10","guid":{"rendered":"https:\/\/de.tilta.com\/shop\/testa-fluida-tilta-75mm-cine-con-gambe-del-treppiede-in-fibra-di-carbonio-a-2-stadi-one-touch-8kg\/"},"modified":"2025-12-05T12:29:47","modified_gmt":"2025-12-05T11:29:47","slug":"75mm-cine-fluid-head-w-one-touch-carbon-fiber-tripod-legs","status":"publish","type":"product","link":"https:\/\/eu.tilta.com\/it\/shop\/75mm-cine-fluid-head-w-one-touch-carbon-fiber-tripod-legs\/","title":{"rendered":"Testa fluida Tilta 75mm Cine con gambe del treppiede in fibra di carbonio a 2 stadi One Touch (8KG)"},"content":{"rendered":"<p>Presentiamo la nostra prima serie di treppiedi che integra perfettamente alte prestazioni, alta qualit\u00e0 e alta precisione, creando una soluzione di imaging professionale per utenti di alto livello.<\/p>\n<p>La testina di livello professionale garantisce prestazioni eccezionali. Realizzato in lega di alluminio per uso aerospaziale e lavorato con precisione CNC, raggiunge un&#8217;elevata precisione e un&#8217;eccellente stabilit\u00e0.<\/p>\n<p>La testa del treppiede supporta un peso compreso tra 2,2 e 17,5 libbre e il contrappeso ha 8 livelli di regolazione del contrappeso, per garantire un equilibrio perfetto per i sistemi che rientrano nei requisiti di peso.<\/p>\n<p>La testina \u00e8 dotata di 4 livelli di resistenza regolabili, che garantiscono un funzionamento confortevole per una serie di sistemi diversi. Lo smorzamento fluido garantisce movimenti fluidi in orizzontale e in verticale, creando facilmente un&#8217;atmosfera cinematografica.<\/p>\n<p>La testa include nativamente una piastra a sgancio rapido Manfrotto, ma \u00e8 anche compatibile con le piastre a sgancio rapido DJI-Standard Arca-Swiss, eliminando la necessit\u00e0 di sostituire le piastre a sgancio rapido quando si passa ai gimbal, migliorando notevolmente l&#8217;efficienza.<\/p>\n<p>Costruito con materiali di alta qualit\u00e0 che garantiscono un&#8217;ottima sensazione e affidabilit\u00e0, assicurando un contrappeso dinamico uniforme per l&#8217;asse di inclinazione.<\/p>\n<p>Questo kit utilizza gambe telescopiche a 2 stadi che possono essere regolate a diverse altezze con un unico blocco per ogni gamba. In questo modo gli utenti non dovranno pi\u00f9 bloccare e sbloccare singolarmente ogni tappa e potranno regolare rapidamente l&#8217;altezza da 5,1&#8243; a 70,8\u2033.<\/p>\n<p>Le gambe in fibra di carbonio sono costruite con un esclusivo rivestimento rinforzato in fibra di carbonio e hanno un diametro di 36 mm. Pu\u00f2 supportare fino a 110 libbre, una resistenza superiore a quella dei processi tradizionali in fibra di carbonio.<\/p>\n<p>Il sistema \u00e8 resistente alle alte e alle basse temperature e pu\u00f2 operare in un range compreso tra 140\u00b0F e -40\u00b0F, garantendo che i tuoi strumenti non ti rallentino in ambienti difficili.<\/p>\n<p>Le filettature riservate da \u00bc-20 e \u215c-16 sul lato del treppiede possono essere utilizzate per supportare attrezzature pesanti come le gimbal o per montare accessori pi\u00f9 piccoli come luci, morsetti per tablet, morsetti per telefoni, ecc.<\/p>\n<p>Questo treppiede \u00e8 dotato di una ciotola di dimensioni standard da 75 mm che \u00e8 compatibile con altri treppiedi, teste, slider e cos\u00ec via. Il treppiede adotta un sistema di bloccaggio con fibbia a 2 stadi, pi\u00f9 veloce e resistente rispetto ai tradizionali sistemi di bloccaggio ad anello.<\/p>\n","protected":false},"excerpt":{"rendered":"<p>Presentiamo la nostra prima serie di treppiedi che integra perfettamente alte prestazioni, alta qualit\u00e0 e alta precisione, creando una soluzione di imaging professionale per utenti di alto livello. La testina di livello professionale garantisce prestazioni eccezionali. Realizzato in lega di [&hellip;]<\/p>\n","protected":false},"featured_media":1979530,"comment_status":"closed","ping_status":"closed","template":"","meta":[],"product_cat":[3254],"product_tag":[],"acf":[],"gallery_images":[1975378,1975379,1975380,1975264,1975246,1975248],"_links":{"self":[{"href":"https:\/\/eu.tilta.com\/it\/wp-json\/wp\/v2\/product\/1979526"}],"collection":[{"href":"https:\/\/eu.tilta.com\/it\/wp-json\/wp\/v2\/product"}],"about":[{"href":"https:\/\/eu.tilta.com\/it\/wp-json\/wp\/v2\/types\/product"}],"replies":[{"embeddable":true,"href":"https:\/\/eu.tilta.com\/it\/wp-json\/wp\/v2\/comments?post=1979526"}],"wp:featuredmedia":[{"embeddable":true,"href":"https:\/\/eu.tilta.com\/it\/wp-json\/wp\/v2\/media\/1979530"}],"wp:attachment":[{"href":"https:\/\/eu.tilta.com\/it\/wp-json\/wp\/v2\/media?parent=1979526"}],"wp:term":[{"taxonomy":"product_cat","embeddable":true,"href":"https:\/\/eu.tilta.com\/it\/wp-json\/wp\/v2\/product_cat?post=1979526"},{"taxonomy":"product_tag","embeddable":true,"href":"https:\/\/eu.tilta.com\/it\/wp-json\/wp\/v2\/product_tag?post=1979526"}],"curies":[{"name":"wp","href":"https:\/\/api.w.org\/{rel}","templated":true}]}}