{"id":1979617,"date":"2024-04-10T21:04:05","date_gmt":"2024-04-10T19:04:05","guid":{"rendered":"https:\/\/de.tilta.com\/shop\/khronos-iphone-15-pro-pro-max-ultimate-kit\/"},"modified":"2026-04-15T03:50:25","modified_gmt":"2026-04-15T01:50:25","slug":"khronos-iphone-15-pro-pro-max-ultimate-kit_","status":"publish","type":"product","link":"https:\/\/eu.tilta.com\/it\/shop\/khronos-iphone-15-pro-pro-max-ultimate-kit_\/","title":{"rendered":"Kit definitivo iPhone 15 Pro \/ Pro Max di Khronos"},"content":{"rendered":"<p>Ti presentiamo il kit Khronos Ultimate per iPhone 15 Pro \/ Pro Max, la nuova generazione di riprese mobili.<\/p>\n<p>Progettata meticolosamente per entrambi i modelli di iPhone 15, questa custodia per smartphone ispirata alla gabbia della fotocamera offre un mix impareggiabile di funzionalit\u00e0 ed eleganza. Costruita per proteggere il tuo telefono dall&#8217;usura quotidiana, la custodia Khronos offre una protezione affidabile senza compromettere lo stile o la funzionalit\u00e0. L&#8217;installazione richiede quattro viti che assicurano che la custodia e gli eventuali accessori collegati rimangano saldamente fissati.<\/p>\n<p>Dotato di pi\u00f9 punti di montaggio, l&#8217;innovativo meccanismo di bloccaggio del morsetto garantisce un collegamento sicuro per gli accessori aggiuntivi. La custodia Khronos \u00e8 dotata di punti di contatto elettronici integrati, che ti permettono di far passare l&#8217;energia attraverso la gabbia per alimentare i tuoi accessori.<\/p>\n<p>Nel kit Ultimate \u00e8 inclusa l&#8217;impugnatura Khronos Focus PD che fornisce ulteriore potenza al sistema e offre un maggiore controllo sulle funzionalit\u00e0 di messa a fuoco e zoom dell&#8217;iPhone. Questo manico utilizza lo stesso innovativo meccanismo di bloccaggio degli altri accessori Khronos e dispone di una batteria interna che pu\u00f2 essere ricaricata tramite USB-C.<\/p>\n<p>L&#8217;impugnatura si collega a un iPhone 15 tramite un cavo USB-C integrato e utilizza il bluetooth per controllare la messa a fuoco o lo zoom tramite la ghiera sulla parte anteriore dell&#8217;impugnatura. Inoltre, il pulsante di registrazione assicura che gli utenti non debbano lasciare la maniglia per avviare la registrazione.<\/p>\n<p>L&#8217;impugnatura circolare in legno \u00e8 un&#8217;opzione alternativa per il funzionamento e dispone di una guida NATO integrata per il montaggio di accessori pi\u00f9 tradizionali. Il manico in legno \u00e8 dotato di una piccola girella che permette di ruotare il manico per posizionarlo nella configurazione pi\u00f9 comoda per un colpo o un setup specifico.<\/p>\n<p>Il kit include anche il sistema di raffreddamento per Khronos, dotato di un dissipatore di calore a frequenza variabile da 22W. Basta collegarsi a una fonte di alimentazione esterna tramite USB-C o utilizzare l&#8217;alimentazione della maniglia inclusa per caricare contemporaneamente il tuo iPhone e mantenerlo in temperatura, sfruttando la connessione magnetica wireless MagSafe.<\/p>\n<p>Il kit include anche un Hub USB-C che si collega all&#8217;iPhone tramite USB-C e amplia le opzioni di connessione di unit\u00e0 esterne e monitor esterni tramite una porta HDMI. La parte inferiore di questo Hub USB-C presenta una piastra a sgancio rapido ARCA integrata, che lo rende ideale per il montaggio su treppiedi o gimbal.<\/p>\n<p>Questo kit include anche una mini luce LED Daylight che pu\u00f2 essere montata in pi\u00f9 posizioni sulla cassa. La lampada ha un CRI \u226595RA e dispone di 3 livelli di luminosit\u00e0 e di un supporto regolabile.<\/p>\n<p>La piastra a sgancio rapido ARCA assicura che il sistema si monti rapidamente sui treppiedi ARCA compatibili e sui gimbal DJI quando non si utilizza l&#8217;hub USB-C. Il supporto per unit\u00e0 SSD \u00e8 una comoda opzione per montare le unit\u00e0 a stato solido e registrare esternamente.<\/p>\n<p>Il vassoio per filtri si monta facilmente sulla custodia Khronos tramite un collegamento magnetico sicuro e dispone di un supporto girevole che permette al vassoio di cadere in posizione su tutte e tre le lenti dell&#8217;iPhone 15 Pro\/Pro Max.<\/p>\n<p>I filtri ND inclusi forniscono un maggiore controllo sull&#8217;esposizione, consentendo agli utenti di ridurre la luce visibile al sensore, il che aiuta anche a mantenere la velocit\u00e0 dell&#8217;otturatore costante quando si scatta in ambienti con luce pi\u00f9 intensa, come la luce del giorno. I filtri Mist possono essere utilizzati anche per creare un&#8217;immagine pi\u00f9 diffusa e morbida.<\/p>\n<p>Derivato dalla parola greca &#8220;tempo&#8221;, il nome &#8220;Khronos&#8221; racchiude un concetto profondo. Pi\u00f9 che una semplice custodia per il telefono, serve a conservare i ricordi pi\u00f9 cari condivisi tra famiglie, amici e persone care.<\/p>\n","protected":false},"excerpt":{"rendered":"<p>Ti presentiamo il kit Khronos Ultimate per iPhone 15 Pro \/ Pro Max, la nuova generazione di riprese mobili. Progettata meticolosamente per entrambi i modelli di iPhone 15, questa custodia per smartphone ispirata alla gabbia della fotocamera offre un mix [&hellip;]<\/p>\n","protected":false},"featured_media":1979623,"comment_status":"closed","ping_status":"closed","template":"","meta":[],"product_cat":[3494,2415],"product_tag":[],"acf":[],"gallery_images":[1979624,1979625,1979626,1979504,1979506,1979508,1979510],"_links":{"self":[{"href":"https:\/\/eu.tilta.com\/it\/wp-json\/wp\/v2\/product\/1979617"}],"collection":[{"href":"https:\/\/eu.tilta.com\/it\/wp-json\/wp\/v2\/product"}],"about":[{"href":"https:\/\/eu.tilta.com\/it\/wp-json\/wp\/v2\/types\/product"}],"replies":[{"embeddable":true,"href":"https:\/\/eu.tilta.com\/it\/wp-json\/wp\/v2\/comments?post=1979617"}],"wp:featuredmedia":[{"embeddable":true,"href":"https:\/\/eu.tilta.com\/it\/wp-json\/wp\/v2\/media\/1979623"}],"wp:attachment":[{"href":"https:\/\/eu.tilta.com\/it\/wp-json\/wp\/v2\/media?parent=1979617"}],"wp:term":[{"taxonomy":"product_cat","embeddable":true,"href":"https:\/\/eu.tilta.com\/it\/wp-json\/wp\/v2\/product_cat?post=1979617"},{"taxonomy":"product_tag","embeddable":true,"href":"https:\/\/eu.tilta.com\/it\/wp-json\/wp\/v2\/product_tag?post=1979617"}],"curies":[{"name":"wp","href":"https:\/\/api.w.org\/{rel}","templated":true}]}}