{"id":1979910,"date":"2024-04-10T20:59:54","date_gmt":"2024-04-10T18:59:54","guid":{"rendered":"https:\/\/de.tilta.com\/shop\/maniglia-khronos-focus-pd-per-iphone\/"},"modified":"2026-04-15T03:50:51","modified_gmt":"2026-04-15T01:50:51","slug":"khronos-focus-pd-handle-for-iphone","status":"publish","type":"product","link":"https:\/\/eu.tilta.com\/it\/shop\/khronos-focus-pd-handle-for-iphone\/","title":{"rendered":"Maniglia Khronos Focus PD per iPhone"},"content":{"rendered":"<p>L&#8217;impugnatura Khronos Focus PD per iPhone \u00e8 l&#8217;accessorio definitivo per fornire potenza aggiuntiva al tuo sistema e offre un maggiore controllo sulle funzionalit\u00e0 Focus e Zoom dell&#8217;iPhone.<\/p>\n<p>Questo accessorio utilizza lo stesso innovativo meccanismo di bloccaggio degli altri accessori Khronos. Pu\u00f2 essere facilmente collegato a qualsiasi punto di montaggio della custodia dello smartphone premendo il pulsante di rilascio, allineando i perni e rilasciando il pulsante una volta posizionato.<\/p>\n<p>L&#8217;impugnatura \u00e8 dotata di una batteria interna che pu\u00f2 essere ricaricata tramite USB-C e pu\u00f2 fornire energia alla custodia Khronos, necessaria quando si utilizzano accessori come il mini pannello LED o il modulo di raffreddamento.<\/p>\n<p>L&#8217;impugnatura si collega a un iPhone 15 tramite un cavo USB-C integrato e utilizza il bluetooth per controllare la messa a fuoco o lo zoom tramite la ghiera sulla parte anteriore dell&#8217;impugnatura.<\/p>\n<p>Questo offre un maggiore controllo su entrambe le funzioni e permette agli utenti di cambiare lentamente la messa a fuoco senza dover toccare lo schermo e saltare a un nuovo punto focale.<\/p>\n<p>L&#8217;impugnatura garantisce inoltre una maggiore stabilit\u00e0 durante l&#8217;utilizzo del sistema e il pulsante di registrazione fa s\u00ec che gli utenti non debbano lasciare l&#8217;impugnatura per avviare la registrazione.<\/p>\n<p>Disponibile nei sofisticati colori Space Grey ed elegante Titanium White, per abbinarsi alla custodia Khronos e completare il design del tuo iPhone aggiungendo un tocco di stile.<\/p>\n","protected":false},"excerpt":{"rendered":"<p>L&#8217;impugnatura Khronos Focus PD per iPhone \u00e8 l&#8217;accessorio definitivo per fornire potenza aggiuntiva al tuo sistema e offre un maggiore controllo sulle funzionalit\u00e0 Focus e Zoom dell&#8217;iPhone. Questo accessorio utilizza lo stesso innovativo meccanismo di bloccaggio degli altri accessori Khronos. [&hellip;]<\/p>\n","protected":false},"featured_media":1979918,"comment_status":"closed","ping_status":"closed","template":"","meta":[],"product_cat":[3494,3361,4496,4212,2415],"product_tag":[],"acf":[],"gallery_images":[1979920,1979797,1979798,1979800,1979802],"_links":{"self":[{"href":"https:\/\/eu.tilta.com\/it\/wp-json\/wp\/v2\/product\/1979910"}],"collection":[{"href":"https:\/\/eu.tilta.com\/it\/wp-json\/wp\/v2\/product"}],"about":[{"href":"https:\/\/eu.tilta.com\/it\/wp-json\/wp\/v2\/types\/product"}],"replies":[{"embeddable":true,"href":"https:\/\/eu.tilta.com\/it\/wp-json\/wp\/v2\/comments?post=1979910"}],"wp:featuredmedia":[{"embeddable":true,"href":"https:\/\/eu.tilta.com\/it\/wp-json\/wp\/v2\/media\/1979918"}],"wp:attachment":[{"href":"https:\/\/eu.tilta.com\/it\/wp-json\/wp\/v2\/media?parent=1979910"}],"wp:term":[{"taxonomy":"product_cat","embeddable":true,"href":"https:\/\/eu.tilta.com\/it\/wp-json\/wp\/v2\/product_cat?post=1979910"},{"taxonomy":"product_tag","embeddable":true,"href":"https:\/\/eu.tilta.com\/it\/wp-json\/wp\/v2\/product_tag?post=1979910"}],"curies":[{"name":"wp","href":"https:\/\/api.w.org\/{rel}","templated":true}]}}