{"id":1980417,"date":"2024-04-01T20:07:48","date_gmt":"2024-04-01T18:07:48","guid":{"rendered":"https:\/\/de.tilta.com\/shop\/hydra-arm-motorized-slider\/"},"modified":"2025-12-05T12:33:50","modified_gmt":"2025-12-05T11:33:50","slug":"hydra-motorized-slider-pro-kit","status":"publish","type":"product","link":"https:\/\/eu.tilta.com\/it\/shop\/hydra-motorized-slider-pro-kit\/","title":{"rendered":"Slider motorizzato a braccio Hydra"},"content":{"rendered":"<p><em>Ti presentiamo lo Slider motorizzato Hydra, l&#8217;ultimo arrivato nella famiglia dei supporti per auto Hydra.<\/em><\/p>\n<p>Il sistema si monta su un veicolo tramite un gancio di traino o un adattatore per ganci e utilizza un binario Speed Rail da 50 mm con ventose per fornire un ulteriore supporto. Il sistema pu\u00f2 anche essere facilmente integrato in veicoli speciali unici come il Can-Am Maverick X3, ecc.<\/p>\n<p>Il braccio e il cursore ammortizzato sono realizzati con cura in lega di alluminio aerospaziale e acciaio inossidabile 304. Progettato per resistere a condizioni climatiche estreme, l&#8217;Hydra funziona perfettamente a temperature che vanno da -22\u2109 a 176\u2109, garantendo resistenza a vento, pioggia e neve.<\/p>\n<p>Dotata di una maniglia di controllo e di un terminale di controllo, Hydra offre funzionalit\u00e0 flessibili di funzionamento a distanza. Sia con cavo che senza, gli utenti possono controllare il movimento del cursore dall&#8217;interno del veicolo con estrema facilit\u00e0.<\/p>\n<p>Grazie a queste opzioni di controllo, gli utenti possono regolare la velocit\u00e0, lo smorzamento, impostare i punti A\/B e programmare il cursore in modo che raggiunga questi punti a intervalli di tempo specifici senza che l&#8217;utente lo inserisca. Inoltre, il sistema supporta aggiornamenti futuri del firmware.<\/p>\n<p>Nonostante la sua struttura robusta, l&#8217;Hydra \u00e8 stata progettata pensando alla portabilit\u00e0. Lo slider pesa 110,2 libbre e si adatta comodamente a tre custodie relativamente compatte. In questo modo \u00e8 possibile riporre e trasportare facilmente il prodotto nella maggior parte dei camion o dei SUV, assicurandoti di essere sempre pronto per le riprese successive.<\/p>\n<p>Alimentato da sole quattro batterie V-Mount da 14,8 V, l&#8217;Hydra Slider \u00e8 incredibilmente efficiente. Con quattro batterie da 270Wh (18600mAh), gli utenti possono godersi un&#8217;intera giornata di riprese senza dover sostituire le batterie. (in condizioni di ripresa normali, la durata della batteria pu\u00f2 variare)<\/p>\n<p>Questo slider pu\u00f2 passare dal punto pi\u00f9 alto a quello pi\u00f9 basso in soli 4 secondi. Scende a una velocit\u00e0 di 1,4 piedi al secondo, assicurandoti di catturare scatti dinamici senza sforzo.<\/p>\n<p>Il braccio ammortizzante pu\u00f2 smorzare le vibrazioni su pi\u00f9 assi e supporta fino a 66 libbre. La testa ammortizzata \u00e8 dotata di una piastra di montaggio per il DJI Ronin 2 che la rende perfetta per il gimbal.<\/p>\n<p>Se utilizzato con gli accessori opzionali, il sistema pu\u00f2 essere montato sul tetto di un veicolo senza il braccio ammortizzatore per scopi di trasmissione come maratone o eventi ciclistici.<\/p>\n<p><strong>NOTA: il Kit Pro non include gli accessori necessari per questa configurazione broadcast. Contatta il nostro team di vendita per maggiori informazioni su questa configurazione e sugli accessori opzionali: sales-de@tilta.com<br \/>\n<\/strong><\/p>\n","protected":false},"excerpt":{"rendered":"<p>Ti presentiamo lo Slider motorizzato Hydra, l&#8217;ultimo arrivato nella famiglia dei supporti per auto Hydra. Il sistema si monta su un veicolo tramite un gancio di traino o un adattatore per ganci e utilizza un binario Speed Rail da 50 [&hellip;]<\/p>\n","protected":false},"featured_media":1980431,"comment_status":"closed","ping_status":"closed","template":"","meta":[],"product_cat":[1870],"product_tag":[],"acf":[],"gallery_images":[1980432,1980433,1980435,1980436,1980437,1980438,1980439,1980440,1980441,1980442,1980443],"_links":{"self":[{"href":"https:\/\/eu.tilta.com\/it\/wp-json\/wp\/v2\/product\/1980417"}],"collection":[{"href":"https:\/\/eu.tilta.com\/it\/wp-json\/wp\/v2\/product"}],"about":[{"href":"https:\/\/eu.tilta.com\/it\/wp-json\/wp\/v2\/types\/product"}],"replies":[{"embeddable":true,"href":"https:\/\/eu.tilta.com\/it\/wp-json\/wp\/v2\/comments?post=1980417"}],"wp:featuredmedia":[{"embeddable":true,"href":"https:\/\/eu.tilta.com\/it\/wp-json\/wp\/v2\/media\/1980431"}],"wp:attachment":[{"href":"https:\/\/eu.tilta.com\/it\/wp-json\/wp\/v2\/media?parent=1980417"}],"wp:term":[{"taxonomy":"product_cat","embeddable":true,"href":"https:\/\/eu.tilta.com\/it\/wp-json\/wp\/v2\/product_cat?post=1980417"},{"taxonomy":"product_tag","embeddable":true,"href":"https:\/\/eu.tilta.com\/it\/wp-json\/wp\/v2\/product_tag?post=1980417"}],"curies":[{"name":"wp","href":"https:\/\/api.w.org\/{rel}","templated":true}]}}