{"id":1980658,"date":"2024-02-03T00:02:42","date_gmt":"2024-02-02T23:02:42","guid":{"rendered":"https:\/\/de.tilta.com\/shop\/camera-cage-for-sony-burano-advanced-kit\/"},"modified":"2025-12-05T12:34:06","modified_gmt":"2025-12-05T11:34:06","slug":"camera-cage-for-sony-burano-advanced-kit","status":"publish","type":"product","link":"https:\/\/eu.tilta.com\/it\/shop\/camera-cage-for-sony-burano-advanced-kit\/","title":{"rendered":"Camera Cage for Sony BURANO Advanced Kit"},"content":{"rendered":"<p><em>Ti presentiamo il kit di gabbie per fotocamere professionali per la Sony BURANO<\/em><\/p>\n<p>La base di questo kit \u00e8 la Full Camera Cage, che fornisce un&#8217;armatura protettiva per il corpo macchina e permette di montare vari accessori per migliorare la funzionalit\u00e0 della fotocamera.<\/p>\n<p>Questa gabbia per videocamera \u00e8 dotata di diversi punti di montaggio, tra cui rosette Arri, supporti per aste da 15 mm, filettature da 1\/4\u2033-20 e 3\/8\u2033-16, entrambi con punti di aggancio.<\/p>\n<p>Le rosette Arri Standard sono posizionate in modo da essere identiche a quelle del corpo macchina originale e sono compatibili con l&#8217;impugnatura di controllo originale.<\/p>\n<p>Il supporto per asta da 15 mm pu\u00f2 essere montato sulla piastra superiore o sui bracci laterali, offrendo cos\u00ec opzioni flessibili per i motori di controllo dell&#8217;obiettivo, i supporti per l&#8217;obiettivo e le configurazioni verticali della fotocamera.<\/p>\n<p>La piastra di base LWS da 15 mm e le doppie aste da 15 mm incluse consentono agli utenti di montare accessori basati su aste, come matte box e sistemi di follow focus, mentre la parte inferiore di questa piastra di base si collega alle nostre code di rondine Tilta e presenta filettature da 1\/4\u2033-20 e 3\/8\u2033-16.<\/p>\n<p>Questa gabbia include anche una piastra di montaggio laterale che supporta la regolazione dell&#8217;altezza e dell&#8217;angolo e che pu\u00f2 essere fissata a pi\u00f9 punti di montaggio sulla piastra superiore per estendere la funzionalit\u00e0 di questa piastra.<\/p>\n<p>La piastra superiore presenta anche un alloggiamento dedicato per l&#8217;impugnatura superiore inclusa, compatibile anche con l&#8217;impugnatura superiore originale della fotocamera. La maniglia superiore inclusa offre diversi punti di montaggio e migliora le opzioni di gestione del sistema.<\/p>\n<p>L&#8217;attacco ad asta da 15 mm offre un modo pratico per montare la staffa EVF ruotabile inclusa, che consente una maggiore flessibilit\u00e0 per inclinare e ruotare il mirino elettronico della fotocamera.<\/p>\n<p>La piastra per batterie inclusa nella confezione consente di adattare la piastra per batterie V-Mount di Burano a una piastra per batterie Gold Mount o V-Mount con uscite di alimentazione aggiuntive.<\/p>\n<p>Questa piastra per batterie include le seguenti uscite di potenza:<\/p>\n<p>(1) Ingresso DC LEMO a 6 pin (12V-28V)<br \/>\n(1) Porta P-Tap (14,8V 3,8A)<br \/>\n(1) Porta USB-C ( PD3.1 65W )<br \/>\n(1) Fischer Lemo a 3 pin (24V 3 A)<br \/>\n(1) Fischer Lemo a 3 pin (14,8 V 3,8 A)<br \/>\n(1) Lemo a 2 pin (14,8 V 3 A)<\/p>\n<p>\u00c8 incluso anche il Mini Kit di attrezzi multifunzionali, un set di attrezzi compatto, resistente e versatile progettato per le gabbie e i sistemi di supporto delle telecamere, con sei attrezzi universali.<\/p>\n","protected":false},"excerpt":{"rendered":"<p>Ti presentiamo il kit di gabbie per fotocamere professionali per la Sony BURANO La base di questo kit \u00e8 la Full Camera Cage, che fornisce un&#8217;armatura protettiva per il corpo macchina e permette di montare vari accessori per migliorare la [&hellip;]<\/p>\n","protected":false},"featured_media":1980668,"comment_status":"closed","ping_status":"closed","template":"","meta":[],"product_cat":[1868],"product_tag":[],"acf":[],"gallery_images":[1974843,1974844,1974788,1974783,1974789],"_links":{"self":[{"href":"https:\/\/eu.tilta.com\/it\/wp-json\/wp\/v2\/product\/1980658"}],"collection":[{"href":"https:\/\/eu.tilta.com\/it\/wp-json\/wp\/v2\/product"}],"about":[{"href":"https:\/\/eu.tilta.com\/it\/wp-json\/wp\/v2\/types\/product"}],"replies":[{"embeddable":true,"href":"https:\/\/eu.tilta.com\/it\/wp-json\/wp\/v2\/comments?post=1980658"}],"wp:featuredmedia":[{"embeddable":true,"href":"https:\/\/eu.tilta.com\/it\/wp-json\/wp\/v2\/media\/1980668"}],"wp:attachment":[{"href":"https:\/\/eu.tilta.com\/it\/wp-json\/wp\/v2\/media?parent=1980658"}],"wp:term":[{"taxonomy":"product_cat","embeddable":true,"href":"https:\/\/eu.tilta.com\/it\/wp-json\/wp\/v2\/product_cat?post=1980658"},{"taxonomy":"product_tag","embeddable":true,"href":"https:\/\/eu.tilta.com\/it\/wp-json\/wp\/v2\/product_tag?post=1980658"}],"curies":[{"name":"wp","href":"https:\/\/api.w.org\/{rel}","templated":true}]}}