{"id":1980963,"date":"2024-02-03T00:00:40","date_gmt":"2024-02-02T23:00:40","guid":{"rendered":"https:\/\/de.tilta.com\/shop\/full-camera-cage-plus-for-sony-burano\/"},"modified":"2025-12-05T12:34:58","modified_gmt":"2025-12-05T11:34:58","slug":"full-camera-cage-plus-for-sony-burano","status":"publish","type":"product","link":"https:\/\/eu.tilta.com\/it\/shop\/full-camera-cage-plus-for-sony-burano\/","title":{"rendered":"Gabbia per fotocamera completa Plus per Sony BURANO"},"content":{"rendered":"<p>Questa gabbia completa per fotocamera offre un&#8217;armatura protettiva per il corpo macchina e permette di montare vari accessori per migliorare la funzionalit\u00e0 della fotocamera.<\/p>\n<p>Questa gabbia per videocamera \u00e8 dotata di diversi punti di montaggio, tra cui rosette standard Arri, supporti per aste da 15 mm, filettature da 1\/4\u2033-20 e 3\/8\u2033-16, entrambi con punti di aggancio.<\/p>\n<p>Le rosette Arri Standard sono posizionate in modo da essere identiche a quelle del corpo macchina originale e sono compatibili con l&#8217;impugnatura di controllo originale.<\/p>\n<p>Il supporto per asta da 15 mm pu\u00f2 essere montato sulla piastra superiore o sui bracci laterali, che offrono opzioni flessibili per i motori di controllo dell&#8217;obiettivo, nonch\u00e9 per i supporti dell&#8217;obiettivo e le configurazioni verticali della telecamera.<\/p>\n<p>La piastra di base LWS da 15 mm e le doppie aste da 15 mm incluse consentono agli utenti di montare accessori basati su aste, come matte box e sistemi di follow focus, mentre la parte inferiore di questa piastra di base si collega alle nostre code di rondine Tilta e presenta filettature da 1\/4\u2033-20 e 3\/8\u2033-16.<\/p>\n<p>Questa gabbia include anche una piastra di montaggio laterale che consente di regolare l&#8217;altezza e l&#8217;angolazione. Pu\u00f2 essere fissata a pi\u00f9 punti di montaggio della piastra superiore per estenderne la funzionalit\u00e0.<\/p>\n<p>La piastra superiore presenta anche un alloggiamento dedicato all&#8217;impugnatura superiore originale della fotocamera. La maniglia superiore inclusa offre diversi punti di montaggio e migliora le opzioni di gestione del sistema.<\/p>\n<p>\u00c8 incluso anche il Mini Kit di attrezzi multifunzionali, un set di attrezzi compatto, resistente e versatile progettato per le gabbie e i sistemi di supporto delle telecamere, con sei attrezzi universali.<\/p>\n<p>La gabbia della videocamera \u00e8 realizzata in lega di alluminio ad alta funzionalit\u00e0 della serie 7000, leggera e resistente.<\/p>\n<p>&nbsp;<\/p>\n","protected":false},"excerpt":{"rendered":"<p>Questa gabbia completa per fotocamera offre un&#8217;armatura protettiva per il corpo macchina e permette di montare vari accessori per migliorare la funzionalit\u00e0 della fotocamera. Questa gabbia per videocamera \u00e8 dotata di diversi punti di montaggio, tra cui rosette standard Arri, [&hellip;]<\/p>\n","protected":false},"featured_media":1980974,"comment_status":"closed","ping_status":"closed","template":"","meta":[],"product_cat":[1868],"product_tag":[],"acf":[],"gallery_images":[1980975,1980976,1980673,1980677,1980687,1980977,1980978,1980979,1980980,1980981],"_links":{"self":[{"href":"https:\/\/eu.tilta.com\/it\/wp-json\/wp\/v2\/product\/1980963"}],"collection":[{"href":"https:\/\/eu.tilta.com\/it\/wp-json\/wp\/v2\/product"}],"about":[{"href":"https:\/\/eu.tilta.com\/it\/wp-json\/wp\/v2\/types\/product"}],"replies":[{"embeddable":true,"href":"https:\/\/eu.tilta.com\/it\/wp-json\/wp\/v2\/comments?post=1980963"}],"wp:featuredmedia":[{"embeddable":true,"href":"https:\/\/eu.tilta.com\/it\/wp-json\/wp\/v2\/media\/1980974"}],"wp:attachment":[{"href":"https:\/\/eu.tilta.com\/it\/wp-json\/wp\/v2\/media?parent=1980963"}],"wp:term":[{"taxonomy":"product_cat","embeddable":true,"href":"https:\/\/eu.tilta.com\/it\/wp-json\/wp\/v2\/product_cat?post=1980963"},{"taxonomy":"product_tag","embeddable":true,"href":"https:\/\/eu.tilta.com\/it\/wp-json\/wp\/v2\/product_tag?post=1980963"}],"curies":[{"name":"wp","href":"https:\/\/api.w.org\/{rel}","templated":true}]}}