{"id":1981411,"date":"2024-01-10T15:28:16","date_gmt":"2024-01-10T14:28:16","guid":{"rendered":"https:\/\/de.tilta.com\/shop\/gabbia-completa-per-bmcc-6k-nero\/"},"modified":"2025-12-05T12:35:33","modified_gmt":"2025-12-05T11:35:33","slug":"full-camera-cage-for-bmcc-6k-black","status":"publish","type":"product","link":"https:\/\/eu.tilta.com\/it\/shop\/full-camera-cage-for-bmcc-6k-black\/","title":{"rendered":"Gabbia completa per BMCC 6K &#8211; Nero"},"content":{"rendered":"<p><em>Ti presentiamo la nuova gabbia per la Blackmagic Cinema Camera 6K!  <\/em><\/p>\n<p>Questa gabbia per la BMCC 6K (Full Frame) offre un&#8217;armatura protettiva per il corpo macchina e permette agli utenti di fissare diversi accessori per migliorare la funzionalit\u00e0 della fotocamera.<\/p>\n<p>Questa versione aggiornata presenta una piastra superiore che si allinea perfettamente con la filettatura da 1\/4\u2033-20 presente sulla parte superiore del corpo macchina Full Frame, attualmente non compatibile con la versione precedente di questa gabbia.<\/p>\n<p>Il nuovo design prevede anche due viti per collegare la gabbia alla parte inferiore della fotocamera, creando cos\u00ec tre punti di contatto incredibilmente sicuri.<\/p>\n<p>La gabbia completa offre diverse filettature da 1\/4&#8243;-20 con punti di posizionamento, ricevitori cold shoe, una rosetta compatibile Arri e una guida NATO per le impugnature laterali e gli accessori basati su NATO.<\/p>\n<p>Il modulo del braccio destro pu\u00f2 essere rimosso per trasformare questa Full Cage in una Half Cage, che offre una maggiore flessibilit\u00e0 nelle situazioni in cui \u00e8 necessaria una struttura pi\u00f9 leggera, ad esempio quando si utilizza un gimbal.<\/p>\n<p>La piastra inferiore offre diversi punti di montaggio da 1\/4\u2033-20 per fissare la fotocamera a varie piastre a sgancio rapido ed \u00e8 compatibile con il ricevitore ARCA del DJI RS3 Pro.<\/p>\n<p>Quando si utilizza la mezza gabbia, la piastra inferiore pu\u00f2 essere estesa per sostenere il Battery Grip di Black Magic Design.<\/p>\n<p><strong>NOTA BENE: il supporto per asta Battery Grip 15 mm non \u00e8 incluso nella gabbia per fotocamera completa.  <\/strong><\/p>\n<p><b>L&#8217;EVF BMD NON supera completamente la piastra superiore della gabbia. Fai attenzione per evitare di danneggiare l&#8217;EVF.  <\/b><\/p>\n","protected":false},"excerpt":{"rendered":"<p>Ti presentiamo la nuova gabbia per la Blackmagic Cinema Camera 6K! Questa gabbia per la BMCC 6K (Full Frame) offre un&#8217;armatura protettiva per il corpo macchina e permette agli utenti di fissare diversi accessori per migliorare la funzionalit\u00e0 della fotocamera. [&hellip;]<\/p>\n","protected":false},"featured_media":1981414,"comment_status":"closed","ping_status":"closed","template":"","meta":[],"product_cat":[1840],"product_tag":[],"acf":[],"gallery_images":[1956560,1956559,1956570,1956571,1956567],"_links":{"self":[{"href":"https:\/\/eu.tilta.com\/it\/wp-json\/wp\/v2\/product\/1981411"}],"collection":[{"href":"https:\/\/eu.tilta.com\/it\/wp-json\/wp\/v2\/product"}],"about":[{"href":"https:\/\/eu.tilta.com\/it\/wp-json\/wp\/v2\/types\/product"}],"replies":[{"embeddable":true,"href":"https:\/\/eu.tilta.com\/it\/wp-json\/wp\/v2\/comments?post=1981411"}],"wp:featuredmedia":[{"embeddable":true,"href":"https:\/\/eu.tilta.com\/it\/wp-json\/wp\/v2\/media\/1981414"}],"wp:attachment":[{"href":"https:\/\/eu.tilta.com\/it\/wp-json\/wp\/v2\/media?parent=1981411"}],"wp:term":[{"taxonomy":"product_cat","embeddable":true,"href":"https:\/\/eu.tilta.com\/it\/wp-json\/wp\/v2\/product_cat?post=1981411"},{"taxonomy":"product_tag","embeddable":true,"href":"https:\/\/eu.tilta.com\/it\/wp-json\/wp\/v2\/product_tag?post=1981411"}],"curies":[{"name":"wp","href":"https:\/\/api.w.org\/{rel}","templated":true}]}}