{"id":1981529,"date":"2024-01-05T09:20:53","date_gmt":"2024-01-05T08:20:53","guid":{"rendered":"https:\/\/de.tilta.com\/shop\/kit-di-modifica-hydra-arm-mini-per-dji-ronin-2\/"},"modified":"2025-12-05T12:35:37","modified_gmt":"2025-12-05T11:35:37","slug":"hydra-arm-mini-modification-kit-for-dji-ronin-2","status":"publish","type":"product","link":"https:\/\/eu.tilta.com\/it\/shop\/hydra-arm-mini-modification-kit-for-dji-ronin-2\/","title":{"rendered":"Kit di modifica Hydra Arm Mini per DJI Ronin 2"},"content":{"rendered":"<p><em>Ecco il primo importante aggiornamento dell&#8217;Hydra Arm Mini.  <\/em><\/p>\n<p>Questo kit di modifica aggiorna il sistema in modo da renderlo compatibile con il corpo gimbal DJI Ronin 2.<\/p>\n<p>Installando alcuni nuovi componenti, gli utenti possono aumentare la capacit\u00e0 di carico del loro sistema per supportare carichi utili compresi tra 8 kg e 13 kg o tra 17,6 lb e 28,6 lb quando si utilizza una configurazione a due bracci.<\/p>\n<p>Questo apre maggiori possibilit\u00e0 creative per le combinazioni di fotocamere e obiettivi pi\u00f9 pesanti, oltre ad aiutare a creare riprese pi\u00f9 fluide sfruttando i motori pi\u00f9 potenti dei gimbal pi\u00f9 grandi come il Ronin 2, particolarmente utili alle alte velocit\u00e0.<\/p>\n<p>Il primo componente del kit \u00e8 costituito da cavi di supporto accorciati che permetteranno agli utenti di costruire il braccio con soli due pezzi.<\/p>\n<p>Questo limita il raggio d&#8217;azione del braccio, ma rappresenta un vantaggio quando viene utilizzato in spazi ristretti o quando si devono affrontare pericoli ambientali.<\/p>\n<p><b>Questa configurazione a due bracci sar\u00e0 necessaria per utilizzare la maggiore capacit\u00e0 di carico utile necessaria per supportare adeguatamente il Ronin 2.  <\/b><\/p>\n<p>Il componente successivo del kit \u00e8 la testa ammortizzante Heavy Duty che ora utilizza fili d&#8217;acciaio per assorbire le vibrazioni rispetto al materiale poliuretanico dell&#8217;originale.<\/p>\n<p>Ci\u00f2 significa che la testa ad assorbimento d&#8217;urto \u00e8 pi\u00f9 adatta ai carichi pesanti e pu\u00f2 essere facilmente sostituita con l&#8217;originale tramite una piastra a sgancio rapido.<\/p>\n<p>Uno dei componenti pi\u00f9 importanti di questo kit \u00e8 la molla per il braccio ammortizzatore. Questa molla sostituisce quella originale in dotazione al braccio e pu\u00f2 sostenere un carico maggiore.<\/p>\n<p>Infine, il kit include un supporto Ronin 2 progettato su misura per il corpo del gimbal che consente agli utenti di montare in modo rapido e sicuro il gimbal sulla testa senza bisogno di un adattatore aggiuntivo.<\/p>\n","protected":false},"excerpt":{"rendered":"<p>Ecco il primo importante aggiornamento dell&#8217;Hydra Arm Mini. Questo kit di modifica aggiorna il sistema in modo da renderlo compatibile con il corpo gimbal DJI Ronin 2. Installando alcuni nuovi componenti, gli utenti possono aumentare la capacit\u00e0 di carico del [&hellip;]<\/p>\n","protected":false},"featured_media":1981554,"comment_status":"closed","ping_status":"closed","template":"","meta":[],"product_cat":[1869],"product_tag":[],"acf":[],"gallery_images":[1981555,1981556,1981558,1981559,1981560,1981561,1981562,1981563],"_links":{"self":[{"href":"https:\/\/eu.tilta.com\/it\/wp-json\/wp\/v2\/product\/1981529"}],"collection":[{"href":"https:\/\/eu.tilta.com\/it\/wp-json\/wp\/v2\/product"}],"about":[{"href":"https:\/\/eu.tilta.com\/it\/wp-json\/wp\/v2\/types\/product"}],"replies":[{"embeddable":true,"href":"https:\/\/eu.tilta.com\/it\/wp-json\/wp\/v2\/comments?post=1981529"}],"wp:featuredmedia":[{"embeddable":true,"href":"https:\/\/eu.tilta.com\/it\/wp-json\/wp\/v2\/media\/1981554"}],"wp:attachment":[{"href":"https:\/\/eu.tilta.com\/it\/wp-json\/wp\/v2\/media?parent=1981529"}],"wp:term":[{"taxonomy":"product_cat","embeddable":true,"href":"https:\/\/eu.tilta.com\/it\/wp-json\/wp\/v2\/product_cat?post=1981529"},{"taxonomy":"product_tag","embeddable":true,"href":"https:\/\/eu.tilta.com\/it\/wp-json\/wp\/v2\/product_tag?post=1981529"}],"curies":[{"name":"wp","href":"https:\/\/api.w.org\/{rel}","templated":true}]}}