{"id":1981597,"date":"2024-01-10T15:26:12","date_gmt":"2024-01-10T14:26:12","guid":{"rendered":"https:\/\/de.tilta.com\/shop\/gabbia-per-bmcc-6k-basic-kit-nero\/"},"modified":"2025-12-05T12:35:40","modified_gmt":"2025-12-05T11:35:40","slug":"camera-cage-for-bmcc-6k-basic-kit-black","status":"publish","type":"product","link":"https:\/\/eu.tilta.com\/it\/shop\/camera-cage-for-bmcc-6k-basic-kit-black\/","title":{"rendered":"Gabbia per BMCC 6K Basic Kit &#8211; Nero"},"content":{"rendered":"<p><em>Ti presentiamo il kit di gabbie di base per la Blackmagic Cinema Camera 6K!<\/em><\/p>\n<p>La base di questa Camera Cage per la BMCC 6K (Full Frame) fornisce un&#8217;armatura protettiva per il corpo macchina e permette agli utenti di fissare diversi accessori per migliorare la funzionalit\u00e0 della fotocamera.<\/p>\n<p>Questa versione aggiornata presenta una piastra superiore che si allinea perfettamente con la filettatura da 1\/4\u2033-20 presente sulla parte superiore del corpo macchina Full Frame, attualmente non compatibile con la versione precedente di questa gabbia.<\/p>\n<p>Il nuovo design prevede anche due viti per collegare la gabbia alla parte inferiore della fotocamera, creando cos\u00ec tre punti di contatto incredibilmente sicuri.<\/p>\n<p>La gabbia completa offre diverse filettature da 1\/4&#8243;-20 con punti di posizionamento, ricevitori cold shoe, una rosetta compatibile Arri e una guida NATO per le impugnature laterali e gli accessori basati su NATO.<\/p>\n<p>Il modulo del braccio destro pu\u00f2 essere rimosso per trasformare questa Full Cage in una Half Cage, che offre una maggiore flessibilit\u00e0 nelle situazioni in cui \u00e8 necessaria una struttura pi\u00f9 leggera, ad esempio quando si utilizza un gimbal.<\/p>\n<p>La piastra inferiore offre diversi punti di montaggio da 1\/4\u2033-20 per fissare la fotocamera a varie piastre a sgancio rapido ed \u00e8 compatibile con il ricevitore ARCA del DJI RS3 Pro.<\/p>\n<p>Quando si utilizza la mezza gabbia, la piastra inferiore pu\u00f2 essere estesa per supportare il Battery Grip Black Magic Design e include un supporto per asta da 15 mm per utilizzare gli accessori basati su asta nel corretto allineamento LWS con il Battery Grip.<\/p>\n<p>Nel kit base \u00e8 inclusa la maniglia superiore Xeno che si monta sulla gabbia tramite una vite da 1\/4\u2033-20 con perni di posizionamento.<\/p>\n<p>La maniglia \u00e8 dotata di un&#8217;impugnatura imbottita in silicone che rende pi\u00f9 confortevole la manipolazione, mentre presenta numerosi punti di montaggio per accessori aggiuntivi come un ricevitore cold shoe, filettature da 1\/4\u2033-20 e 3\/8\u2033-16.<\/p>\n<p>L&#8217;adattatore HDMI a 90 gradi in dotazione si attacca alla gabbia vicino alla porta HDMI e offre un collegamento sicuro che limita l&#8217;usura della porta.<\/p>\n<p>Il kit include anche un supporto per unit\u00e0 SSD che si monta tramite una vite da 1\/4\u2033-20 con un perno di posizionamento e consente agli utenti di fissare un&#8217;unit\u00e0 SSD Samsung T5 per la registrazione esterna.<\/p>\n<p><b>L&#8217;EVF BMD NON supera completamente la piastra superiore della gabbia. Fai attenzione per evitare di danneggiare l&#8217;EVF.  <\/b><\/p>\n","protected":false},"excerpt":{"rendered":"<p>Ti presentiamo il kit di gabbie di base per la Blackmagic Cinema Camera 6K! La base di questa Camera Cage per la BMCC 6K (Full Frame) fornisce un&#8217;armatura protettiva per il corpo macchina e permette agli utenti di fissare diversi [&hellip;]<\/p>\n","protected":false},"featured_media":1981435,"comment_status":"closed","ping_status":"closed","template":"","meta":[],"product_cat":[1840],"product_tag":[],"acf":[],"gallery_images":[1956566,1956565,1956568,1956569,1956567],"_links":{"self":[{"href":"https:\/\/eu.tilta.com\/it\/wp-json\/wp\/v2\/product\/1981597"}],"collection":[{"href":"https:\/\/eu.tilta.com\/it\/wp-json\/wp\/v2\/product"}],"about":[{"href":"https:\/\/eu.tilta.com\/it\/wp-json\/wp\/v2\/types\/product"}],"replies":[{"embeddable":true,"href":"https:\/\/eu.tilta.com\/it\/wp-json\/wp\/v2\/comments?post=1981597"}],"wp:featuredmedia":[{"embeddable":true,"href":"https:\/\/eu.tilta.com\/it\/wp-json\/wp\/v2\/media\/1981435"}],"wp:attachment":[{"href":"https:\/\/eu.tilta.com\/it\/wp-json\/wp\/v2\/media?parent=1981597"}],"wp:term":[{"taxonomy":"product_cat","embeddable":true,"href":"https:\/\/eu.tilta.com\/it\/wp-json\/wp\/v2\/product_cat?post=1981597"},{"taxonomy":"product_tag","embeddable":true,"href":"https:\/\/eu.tilta.com\/it\/wp-json\/wp\/v2\/product_tag?post=1981597"}],"curies":[{"name":"wp","href":"https:\/\/api.w.org\/{rel}","templated":true}]}}