{"id":1981659,"date":"2024-01-16T15:11:08","date_gmt":"2024-01-16T14:11:08","guid":{"rendered":"https:\/\/de.tilta.com\/shop\/supporto-per-obiettivo-con-attacco-pl-per-sony-fx3-fx30-v2\/"},"modified":"2026-02-16T09:02:46","modified_gmt":"2026-02-16T08:02:46","slug":"pl-mount-lens-support-for-sony-fx3-fx30-v2","status":"publish","type":"product","link":"https:\/\/eu.tilta.com\/it\/shop\/pl-mount-lens-support-for-sony-fx3-fx30-v2\/","title":{"rendered":"Supporto per obiettivo con attacco PL per Sony FX3\/FX30 V2"},"content":{"rendered":"<p>Questo supporto per obiettivo con attacco PL per Sony FX3\/FX30 V2 \u00e8 l&#8217;opzione perfetta per supportare vari marchi di adattatori per obiettivi con attacco E e PL quando si utilizza la nostra gabbia per fotocamera completa.<\/p>\n<p>Questo adattatore si monta sia sulla gabbia che sugli adattatori per obiettivi compatibili tramite due viti, creando un collegamento incredibilmente sicuro e limitando notevolmente la possibilit\u00e0 di rotazioni involontarie.<\/p>\n<p>Con un peso di soli 17,5 grammi, questo accessorio non aggiunger\u00e0 praticamente alcun peso aggiuntivo ai rig delle telecamere degli utenti.<\/p>\n<p>Questo adattatore \u00e8 compatibile con i seguenti adattatori:<\/p>\n<p>Adattatore per obiettivo con attacco PL-E di Metabones<br \/>\nDZO Film Octopus Adattatore obiettivo da PL a E<br \/>\nAdattatore Meike per obiettivi con attacco PL e attacco Sony E-Mount<br \/>\nMOFAGE POCO Adattatore filtri Drop-In con attacco E per obiettivi PL<\/p>\n<p><strong>Questo adattatore \u00e8 compatibile con altre marche di adattatori per obiettivi, ma non \u00e8 possibile garantirne la computabilit\u00e0 al di fuori degli adattatori elencati.  <\/strong><\/p>\n","protected":false},"excerpt":{"rendered":"<p>Questo supporto per obiettivo con attacco PL per Sony FX3\/FX30 V2 \u00e8 l&#8217;opzione perfetta per supportare vari marchi di adattatori per obiettivi con attacco E e PL quando si utilizza la nostra gabbia per fotocamera completa. Questo adattatore si monta [&hellip;]<\/p>\n","protected":false},"featured_media":1981673,"comment_status":"closed","ping_status":"closed","template":"","meta":[],"product_cat":[4448,1734,2093],"product_tag":[],"acf":[],"gallery_images":[1981674,1981675,1981676],"_links":{"self":[{"href":"https:\/\/eu.tilta.com\/it\/wp-json\/wp\/v2\/product\/1981659"}],"collection":[{"href":"https:\/\/eu.tilta.com\/it\/wp-json\/wp\/v2\/product"}],"about":[{"href":"https:\/\/eu.tilta.com\/it\/wp-json\/wp\/v2\/types\/product"}],"replies":[{"embeddable":true,"href":"https:\/\/eu.tilta.com\/it\/wp-json\/wp\/v2\/comments?post=1981659"}],"wp:featuredmedia":[{"embeddable":true,"href":"https:\/\/eu.tilta.com\/it\/wp-json\/wp\/v2\/media\/1981673"}],"wp:attachment":[{"href":"https:\/\/eu.tilta.com\/it\/wp-json\/wp\/v2\/media?parent=1981659"}],"wp:term":[{"taxonomy":"product_cat","embeddable":true,"href":"https:\/\/eu.tilta.com\/it\/wp-json\/wp\/v2\/product_cat?post=1981659"},{"taxonomy":"product_tag","embeddable":true,"href":"https:\/\/eu.tilta.com\/it\/wp-json\/wp\/v2\/product_tag?post=1981659"}],"curies":[{"name":"wp","href":"https:\/\/api.w.org\/{rel}","templated":true}]}}