{"id":1981891,"date":"2023-12-14T16:05:00","date_gmt":"2023-12-14T15:05:00","guid":{"rendered":"https:\/\/de.tilta.com\/shop\/gabbia-per-panasonic-g9-ii-basic-kit-nero\/"},"modified":"2025-12-05T12:36:06","modified_gmt":"2025-12-05T11:36:06","slug":"camera-cage-for-panasonic-g9-ii-basic-kit-black","status":"publish","type":"product","link":"https:\/\/eu.tilta.com\/it\/shop\/camera-cage-for-panasonic-g9-ii-basic-kit-black\/","title":{"rendered":"Gabbia per Panasonic G9 II Basic Kit &#8211; Nero"},"content":{"rendered":"<p>Migliora la funzionalit\u00e0 della tua fotocamera con il nostro nuovo kit di gabbia per fotocamera progettato appositamente per la Panasonic G9 II.<\/p>\n<p>La base di questo kit \u00e8 la gabbia per fotocamera completa che offre protezione al corpo macchina e presenta varie opzioni per il montaggio degli accessori, tra cui: Guida NATO, Cold Shoe, filettature da 3\/8\u2033-16 e 1\/4&#8243;-20 con perni di posizionamento.<\/p>\n<p>La piastra inferiore \u00e8 dotata di una piastra inferiore Arca Swiss a doppia direzione che pu\u00f2 essere facilmente montata sul DJI RS3 Pro o sulla base modulare inclusa di tipo I.<\/p>\n<p>Questa base supporta due aste da 15 mm, essenziali per il montaggio di accessori basati su aste come i sistemi follow focus e i matte box.<\/p>\n<p>La parte inferiore di questa base \u00e8 compatibile con le nostre code di rondine standard Tilta e presenta anche filettature da 1\/4\u2033-20 e 3\/8\u2033-16 per il montaggio di varie piastre a sgancio rapido.<\/p>\n<p><strong>Attenzione<\/strong>: questa gabbia utilizza lo standard DJI per ARCA e non \u00e8 compatibile con tutti i ricevitori. La compatibilit\u00e0 non \u00e8 garantita.<\/p>\n<p>L&#8217;impugnatura superiore da 1\/4\u2033-20 inclusa migliora la flessibilit\u00e0 di ripresa e manipolazione, ampliando al contempo le opzioni di montaggio grazie alle filettature da 1\/4\u2033-20 e al ricevitore Cold Shoe.<\/p>\n<p>Questa maniglia si monta tramite una singola vite da 1\/4\u2033-20 con perni di posizionamento che assicurano un collegamento stabile senza rotazione.<\/p>\n<p>Il morsetto per cavi in dotazione aiuta a garantire che i cavi collegati siano montati in modo sicuro, il che \u00e8 particolarmente importante quando si registra all&#8217;esterno.<\/p>\n<p>L&#8217;esclusivo motivo a rete antiscivolo che circonda l&#8217;impugnatura della fotocamera offre un comfort migliore per le riprese a lungo termine.<\/p>\n<p>Il design prevede tre punti di contatto tra la videocamera e la gabbia tramite due punti di fissaggio di sicurezza su entrambi i lati.<\/p>\n<p>Il cacciavite multifunzione incorporato pu\u00f2 essere riposto magneticamente per un comodo accesso.<\/p>\n","protected":false},"excerpt":{"rendered":"<p>Migliora la funzionalit\u00e0 della tua fotocamera con il nostro nuovo kit di gabbia per fotocamera progettato appositamente per la Panasonic G9 II. La base di questo kit \u00e8 la gabbia per fotocamera completa che offre protezione al corpo macchina e [&hellip;]<\/p>\n","protected":false},"featured_media":1981898,"comment_status":"closed","ping_status":"closed","template":"","meta":[],"product_cat":[1838],"product_tag":[],"acf":[],"gallery_images":[1955062,1955063,1955066,1955067,1955068],"_links":{"self":[{"href":"https:\/\/eu.tilta.com\/it\/wp-json\/wp\/v2\/product\/1981891"}],"collection":[{"href":"https:\/\/eu.tilta.com\/it\/wp-json\/wp\/v2\/product"}],"about":[{"href":"https:\/\/eu.tilta.com\/it\/wp-json\/wp\/v2\/types\/product"}],"replies":[{"embeddable":true,"href":"https:\/\/eu.tilta.com\/it\/wp-json\/wp\/v2\/comments?post=1981891"}],"wp:featuredmedia":[{"embeddable":true,"href":"https:\/\/eu.tilta.com\/it\/wp-json\/wp\/v2\/media\/1981898"}],"wp:attachment":[{"href":"https:\/\/eu.tilta.com\/it\/wp-json\/wp\/v2\/media?parent=1981891"}],"wp:term":[{"taxonomy":"product_cat","embeddable":true,"href":"https:\/\/eu.tilta.com\/it\/wp-json\/wp\/v2\/product_cat?post=1981891"},{"taxonomy":"product_tag","embeddable":true,"href":"https:\/\/eu.tilta.com\/it\/wp-json\/wp\/v2\/product_tag?post=1981891"}],"curies":[{"name":"wp","href":"https:\/\/api.w.org\/{rel}","templated":true}]}}