{"id":1982066,"date":"2023-12-04T16:30:50","date_gmt":"2023-12-04T15:30:50","guid":{"rendered":"https:\/\/de.tilta.com\/shop\/tilta-illusion-4x5-65-filtro-nd-a-spettro-completo\/"},"modified":"2025-12-18T14:10:22","modified_gmt":"2025-12-18T13:10:22","slug":"illusion-4x5-65-full-spectrum-nd-filter","status":"publish","type":"product","link":"https:\/\/eu.tilta.com\/it\/shop\/illusion-4x5-65-full-spectrum-nd-filter\/","title":{"rendered":"Tilta Illusion 4&#215;5.65&#8243; Filtro ND a spettro completo"},"content":{"rendered":"<div class=\"overview-text\">\n<p><em>Ti presentiamo la nuova generazione di filtri per le scatole Matte 4\u00d75,65 &#8211; TILTA ILLUSION<\/em><\/p>\n<p>Questo filtro \u00e8 il nuovo filtro 4\u00d75,65 prodotto in casa e progettato per qualsiasi Matte Box con vassoio portafiltri 4\u00d75,65, compresa la Mirage Matte Box.<\/p>\n<p>Questo filtro \u00e8 disponibile in vari livelli di densit\u00e0 neutra, per offrire agli utenti un maggiore controllo sull&#8217;esposizione.<\/p>\n<p>Questo permette agli utenti di ridurre la luce visibile al sensore, consentendo di aprire l&#8217;apertura del diaframma quando si scatta in ambienti con luce pi\u00f9 intensa, come la luce del giorno.<\/p>\n<p>I filtri ND a spettro completo riducono uniformemente tutte le lunghezze d&#8217;onda della luce, compresa la luce visibile, gli ultravioletti e gli infrarossi.<\/p>\n<\/div>\n","protected":false},"excerpt":{"rendered":"<p>Ti presentiamo la nuova generazione di filtri per le scatole Matte 4\u00d75,65 &#8211; TILTA ILLUSION Questo filtro \u00e8 il nuovo filtro 4\u00d75,65 prodotto in casa e progettato per qualsiasi Matte Box con vassoio portafiltri 4\u00d75,65, compresa la Mirage Matte Box. [&hellip;]<\/p>\n","protected":false},"featured_media":1982108,"comment_status":"closed","ping_status":"closed","template":"","meta":[],"product_cat":[3774,2013,2138,2014,2140,2139,2142],"product_tag":[],"acf":[],"gallery_images":[],"_links":{"self":[{"href":"https:\/\/eu.tilta.com\/it\/wp-json\/wp\/v2\/product\/1982066"}],"collection":[{"href":"https:\/\/eu.tilta.com\/it\/wp-json\/wp\/v2\/product"}],"about":[{"href":"https:\/\/eu.tilta.com\/it\/wp-json\/wp\/v2\/types\/product"}],"replies":[{"embeddable":true,"href":"https:\/\/eu.tilta.com\/it\/wp-json\/wp\/v2\/comments?post=1982066"}],"wp:featuredmedia":[{"embeddable":true,"href":"https:\/\/eu.tilta.com\/it\/wp-json\/wp\/v2\/media\/1982108"}],"wp:attachment":[{"href":"https:\/\/eu.tilta.com\/it\/wp-json\/wp\/v2\/media?parent=1982066"}],"wp:term":[{"taxonomy":"product_cat","embeddable":true,"href":"https:\/\/eu.tilta.com\/it\/wp-json\/wp\/v2\/product_cat?post=1982066"},{"taxonomy":"product_tag","embeddable":true,"href":"https:\/\/eu.tilta.com\/it\/wp-json\/wp\/v2\/product_tag?post=1982066"}],"curies":[{"name":"wp","href":"https:\/\/api.w.org\/{rel}","templated":true}]}}