{"id":1982257,"date":"2023-11-30T17:42:34","date_gmt":"2023-11-30T16:42:34","guid":{"rendered":"https:\/\/de.tilta.com\/shop\/filtro-nebbia-tilta-illusion-95-mm-pearlaura\/"},"modified":"2025-12-05T12:37:26","modified_gmt":"2025-12-05T11:37:26","slug":"tilta-illusion-95mm-pearlaura-mist-filter","status":"publish","type":"product","link":"https:\/\/eu.tilta.com\/it\/shop\/tilta-illusion-95mm-pearlaura-mist-filter\/","title":{"rendered":"Filtro nebbia Tilta Illusion 95 mm Pearlaura"},"content":{"rendered":"<div class=\"overview-text\">\n<p><em>Ti presentiamo la nuova generazione di filtri da 95 mm per la scatola opaca Mirage &#8211; TILTA ILLUSION<\/em><\/p>\n<p>I filtri Illusion sono il nuovo set di filtri prodotti in casa e progettati specificamente per lo standard circolare da 95 mm della Mirage Matte Box.<\/p>\n<p>Questo filtro \u00e8 un tipo di filtro di diffusione che riduce il contrasto e produce un alone perlaceo intorno alle fonti di luce e attenua le imperfezioni sulla pelle del soggetto.<\/p>\n<p>In questo modo si crea un&#8217;atmosfera visiva morbida, pur mantenendo la nitidezza e il massimo dettaglio possibile nelle ombre.<\/p>\n<p>Questo filtro \u00e8 ideale per gli utenti che sono alla ricerca di una fioritura perlescente dei punti luce e di tonalit\u00e0 della pelle pi\u00f9 uniformi.<\/p>\n<\/div>\n","protected":false},"excerpt":{"rendered":"<p>Ti presentiamo la nuova generazione di filtri da 95 mm per la scatola opaca Mirage &#8211; TILTA ILLUSION I filtri Illusion sono il nuovo set di filtri prodotti in casa e progettati specificamente per lo standard circolare da 95 mm [&hellip;]<\/p>\n","protected":false},"featured_media":1982283,"comment_status":"closed","ping_status":"closed","template":"","meta":[],"product_cat":[2013,2014],"product_tag":[],"acf":[],"gallery_images":[1981925,1981926,1981927],"_links":{"self":[{"href":"https:\/\/eu.tilta.com\/it\/wp-json\/wp\/v2\/product\/1982257"}],"collection":[{"href":"https:\/\/eu.tilta.com\/it\/wp-json\/wp\/v2\/product"}],"about":[{"href":"https:\/\/eu.tilta.com\/it\/wp-json\/wp\/v2\/types\/product"}],"replies":[{"embeddable":true,"href":"https:\/\/eu.tilta.com\/it\/wp-json\/wp\/v2\/comments?post=1982257"}],"wp:featuredmedia":[{"embeddable":true,"href":"https:\/\/eu.tilta.com\/it\/wp-json\/wp\/v2\/media\/1982283"}],"wp:attachment":[{"href":"https:\/\/eu.tilta.com\/it\/wp-json\/wp\/v2\/media?parent=1982257"}],"wp:term":[{"taxonomy":"product_cat","embeddable":true,"href":"https:\/\/eu.tilta.com\/it\/wp-json\/wp\/v2\/product_cat?post=1982257"},{"taxonomy":"product_tag","embeddable":true,"href":"https:\/\/eu.tilta.com\/it\/wp-json\/wp\/v2\/product_tag?post=1982257"}],"curies":[{"name":"wp","href":"https:\/\/api.w.org\/{rel}","templated":true}]}}