{"id":1982423,"date":"2023-11-21T15:50:14","date_gmt":"2023-11-21T14:50:14","guid":{"rendered":"https:\/\/de.tilta.com\/shop\/staffa-di-montaggio-per-accessori-tilta-nero\/"},"modified":"2025-12-05T12:37:51","modified_gmt":"2025-12-05T11:37:51","slug":"tilta-accessory-mounting-bracket","status":"publish","type":"product","link":"https:\/\/eu.tilta.com\/it\/shop\/tilta-accessory-mounting-bracket\/","title":{"rendered":"Staffa di montaggio per accessori Tilta &#8211; Nero"},"content":{"rendered":"<p>Questa staffa di montaggio per accessori \u00e8 la staffa di montaggio pi\u00f9 leggera per fissare gli accessori al tuo sistema fotografico.<\/p>\n<p>Questa staffa regolabile pu\u00f2 ruotare di 360 gradi e inclinarsi di 175 gradi, ideale per collegare monitor esterni o trasmettitori video wireless.<\/p>\n<p>Pu\u00f2 sostenere fino a 2 kg di peso e dispone di una manopola di bloccaggio regolabile per bloccare saldamente l&#8217;accessorio in posizione, particolarmente utile quando si utilizzano accessori pi\u00f9 pesanti.<\/p>\n<p>Questo accessorio presenta diverse combinazioni disponibili per diversi punti di montaggio, tra cui:<\/p>\n<p>-Da 1\/4\u2033-20 con perni di individuazione a 1\/4\u2033-20 con perni di individuazione<\/p>\n<p>-1\/4\u2033-20 con perni di localizzazione per il morsetto NATO<\/p>\n<p>-1\/4\u2033-20 con perni di localizzazione per la slitta a freddo (maschio)<\/p>\n<p>-Morsetto NATO a morsetto NATO<\/p>\n","protected":false},"excerpt":{"rendered":"<p>Questa staffa di montaggio per accessori \u00e8 la staffa di montaggio pi\u00f9 leggera per fissare gli accessori al tuo sistema fotografico. Questa staffa regolabile pu\u00f2 ruotare di 360 gradi e inclinarsi di 175 gradi, ideale per collegare monitor esterni o [&hellip;]<\/p>\n","protected":false},"featured_media":1982465,"comment_status":"closed","ping_status":"closed","template":"","meta":[],"product_cat":[2081,1840,1834,1837,1800,1838,1991,1867,2159,2080],"product_tag":[],"acf":[],"gallery_images":[1982466,1982469,1982471,1982474,1982476],"_links":{"self":[{"href":"https:\/\/eu.tilta.com\/it\/wp-json\/wp\/v2\/product\/1982423"}],"collection":[{"href":"https:\/\/eu.tilta.com\/it\/wp-json\/wp\/v2\/product"}],"about":[{"href":"https:\/\/eu.tilta.com\/it\/wp-json\/wp\/v2\/types\/product"}],"replies":[{"embeddable":true,"href":"https:\/\/eu.tilta.com\/it\/wp-json\/wp\/v2\/comments?post=1982423"}],"wp:featuredmedia":[{"embeddable":true,"href":"https:\/\/eu.tilta.com\/it\/wp-json\/wp\/v2\/media\/1982465"}],"wp:attachment":[{"href":"https:\/\/eu.tilta.com\/it\/wp-json\/wp\/v2\/media?parent=1982423"}],"wp:term":[{"taxonomy":"product_cat","embeddable":true,"href":"https:\/\/eu.tilta.com\/it\/wp-json\/wp\/v2\/product_cat?post=1982423"},{"taxonomy":"product_tag","embeddable":true,"href":"https:\/\/eu.tilta.com\/it\/wp-json\/wp\/v2\/product_tag?post=1982423"}],"curies":[{"name":"wp","href":"https:\/\/api.w.org\/{rel}","templated":true}]}}