{"id":1982994,"date":"2023-10-26T11:11:46","date_gmt":"2023-10-26T09:11:46","guid":{"rendered":"https:\/\/de.tilta.com\/shop\/mezza-gabbia-per-fotocamera-per-il-kit-leggero-canon-r5c-nero\/"},"modified":"2025-12-05T12:38:14","modified_gmt":"2025-12-05T11:38:14","slug":"half-camera-cage-for-canon-r5c-lightweight-kit-black","status":"publish","type":"product","link":"https:\/\/eu.tilta.com\/it\/shop\/half-camera-cage-for-canon-r5c-lightweight-kit-black\/","title":{"rendered":"Mezza gabbia per fotocamera per il kit leggero Canon R5C &#8211; Nero"},"content":{"rendered":"<div class=\"overview-text\">\n<div class=\"overview-text\">\n<div class=\"overview-text\">\n<p>La base del kit leggero per Canon R5C \u00e8 la mezza gabbia che protegge parzialmente il corpo macchina e offre un supporto per il fissaggio di vari accessori tramite punti di montaggio come il binario NATO, il ricevitore Cold Shoe, le filettature da 1\/4\u2033-20 e 3\/8\u2033-16 con punti di aggancio.<\/p>\n<p>L&#8217;<a href=\"https:\/\/de.tilta.com\/shop\/xeno-top-handle-1-4-20-locating-pins\/\">impugnatura superiore XENO<\/a> inclusa <a href=\"https:\/\/de.tilta.com\/shop\/xeno-top-handle-1-4-20-locating-pins\/\">si monta tramite una filettatura da 1\/4\u2033-20<\/a> sulla parte superiore della gabbia e utilizza dei perni di posizionamento per rimanere al sicuro. L&#8217;impugnatura superiore migliora la flessibilit\u00e0 per le riprese e la gestione del sistema, ed \u00e8 particolarmente utile per le angolazioni pi\u00f9 basse.<\/p>\n<p>L&#8217;impugnatura superiore amplia anche le opzioni di montaggio degli accessori grazie alle filettature aggiuntive da 1\/4\u2033-20 e al ricevitore Cold Shoe, perfetto per un monitor esterno tramite la <a href=\"https:\/\/de.tilta.com\/shop\/tiltaing-adjustable-cold-shoe-accessory-mounting-bracket\/\">staffa per accessori Cold Shoe<\/a>. <strong>(non inclusa)<\/strong><\/p>\n<p>La piastra inferiore Dual Directional Arca-Swiss consente agli utenti di passare rapidamente da un gimbal compatibile come l&#8217;RS3 Pro a un treppiedi Arca.<\/p>\n<p>A differenza di altre piastre inferiori Arca integrate, questa piastra consente al sistema di ripresa di scorrere in un ricevitore Arca da entrambe le direzioni, il che significa che gli utenti possono passare pi\u00f9 rapidamente da un sistema di supporto all&#8217;altro.<\/p>\n<p>Nota bene: questa gabbia utilizza lo standard DJI per l&#8217;ARCA e non \u00e8 compatibile con tutti i ricevitori. La compatibilit\u00e0 non \u00e8 garantita.<\/p>\n<p>Questa gabbia presenta pi\u00f9 punti di contatto con il corpo macchina, limitando le possibilit\u00e0 di rotazione della fotocamera all&#8217;interno della gabbia.<br \/>\nL&#8217;imbottitura in silicone integrata aiuta a mantenere la fotocamera al sicuro all&#8217;interno della gabbia e protegge le superfici di contatto dai graffi.<\/p>\n<p>Il morsetto per cavi in dotazione garantisce una maggiore sicurezza per i cavi e dispone di viti a testa zigrinata che consentono di collegare o rimuovere rapidamente i cavi senza bisogno di attrezzi.<\/p>\n<p>Il design a mezza gabbia consente agli utenti di utilizzare l&#8217;impugnatura originale della fotocamera e non limita l&#8217;accesso ai pulsanti utente o alle funzioni della fotocamera.<\/p>\n<p>Il cacciavite multifunzione in dotazione pu\u00f2 essere utilizzato per installare la gabbia sul corpo macchina e per fissare la vite di sicurezza sul lato sinistro.<\/p>\n<\/div>\n<\/div>\n<\/div>\n","protected":false},"excerpt":{"rendered":"<p>La base del kit leggero per Canon R5C \u00e8 la mezza gabbia che protegge parzialmente il corpo macchina e offre un supporto per il fissaggio di vari accessori tramite punti di montaggio come il binario NATO, il ricevitore Cold Shoe, [&hellip;]<\/p>\n","protected":false},"featured_media":1982997,"comment_status":"closed","ping_status":"closed","template":"","meta":[],"product_cat":[1769],"product_tag":[],"acf":[],"gallery_images":[1954730,1954731,1952492,1952493],"_links":{"self":[{"href":"https:\/\/eu.tilta.com\/it\/wp-json\/wp\/v2\/product\/1982994"}],"collection":[{"href":"https:\/\/eu.tilta.com\/it\/wp-json\/wp\/v2\/product"}],"about":[{"href":"https:\/\/eu.tilta.com\/it\/wp-json\/wp\/v2\/types\/product"}],"replies":[{"embeddable":true,"href":"https:\/\/eu.tilta.com\/it\/wp-json\/wp\/v2\/comments?post=1982994"}],"wp:featuredmedia":[{"embeddable":true,"href":"https:\/\/eu.tilta.com\/it\/wp-json\/wp\/v2\/media\/1982997"}],"wp:attachment":[{"href":"https:\/\/eu.tilta.com\/it\/wp-json\/wp\/v2\/media?parent=1982994"}],"wp:term":[{"taxonomy":"product_cat","embeddable":true,"href":"https:\/\/eu.tilta.com\/it\/wp-json\/wp\/v2\/product_cat?post=1982994"},{"taxonomy":"product_tag","embeddable":true,"href":"https:\/\/eu.tilta.com\/it\/wp-json\/wp\/v2\/product_tag?post=1982994"}],"curies":[{"name":"wp","href":"https:\/\/api.w.org\/{rel}","templated":true}]}}