{"id":1983097,"date":"2023-10-11T16:24:23","date_gmt":"2023-10-11T14:24:23","guid":{"rendered":"https:\/\/de.tilta.com\/shop\/camera-cage-for-canon-r7-pro-kit-black\/"},"modified":"2025-12-05T12:38:28","modified_gmt":"2025-12-05T11:38:28","slug":"camera-cage-for-canon-r7-pro-kit-black","status":"publish","type":"product","link":"https:\/\/eu.tilta.com\/it\/shop\/camera-cage-for-canon-r7-pro-kit-black\/","title":{"rendered":"Gabbia per fotocamera per Canon R7 Pro Kit &#8211; Nero"},"content":{"rendered":"<div class=\"overview-text\">\n<p><em>Ti presentiamo il kit di gabbie per fotocamere professionali per Canon R7<\/em><\/p>\n<p>La gabbia per fotocamera completa \u00e8 la base di questo kit e offre diversi punti di montaggio per gli accessori, tra cui filettature da \u00bc&#8221;-20 con punti di localizzazione, un ricevitore cold shoe, una guida NATO e una filettatura per portacanne da 15 mm.<\/p>\n<p>Il binario NATO e l&#8217;impugnatura superiore NATO inclusi migliorano la flessibilit\u00e0 di tiro e di manipolazione, particolarmente utile per ottenere tiri da angolazioni ridotte.<\/p>\n<p>L&#8217;impugnatura superiore amplia anche le opzioni di montaggio con filettature aggiuntive da 1\/4\u2033-20 e un ricevitore Cold Shoe, perfetto per un monitor esterno tramite la nostra <a href=\"https:\/\/de.tilta.com\/shop\/tiltaing-adjustable-cold-shoe-accessory-mounting-bracket\/\">staffa accessoria Cold Shoe<\/a>. <strong>(non inclusa)<\/strong><\/p>\n<p>La R7 Cage \u00e8 dotata di un ARCA-Swiss integrato nella piastra inferiore che consente di passare rapidamente da una gimbal all&#8217;altra come l&#8217;RS3 Pro e altri sistemi di supporto ARCA compatibili.<\/p>\n<p>Attenzione: questa gabbia utilizza lo standard DJI per ARCA e non \u00e8 compatibile con tutti i ricevitori. La compatibilit\u00e0 non \u00e8 garantita.<\/p>\n<p>Grazie a questa connessione ARCA puoi montare la gabbia sulla base universale LWS da 15 mm inclusa, che supporta aste doppie da 15 mm per montare accessori basati su aste come <a href=\"https:\/\/de.tilta.com\/product-category\/lens-control-systems\/\">sistemi di messa a fuoco<\/a> e <a href=\"https:\/\/de.tilta.com\/product-category\/matte-boxes\/\">matte box<\/a>.<\/p>\n<p>Poich\u00e9 questa piastra di base utilizza un ricevitore ARCA, puoi passare senza problemi ai cardani della serie DJI Ronin, come l&#8217;RS3 Pro.<\/p>\n<p>La piastra di base \u00e8 compatibile con le nostre <a href=\"https:\/\/de.tilta.com\/shop\/10-lightweight-dovetail-plate-tt-c16\/\">code di rondine Tilta Standard<\/a> e presenta anche filettature da 1\/4\u2033-20 e da 3\/8\u2033-16.<\/p>\n<p>Sulla piastra inferiore troverai una filettatura da \u00bc&#8221;-20 e \u215c&#8221;-16 per una maggiore flessibilit\u00e0 di montaggio e un multiutensile montato magneticamente con una chiave a brugola M3 e un cacciavite piatto a doppia faccia.<\/p>\n<p>Il corpo macchina si collega alla gabbia tramite un singolo attacco da \u00bc&#8221;-20 e presenta anche due punti di contatto aggiuntivi su entrambi i lati che aiutano a limitare la rotazione della fotocamera all&#8217;interno della gabbia.<\/p>\n<p>Il serracavo incluso pu\u00f2 fissare i cavi HDMI e USB-C tramite una comoda e veloce vite ad alette per proteggere sia i cavi che le porte della fotocamera, garantendo una trasmissione stabile dei dati.<\/p>\n<\/div>\n","protected":false},"excerpt":{"rendered":"<p>Ti presentiamo il kit di gabbie per fotocamere professionali per Canon R7 La gabbia per fotocamera completa \u00e8 la base di questo kit e offre diversi punti di montaggio per gli accessori, tra cui filettature da \u00bc&#8221;-20 con punti di [&hellip;]<\/p>\n","protected":false},"featured_media":1983116,"comment_status":"closed","ping_status":"closed","template":"","meta":[],"product_cat":[1833],"product_tag":[],"acf":[],"gallery_images":[1950946,1950945,1951016],"_links":{"self":[{"href":"https:\/\/eu.tilta.com\/it\/wp-json\/wp\/v2\/product\/1983097"}],"collection":[{"href":"https:\/\/eu.tilta.com\/it\/wp-json\/wp\/v2\/product"}],"about":[{"href":"https:\/\/eu.tilta.com\/it\/wp-json\/wp\/v2\/types\/product"}],"replies":[{"embeddable":true,"href":"https:\/\/eu.tilta.com\/it\/wp-json\/wp\/v2\/comments?post=1983097"}],"wp:featuredmedia":[{"embeddable":true,"href":"https:\/\/eu.tilta.com\/it\/wp-json\/wp\/v2\/media\/1983116"}],"wp:attachment":[{"href":"https:\/\/eu.tilta.com\/it\/wp-json\/wp\/v2\/media?parent=1983097"}],"wp:term":[{"taxonomy":"product_cat","embeddable":true,"href":"https:\/\/eu.tilta.com\/it\/wp-json\/wp\/v2\/product_cat?post=1983097"},{"taxonomy":"product_tag","embeddable":true,"href":"https:\/\/eu.tilta.com\/it\/wp-json\/wp\/v2\/product_tag?post=1983097"}],"curies":[{"name":"wp","href":"https:\/\/api.w.org\/{rel}","templated":true}]}}