{"id":1983203,"date":"2023-10-11T16:38:14","date_gmt":"2023-10-11T14:38:14","guid":{"rendered":"https:\/\/de.tilta.com\/shop\/nucleus-nano-ii-hand-wheel-controller\/"},"modified":"2026-04-27T13:16:45","modified_gmt":"2026-04-27T11:16:45","slug":"nucleus-nano-ii-hand-wheel-controller","status":"publish","type":"product","link":"https:\/\/eu.tilta.com\/it\/shop\/nucleus-nano-ii-hand-wheel-controller\/","title":{"rendered":"Controllore a volantino Nucleus Nano II"},"content":{"rendered":"<div class=\"overview-text\">\n<p><span style=\"text-decoration: underline;\"><strong>NOTA: NON ALIMENTARE IL VOLANTINO TRAMITE P-TAP<\/strong><\/span><\/p>\n<p>Grazie alle sue funzioni avanzate e alla perfetta compatibilit\u00e0, il controller a volantino Nucleus Nano II rivoluziona il modo in cui gli utenti possono controllare obiettivi, fotocamere e gimbal.<\/p>\n<p>Il nuovo e migliorato volantino mette il controllo a portata di mano, permettendoti di controllare due motori di messa a fuoco dal controller compatto.<\/p>\n<p>Gli utenti possono utilizzare la ghiera principale per regolare la messa a fuoco, mentre il nuovo bilanciere di controllo gestisce senza problemi le funzioni di zoom e iride tramite un bilanciere smorzato, perfetto per entrare o uscire dallo zoom.<\/p>\n<p>Sperimenta una flessibilit\u00e0 senza precedenti grazie alla capacit\u00e0 di Nano II di gestire fino a 4 motori per la messa a fuoco, l&#8217;iride, lo zoom e il Mirage VND se utilizzato con l&#8217;impugnatura di alimentazione o di controllo multifunzione opzionale.<\/p>\n<p>Navigare nel sistema non \u00e8 mai stato cos\u00ec facile grazie al nuovo display circolare touch screen da 1,6&#8243; e all&#8217;interfaccia intuitiva che offre un accesso rapido a una serie di funzioni avanzate, tra cui pagine dedicate alla mappatura degli obiettivi e alle funzioni di controllo della fotocamera.<\/p>\n<p>Il Nano II consente agli utenti di regolare in modalit\u00e0 wireless le impostazioni della fotocamera tramite WiFi, Bluetooth e la porta USB-C del motore per i sistemi di fotocamera compatibili come Canon, Sony, Black Magic Design e altri.<\/p>\n<p><strong>Per maggiori informazioni sul controllo della telecamera, consulta le note in fondo alla pagina.<\/strong><\/p>\n<p>Nota bene: il firmware attuale supporta la maggior parte dei controlli per Red Komodo, BMPCC 6K, 6K Pro e supporta parzialmente BMPCC 4K, Sony FX3, A7S3, A7R5, ZV-E1, ZV-E10 e Canon R7 per impostazioni quali Run\/Stop, Shutter Speed, ISO e Iris.<\/p>\n<p>Il Run Stop \u00e8 attualmente supportato da tutti i sistemi di fotocamere sopra citati e da Sony A7C, A7M4, A7R3, Canon R6M1, Panasonic S1H, GH6 e S5M2 tramite un <a href=\"https:\/\/de.tilta.com\/shop\/usb-c-run-stop-cable\/\">cavo Run\/Stop con impugnatura laterale<\/a> opzionale.<\/p>\n<p>Altri sistemi di telecamere saranno resi compatibili con i futuri aggiornamenti del firmware.<\/p>\n<p>Questo rende la Nano II l&#8217;opzione perfetta per i registi che utilizzano regolarmente sistemi di supporto come droni, supporti per auto, gru, bracci o qualsiasi altro impianto che renda difficile regolare rapidamente le impostazioni della videocamera.<\/p>\n<p>Lo schermo di controllo della mappatura dell&#8217;obiettivo offre informazioni in tempo reale sulla distanza di messa a fuoco, consentendoti di rimanere informato e di avere il controllo di ogni inquadratura senza dover segnare fisicamente un disco di messa a fuoco.<\/p>\n<p>Con una batteria interna alimentata da USB-C, il Nano II offre fino a 20 ore di alimentazione continua, a seconda dell&#8217;utilizzo.<\/p>\n<p>Il Nano II \u00e8 il nostro sistema pi\u00f9 compatibile fino ad oggi, grazie alla compatibilit\u00e0 con DJI RS2, RS3 Pro, DJI Focus Motors, Nucleus M e la precedente generazione di Nucleus Nano, garantendo un flusso di lavoro fluido per gli utenti che gi\u00e0 utilizzano le precedenti versioni dell&#8217;ecosistema Nucleus.<\/p>\n<p>Si prega di notare che l&#8217;integrazione con le maniglie di messa a fuoco laterale avanzate, il DJI Ronin e i motori di messa a fuoco Ronin richiede un hardware aggiuntivo non incluso nel kit.<\/p>\n<p><em>Eleva la tua esperienza di filmmaker con la Nucleus Nano II. Ottieni un controllo preciso sui tuoi obiettivi, sfrutta un&#8217;interfaccia utente intuitiva e sperimenta una compatibilit\u00e0 impareggiabile con i dispositivi leader del settore.<\/em><\/p>\n<p><b>NOTA BENE: <\/b><strong>La funzionalit\u00e0 di controllo della telecamera \u00e8 compatibile solo con alcune telecamere al momento. <\/strong> <\/p>\n<p><strong><b>Le fotocamere Canon e Sony sono attualmente compatibili solo tramite i cavi USB-C PD, mentre le fotocamere Black Magic Design sono compatibili solo tramite Bluetooth.<\/b><\/strong><\/p>\n<p><b>Quando si utilizzano <\/b><b>Adattatori per obiettivi<\/b><b>: La funzionalit\u00e0 Bluetooth di Nano II sar\u00e0 possibile solo se si utilizzano obiettivi ufficialmente supportati per lo specifico adattatore. <\/b> <\/p>\n<\/div>\n","protected":false},"excerpt":{"rendered":"<p>NOTA: NON ALIMENTARE IL VOLANTINO TRAMITE P-TAP Grazie alle sue funzioni avanzate e alla perfetta compatibilit\u00e0, il controller a volantino Nucleus Nano II rivoluziona il modo in cui gli utenti possono controllare obiettivi, fotocamere e gimbal. Il nuovo e migliorato [&hellip;]<\/p>\n","protected":false},"featured_media":1983221,"comment_status":"closed","ping_status":"closed","template":"","meta":[],"product_cat":[1821],"product_tag":[],"acf":[],"gallery_images":[1983222,1983224,1983227,1983231,1983234,1978516,1978514,1978519],"_links":{"self":[{"href":"https:\/\/eu.tilta.com\/it\/wp-json\/wp\/v2\/product\/1983203"}],"collection":[{"href":"https:\/\/eu.tilta.com\/it\/wp-json\/wp\/v2\/product"}],"about":[{"href":"https:\/\/eu.tilta.com\/it\/wp-json\/wp\/v2\/types\/product"}],"replies":[{"embeddable":true,"href":"https:\/\/eu.tilta.com\/it\/wp-json\/wp\/v2\/comments?post=1983203"}],"wp:featuredmedia":[{"embeddable":true,"href":"https:\/\/eu.tilta.com\/it\/wp-json\/wp\/v2\/media\/1983221"}],"wp:attachment":[{"href":"https:\/\/eu.tilta.com\/it\/wp-json\/wp\/v2\/media?parent=1983203"}],"wp:term":[{"taxonomy":"product_cat","embeddable":true,"href":"https:\/\/eu.tilta.com\/it\/wp-json\/wp\/v2\/product_cat?post=1983203"},{"taxonomy":"product_tag","embeddable":true,"href":"https:\/\/eu.tilta.com\/it\/wp-json\/wp\/v2\/product_tag?post=1983203"}],"curies":[{"name":"wp","href":"https:\/\/api.w.org\/{rel}","templated":true}]}}