{"id":1983313,"date":"2023-10-12T13:04:26","date_gmt":"2023-10-12T11:04:26","guid":{"rendered":"https:\/\/de.tilta.com\/shop\/supporto-adattatore-per-attacco-lpl-per-red-komodo-x-nero\/"},"modified":"2025-12-05T12:38:36","modified_gmt":"2025-12-05T11:38:36","slug":"lpl-mount-adapter-support-for-red-komodo-x-black","status":"publish","type":"product","link":"https:\/\/eu.tilta.com\/it\/shop\/lpl-mount-adapter-support-for-red-komodo-x-black\/","title":{"rendered":"Supporto adattatore per attacco LPL per RED KOMODO-X &#8211; Nero"},"content":{"rendered":"<div class=\"overview-text\">\n<p>Il supporto adattatore LPL per RED KOMODO-X utilizza un sofisticato design a morsetto che offre pi\u00f9 punti di contatto per una maggiore stabilit\u00e0.<\/p>\n<p>Questo approccio aumenta in modo significativo la sicurezza e la stabilit\u00e0 di un adattatore per obiettivi, in particolare del nostro adattatore Canon RF Mount to LPL Mount.<\/p>\n<p>Questo \u00e8 particolarmente utile quando si utilizzano obiettivi pi\u00f9 grandi, perch\u00e9 aiuta a ridistribuire il peso dal corpo macchina.<\/p>\n<p>Questo adattatore \u00e8 stato progettato per essere utilizzato con la nostra gabbia per telecamera completa per RED Komodo-X e non \u00e8 compatibile direttamente con il corpo macchina.<\/p>\n<\/div>\n","protected":false},"excerpt":{"rendered":"<p>Il supporto adattatore LPL per RED KOMODO-X utilizza un sofisticato design a morsetto che offre pi\u00f9 punti di contatto per una maggiore stabilit\u00e0. Questo approccio aumenta in modo significativo la sicurezza e la stabilit\u00e0 di un adattatore per obiettivi, in [&hellip;]<\/p>\n","protected":false},"featured_media":1983322,"comment_status":"closed","ping_status":"closed","template":"","meta":[],"product_cat":[1807,2093],"product_tag":[],"acf":[],"gallery_images":[1951100,1951099,1951097],"_links":{"self":[{"href":"https:\/\/eu.tilta.com\/it\/wp-json\/wp\/v2\/product\/1983313"}],"collection":[{"href":"https:\/\/eu.tilta.com\/it\/wp-json\/wp\/v2\/product"}],"about":[{"href":"https:\/\/eu.tilta.com\/it\/wp-json\/wp\/v2\/types\/product"}],"replies":[{"embeddable":true,"href":"https:\/\/eu.tilta.com\/it\/wp-json\/wp\/v2\/comments?post=1983313"}],"wp:featuredmedia":[{"embeddable":true,"href":"https:\/\/eu.tilta.com\/it\/wp-json\/wp\/v2\/media\/1983322"}],"wp:attachment":[{"href":"https:\/\/eu.tilta.com\/it\/wp-json\/wp\/v2\/media?parent=1983313"}],"wp:term":[{"taxonomy":"product_cat","embeddable":true,"href":"https:\/\/eu.tilta.com\/it\/wp-json\/wp\/v2\/product_cat?post=1983313"},{"taxonomy":"product_tag","embeddable":true,"href":"https:\/\/eu.tilta.com\/it\/wp-json\/wp\/v2\/product_tag?post=1983313"}],"curies":[{"name":"wp","href":"https:\/\/api.w.org\/{rel}","templated":true}]}}