{"id":1984043,"date":"2023-09-26T16:20:43","date_gmt":"2023-09-26T14:20:43","guid":{"rendered":"https:\/\/de.tilta.com\/shop\/tilta-cold-shoe-receiver-adapter-with-locking-pin-black\/"},"modified":"2025-12-05T12:39:25","modified_gmt":"2025-12-05T11:39:25","slug":"tilta-cold-shoe-receiver-adapter-with-locking-pin-black","status":"publish","type":"product","link":"https:\/\/eu.tilta.com\/it\/shop\/tilta-cold-shoe-receiver-adapter-with-locking-pin-black\/","title":{"rendered":"Adattatore Tilta per ricevitore Cold Shoe con perno di bloccaggio &#8211; Nero"},"content":{"rendered":"<div class=\"overview-text\">\n<p>Questo adattatore per ricevitore Cold Shoe consente agli utenti di adattare qualsiasi filettatura da 1\/4\u2033-20 sulla gabbia della fotocamera per montare accessori basati su Cold Shoe.<\/p>\n<p>Il ricevitore Cold Shoe \u00e8 dotato di montaggio unidirezionale, il che significa che gli accessori Cold Shoe rimangono pi\u00f9 sicuri e hanno meno probabilit\u00e0 di essere accidentalmente scollegati.<\/p>\n<p>Questa \u00e8 l&#8217;opzione perfetta per fissare in modo sicuro un monitor esterno alla parte superiore della gabbia di una fotocamera che non dispone di un attacco cold shoe nativo tramite un accessorio come la nostra <a href=\"https:\/\/de.tilta.com\/shop\/tiltaing-adjustable-cold-shoe-accessory-mounting-bracket\/\">staffa regolabile per il montaggio di accessori cold shoe<\/a>. <strong>(non incluso)<\/strong><\/p>\n<p>La spilla di sicurezza integrata offre un&#8217;ulteriore protezione per i tuoi accessori.<\/p>\n<\/div>\n","protected":false},"excerpt":{"rendered":"<p>Questo adattatore per ricevitore Cold Shoe consente agli utenti di adattare qualsiasi filettatura da 1\/4\u2033-20 sulla gabbia della fotocamera per montare accessori basati su Cold Shoe. Il ricevitore Cold Shoe \u00e8 dotato di montaggio unidirezionale, il che significa che gli [&hellip;]<\/p>\n","protected":false},"featured_media":1984066,"comment_status":"closed","ping_status":"closed","template":"","meta":[],"product_cat":[2081,1840],"product_tag":[],"acf":[],"gallery_images":[1984067,1984069,1984071,1984073,1984075,1984079],"_links":{"self":[{"href":"https:\/\/eu.tilta.com\/it\/wp-json\/wp\/v2\/product\/1984043"}],"collection":[{"href":"https:\/\/eu.tilta.com\/it\/wp-json\/wp\/v2\/product"}],"about":[{"href":"https:\/\/eu.tilta.com\/it\/wp-json\/wp\/v2\/types\/product"}],"replies":[{"embeddable":true,"href":"https:\/\/eu.tilta.com\/it\/wp-json\/wp\/v2\/comments?post=1984043"}],"wp:featuredmedia":[{"embeddable":true,"href":"https:\/\/eu.tilta.com\/it\/wp-json\/wp\/v2\/media\/1984066"}],"wp:attachment":[{"href":"https:\/\/eu.tilta.com\/it\/wp-json\/wp\/v2\/media?parent=1984043"}],"wp:term":[{"taxonomy":"product_cat","embeddable":true,"href":"https:\/\/eu.tilta.com\/it\/wp-json\/wp\/v2\/product_cat?post=1984043"},{"taxonomy":"product_tag","embeddable":true,"href":"https:\/\/eu.tilta.com\/it\/wp-json\/wp\/v2\/product_tag?post=1984043"}],"curies":[{"name":"wp","href":"https:\/\/api.w.org\/{rel}","templated":true}]}}