{"id":1984146,"date":"2023-09-13T17:43:47","date_gmt":"2023-09-13T15:43:47","guid":{"rendered":"https:\/\/de.tilta.com\/shop\/half-camera-cage-for-sony-a7c-ii-a7c-r-lightweight-kit\/"},"modified":"2025-12-05T12:39:39","modified_gmt":"2025-12-05T11:39:39","slug":"half-cage-sony-a7c-ii-a7c-r-light-kit","status":"publish","type":"product","link":"https:\/\/eu.tilta.com\/it\/shop\/half-cage-sony-a7c-ii-a7c-r-light-kit\/","title":{"rendered":"Half Camera Cage for Sony a7C II \/ a7C R Lightweight Kit"},"content":{"rendered":"<p><em>Presentazione della gabbia per fotocamera completa per il kit leggero Sony a7C II \/ a7C R<\/em><\/p>\n<p>Questa mezza gabbia protegge parzialmente il corpo macchina e apre innumerevoli possibilit\u00e0 di agganciare accessori aggiuntivi tramite punti di montaggio come il ricevitore Cold Shoe, la guida NATO e le filettature da 1\/4\u2033-20 con punti di aggancio.<\/p>\n<p>La gabbia \u00e8 dotata di una piastra inferiore ARCA-Swiss integrata che consente di passare rapidamente da un gimbal all&#8217;altro come il DJI RS3 Pro e altri sistemi di supporto ARCA compatibili.<\/p>\n<p>Nota bene: questa gabbia utilizza lo standard DJI per l&#8217;ARCA e non \u00e8 compatibile con tutti i ricevitori. La compatibilit\u00e0 non \u00e8 garantita.<\/p>\n<p>Il design offre un facile accesso a tutte le funzioni necessarie della fotocamera, compreso il ricevitore a slitta, perfetto per ospitare accessori come il Sony ECM-W2BT.<\/p>\n<p>Il morsetto per cavi HDMI offre una maggiore sicurezza per i cavi HDMI e l&#8217;inclusione di viti a testa zigrinata permette di attaccare o rimuovere rapidamente i cavi, senza bisogno di attrezzi per utilizzare questo accessorio.<\/p>\n<p>Il binario NATO e l&#8217;impugnatura superiore NATO in dotazione offrono opzioni di tiro e manipolazione pi\u00f9 flessibili, particolarmente utili per ottenere tiri da angolazioni ridotte.<\/p>\n<p>L&#8217;impugnatura superiore migliora anche le opzioni di montaggio con filettature aggiuntive da 1\/4_-20 e un ricevitore Cold Shoe, perfetto per un monitor esterno.<\/p>\n","protected":false},"excerpt":{"rendered":"<p>Presentazione della gabbia per fotocamera completa per il kit leggero Sony a7C II \/ a7C R Questa mezza gabbia protegge parzialmente il corpo macchina e apre innumerevoli possibilit\u00e0 di agganciare accessori aggiuntivi tramite punti di montaggio come il ricevitore Cold [&hellip;]<\/p>\n","protected":false},"featured_media":1984159,"comment_status":"closed","ping_status":"closed","template":"","meta":[],"product_cat":[1825],"product_tag":[],"acf":[],"gallery_images":[1984161,1984163,1984166,1984168,1984170],"_links":{"self":[{"href":"https:\/\/eu.tilta.com\/it\/wp-json\/wp\/v2\/product\/1984146"}],"collection":[{"href":"https:\/\/eu.tilta.com\/it\/wp-json\/wp\/v2\/product"}],"about":[{"href":"https:\/\/eu.tilta.com\/it\/wp-json\/wp\/v2\/types\/product"}],"replies":[{"embeddable":true,"href":"https:\/\/eu.tilta.com\/it\/wp-json\/wp\/v2\/comments?post=1984146"}],"wp:featuredmedia":[{"embeddable":true,"href":"https:\/\/eu.tilta.com\/it\/wp-json\/wp\/v2\/media\/1984159"}],"wp:attachment":[{"href":"https:\/\/eu.tilta.com\/it\/wp-json\/wp\/v2\/media?parent=1984146"}],"wp:term":[{"taxonomy":"product_cat","embeddable":true,"href":"https:\/\/eu.tilta.com\/it\/wp-json\/wp\/v2\/product_cat?post=1984146"},{"taxonomy":"product_tag","embeddable":true,"href":"https:\/\/eu.tilta.com\/it\/wp-json\/wp\/v2\/product_tag?post=1984146"}],"curies":[{"name":"wp","href":"https:\/\/api.w.org\/{rel}","templated":true}]}}