{"id":1984255,"date":"2023-09-13T17:39:20","date_gmt":"2023-09-13T15:39:20","guid":{"rendered":"https:\/\/de.tilta.com\/shop\/camera-cage-for-sony-a7c-ii-a7c-r-basic-kit\/"},"modified":"2025-12-05T12:39:39","modified_gmt":"2025-12-05T11:39:39","slug":"camera-cage-for-sony-a7c-ii-a7c-r-basic-kit","status":"publish","type":"product","link":"https:\/\/eu.tilta.com\/it\/shop\/camera-cage-for-sony-a7c-ii-a7c-r-basic-kit\/","title":{"rendered":"Camera Cage for Sony a7C II \/ a7C R Basic Kit"},"content":{"rendered":"<div class=\"overview-text\">\n<p><em>Presentazione della gabbia per fotocamera completa per il kit base di Sony a7C II \/ a7C R<\/em><\/p>\n<p>Questa gabbia protegge il corpo macchina e apre innumerevoli possibilit\u00e0 di agganciare accessori aggiuntivi tramite punti di montaggio come il ricevitore Cold Shoe, la guida NATO e le filettature da 1\/4\u2033-20 con punti di aggancio.<\/p>\n<p>La gabbia \u00e8 dotata di una piastra inferiore ARCA-Swiss integrata che consente di passare rapidamente da un gimbal all&#8217;altro come il DJI RS3 Pro e altri sistemi di supporto ARCA compatibili.<\/p>\n<p>Nota bene: questa gabbia utilizza lo standard DJI per l&#8217;ARCA e non \u00e8 compatibile con tutti i ricevitori. La compatibilit\u00e0 non \u00e8 garantita.<\/p>\n<p>La gabbia ha un design aderente che utilizza diversi attacchi di sicurezza per fornire ulteriori punti di contatto tra la telecamera e la gabbia.<\/p>\n<p>Il design offre un facile accesso a tutte le funzioni necessarie della fotocamera, compreso il ricevitore a slitta, perfetto per ospitare accessori come il Sony ECM-W2BT.<\/p>\n<p>Il morsetto per cavi HDMI offre una maggiore sicurezza per i cavi HDMI e l&#8217;inclusione di viti a testa zigrinata permette di attaccare o rimuovere rapidamente i cavi, senza bisogno di attrezzi per utilizzare questo accessorio.<\/p>\n<p>Il binario NATO e l&#8217;impugnatura superiore NATO in dotazione offrono opzioni di tiro e manipolazione pi\u00f9 flessibili, particolarmente utili per ottenere tiri da angolazioni ridotte.<\/p>\n<p>L&#8217;impugnatura superiore migliora anche le opzioni di montaggio con filettature aggiuntive da 1\/4_-20 e un ricevitore Cold Shoe, perfetto per un monitor esterno.<\/p>\n<p>Il kit \u00e8 completato dalla base universale LWS da 15 mm che supporta aste doppie da 15 mm e accessori basati su aste come sistemi di messa a fuoco o matte box.<\/p>\n<p>Questa piastra di base utilizza un ricevitore ARCA standard DJI per passare senza problemi alle pedane cardaniche della serie Ronin, mentre la piastra inferiore \u00e8 compatibile con le nostre code di rondine standard Tilta e presenta filettature da 1\/4\u2033-20 e 3\/8\u2033-16.<\/p>\n<\/div>\n","protected":false},"excerpt":{"rendered":"<p>Presentazione della gabbia per fotocamera completa per il kit base di Sony a7C II \/ a7C R Questa gabbia protegge il corpo macchina e apre innumerevoli possibilit\u00e0 di agganciare accessori aggiuntivi tramite punti di montaggio come il ricevitore Cold Shoe, [&hellip;]<\/p>\n","protected":false},"featured_media":1984261,"comment_status":"closed","ping_status":"closed","template":"","meta":[],"product_cat":[1825],"product_tag":[],"acf":[],"gallery_images":[1984262,1984263,1984166,1984168,1984170],"_links":{"self":[{"href":"https:\/\/eu.tilta.com\/it\/wp-json\/wp\/v2\/product\/1984255"}],"collection":[{"href":"https:\/\/eu.tilta.com\/it\/wp-json\/wp\/v2\/product"}],"about":[{"href":"https:\/\/eu.tilta.com\/it\/wp-json\/wp\/v2\/types\/product"}],"replies":[{"embeddable":true,"href":"https:\/\/eu.tilta.com\/it\/wp-json\/wp\/v2\/comments?post=1984255"}],"wp:featuredmedia":[{"embeddable":true,"href":"https:\/\/eu.tilta.com\/it\/wp-json\/wp\/v2\/media\/1984261"}],"wp:attachment":[{"href":"https:\/\/eu.tilta.com\/it\/wp-json\/wp\/v2\/media?parent=1984255"}],"wp:term":[{"taxonomy":"product_cat","embeddable":true,"href":"https:\/\/eu.tilta.com\/it\/wp-json\/wp\/v2\/product_cat?post=1984255"},{"taxonomy":"product_tag","embeddable":true,"href":"https:\/\/eu.tilta.com\/it\/wp-json\/wp\/v2\/product_tag?post=1984255"}],"curies":[{"name":"wp","href":"https:\/\/api.w.org\/{rel}","templated":true}]}}