{"id":1984377,"date":"2023-09-13T16:51:35","date_gmt":"2023-09-13T14:51:35","guid":{"rendered":"https:\/\/de.tilta.com\/shop\/full-camera-cage-for-sony-a7c-ii-a7c-r\/"},"modified":"2025-12-05T12:40:09","modified_gmt":"2025-12-05T11:40:09","slug":"full-camera-cage-for-sony-a7c-ii-a7c-r","status":"publish","type":"product","link":"https:\/\/eu.tilta.com\/it\/shop\/full-camera-cage-for-sony-a7c-ii-a7c-r\/","title":{"rendered":"Full Camera Cage for Sony a7C II \/ a7C R"},"content":{"rendered":"<p><em>Introduzione al Kamerageh\u00e4use completo per Sony a7C II \/ a7C R  <\/em><\/p>\n<p>Dieser K\u00e4fig sch\u00fctzt Ihr Kamerageh\u00e4use und er\u00f6ffnet unz\u00e4hlige M\u00f6glichkeiten f\u00fcr die Befestigung von zus\u00e4tzlichem Zubeh\u00f6r \u00fcber Befestigungspunkte wie einen Cold Shoe Receiver, eine NATO-Schiene und 1\/4\u2033-20-Gewinde mit Fixierpunkten.<\/p>\n<p>Il K\u00e4fig si basa su una piastra integrata ARCA-Swiss-Bodenplatte, che consente di effettuare agevolazioni per i Gimbals come il DJI RS3 Pro e altri sistemi di sollevamento compatibili con ARCA.<\/p>\n<p>Tieni presente che questo dispositivo \u00e8 un DJI-Standard per ARCA e non \u00e8 compatibile con tutti i dispositivi. La compatibilit\u00e0 non \u00e8 garantita.<\/p>\n<p>Il K\u00e4fig si basa su un design elegante, che comprende diverse caratteristiche di sicurezza, per consentire la creazione di collegamenti tra la Kamera e il K\u00e4fig.<\/p>\n<p>Il design consente un facile accesso a tutte le funzioni pi\u00f9 utili del camcorder, come ad esempio il Blitzschuhs, che \u00e8 perfetto per l&#8217;inquadratura di oggetti come il Sony ECM-W2BT.<\/p>\n<p>Die HDMI-Kabelklemme offre una maggiore sicurezza per i cavi HDMI e i cavi di collegamento integrati consentono di ottenere un ingresso o un ingresso rapido dei cavi, anche se per l&#8217;utilizzo di questi Zubeh\u00f6r non \u00e8 necessario un dispositivo.<\/p>\n","protected":false},"excerpt":{"rendered":"<p>Introduzione al Kamerageh\u00e4use completo per Sony a7C II \/ a7C R Dieser K\u00e4fig sch\u00fctzt Ihr Kamerageh\u00e4use und er\u00f6ffnet unz\u00e4hlige M\u00f6glichkeiten f\u00fcr die Befestigung von zus\u00e4tzlichem Zubeh\u00f6r \u00fcber Befestigungspunkte wie einen Cold Shoe Receiver, eine NATO-Schiene und 1\/4\u2033-20-Gewinde mit Fixierpunkten. Il [&hellip;]<\/p>\n","protected":false},"featured_media":1984382,"comment_status":"closed","ping_status":"closed","template":"","meta":[],"product_cat":[1825],"product_tag":[],"acf":[],"gallery_images":[1949888,1949890,1948655,1948657,1948656],"_links":{"self":[{"href":"https:\/\/eu.tilta.com\/it\/wp-json\/wp\/v2\/product\/1984377"}],"collection":[{"href":"https:\/\/eu.tilta.com\/it\/wp-json\/wp\/v2\/product"}],"about":[{"href":"https:\/\/eu.tilta.com\/it\/wp-json\/wp\/v2\/types\/product"}],"replies":[{"embeddable":true,"href":"https:\/\/eu.tilta.com\/it\/wp-json\/wp\/v2\/comments?post=1984377"}],"wp:featuredmedia":[{"embeddable":true,"href":"https:\/\/eu.tilta.com\/it\/wp-json\/wp\/v2\/media\/1984382"}],"wp:attachment":[{"href":"https:\/\/eu.tilta.com\/it\/wp-json\/wp\/v2\/media?parent=1984377"}],"wp:term":[{"taxonomy":"product_cat","embeddable":true,"href":"https:\/\/eu.tilta.com\/it\/wp-json\/wp\/v2\/product_cat?post=1984377"},{"taxonomy":"product_tag","embeddable":true,"href":"https:\/\/eu.tilta.com\/it\/wp-json\/wp\/v2\/product_tag?post=1984377"}],"curies":[{"name":"wp","href":"https:\/\/api.w.org\/{rel}","templated":true}]}}