{"id":1984490,"date":"2023-09-13T11:36:08","date_gmt":"2023-09-13T09:36:08","guid":{"rendered":"https:\/\/de.tilta.com\/shop\/arca-baseplate-for-sony-zv-e1-black\/"},"modified":"2025-12-05T12:40:04","modified_gmt":"2025-12-05T11:40:04","slug":"arca-baseplate-for-sony-zv-e1-black","status":"publish","type":"product","link":"https:\/\/eu.tilta.com\/it\/shop\/arca-baseplate-for-sony-zv-e1-black\/","title":{"rendered":"Arca Baseplate for Sony ZV-E1 &#8211; Black"},"content":{"rendered":"<div class=\"overview-text\">\n<p><em>Presentazione della baseplate Arca per Sony ZV-E1<\/em><\/p>\n<p>Progettata per essere il pi\u00f9 compatta possibile, questa base ti permette di portare la tua videografia a nuovi livelli.<\/p>\n<p>Questa piastra di base supporta alcuni accessori esterni mantenendo un ingombro ridotto grazie a una filettatura da \u00bc&#8221;-20 e una da 3\/8-16, oltre a un punto di montaggio regolabile per il <a href=\"https:\/\/de.tilta.com\/shop\/cooling-system-for-sony-zv-e1-black\/\">modulo di raffreddamento ZV-E1<\/a>.<\/p>\n<p>Il fondamento di questa base \u00e8 la piastra inferiore ARCA-Swiss che consente agli utenti di passare rapidamente da una testa di treppiede all&#8217;altra e da un gimbal all&#8217;altro come il <a href=\"https:\/\/de.tilta.com\/product-category\/ecosystem-for-dji-ronin\/\">DJI Ronin RS2 e RS3 Pro<\/a>.<\/p>\n<p>Nota bene: questa gabbia utilizza lo standard DJI per l&#8217;ARCA e non \u00e8 compatibile con tutti i ricevitori. La compatibilit\u00e0 non \u00e8 garantita.<\/p>\n<p>Il design minimalista di questa base mantiene un accesso ininterrotto alle porte della fotocamera, ai pulsanti utente e al vano batteria senza dover rimuovere l&#8217;accessorio.<\/p>\n<\/div>\n","protected":false},"excerpt":{"rendered":"<p>Presentazione della baseplate Arca per Sony ZV-E1 Progettata per essere il pi\u00f9 compatta possibile, questa base ti permette di portare la tua videografia a nuovi livelli. Questa piastra di base supporta alcuni accessori esterni mantenendo un ingombro ridotto grazie a [&hellip;]<\/p>\n","protected":false},"featured_media":1984494,"comment_status":"closed","ping_status":"closed","template":"","meta":[],"product_cat":[1793],"product_tag":[],"acf":[],"gallery_images":[1948638,1948640,1948641,1948642,1948643],"_links":{"self":[{"href":"https:\/\/eu.tilta.com\/it\/wp-json\/wp\/v2\/product\/1984490"}],"collection":[{"href":"https:\/\/eu.tilta.com\/it\/wp-json\/wp\/v2\/product"}],"about":[{"href":"https:\/\/eu.tilta.com\/it\/wp-json\/wp\/v2\/types\/product"}],"replies":[{"embeddable":true,"href":"https:\/\/eu.tilta.com\/it\/wp-json\/wp\/v2\/comments?post=1984490"}],"wp:featuredmedia":[{"embeddable":true,"href":"https:\/\/eu.tilta.com\/it\/wp-json\/wp\/v2\/media\/1984494"}],"wp:attachment":[{"href":"https:\/\/eu.tilta.com\/it\/wp-json\/wp\/v2\/media?parent=1984490"}],"wp:term":[{"taxonomy":"product_cat","embeddable":true,"href":"https:\/\/eu.tilta.com\/it\/wp-json\/wp\/v2\/product_cat?post=1984490"},{"taxonomy":"product_tag","embeddable":true,"href":"https:\/\/eu.tilta.com\/it\/wp-json\/wp\/v2\/product_tag?post=1984490"}],"curies":[{"name":"wp","href":"https:\/\/api.w.org\/{rel}","templated":true}]}}