{"id":1984578,"date":"2023-09-13T21:05:19","date_gmt":"2023-09-13T19:05:19","guid":{"rendered":"https:\/\/de.tilta.com\/shop\/kit-base-del-sistema-di-raffreddamento-per-sony-zv-e1-nero\/"},"modified":"2025-12-05T12:40:25","modified_gmt":"2025-12-05T11:40:25","slug":"cooling-system-baseplate-kit-for-sony-zv-e1-black","status":"publish","type":"product","link":"https:\/\/eu.tilta.com\/it\/shop\/cooling-system-baseplate-kit-for-sony-zv-e1-black\/","title":{"rendered":"Kit base del sistema di raffreddamento per Sony ZV-E1 &#8211; Nero"},"content":{"rendered":"<div class=\"overview-text\">\n<p>Ti presentiamo il kit di base del sistema di raffreddamento per Sony ZV-E1: la nostra opzione pi\u00f9 leggera per espandere il potenziale della tua ZV-E1 e mantenere la tua fotocamera a temperature di esercizio corrette.<\/p>\n<p>Questa piastra di base \u00e8 stata progettata principalmente per collegare la tua videocamera ai ricevitori ARCA compatibili, come quello del DJI RS3 Pro.<\/p>\n<p>Nota bene: questo accessorio utilizza lo standard DJI per l&#8217;ARCA e la compatibilit\u00e0 con altri ricevitori ARCA non \u00e8 garantita.<\/p>\n<p>La piastra di base \u00e8 dotata di un punto di montaggio regolabile per il sistema di raffreddamento incluso, che consente agli utenti di sparare per periodi di tempo pi\u00f9 lunghi, soprattutto a temperature elevate.<\/p>\n<p>Questo sistema di raffreddamento pu\u00f2 essere facilmente alimentato tramite USB-C, il che offre agli utenti un&#8217;ampia gamma di opzioni per l&#8217;alimentazione, come ad esempio la nostra piastra per batterie della serie L di Sony.<\/p>\n<p>Il sistema \u00e8 dotato anche di una ventola regolabile, che consente di modificare la velocit\u00e0 per adattarsi a situazioni di ripresa variabili, il che \u00e8 particolarmente utile quando si cattura l&#8217;audio.<\/p>\n<p>Grazie all&#8217;ingombro minimalista di questo accessorio, puoi mantenere un accesso ininterrotto alle porte della fotocamera, ai pulsanti utente e al vano batteria senza dover rimuovere la piastra di base.<\/p>\n<p>Eleva la tua fotocamera con il kit di base del sistema di raffreddamento per Sony ZV-E1 e migliora la flessibilit\u00e0 del tuo flusso di lavoro!<\/p>\n<\/div>\n","protected":false},"excerpt":{"rendered":"<p>Ti presentiamo il kit di base del sistema di raffreddamento per Sony ZV-E1: la nostra opzione pi\u00f9 leggera per espandere il potenziale della tua ZV-E1 e mantenere la tua fotocamera a temperature di esercizio corrette. Questa piastra di base \u00e8 [&hellip;]<\/p>\n","protected":false},"featured_media":1984579,"comment_status":"closed","ping_status":"closed","template":"","meta":[],"product_cat":[1793],"product_tag":[],"acf":[],"gallery_images":[1984580,1984581,1984582,1984583,1984525],"_links":{"self":[{"href":"https:\/\/eu.tilta.com\/it\/wp-json\/wp\/v2\/product\/1984578"}],"collection":[{"href":"https:\/\/eu.tilta.com\/it\/wp-json\/wp\/v2\/product"}],"about":[{"href":"https:\/\/eu.tilta.com\/it\/wp-json\/wp\/v2\/types\/product"}],"replies":[{"embeddable":true,"href":"https:\/\/eu.tilta.com\/it\/wp-json\/wp\/v2\/comments?post=1984578"}],"wp:featuredmedia":[{"embeddable":true,"href":"https:\/\/eu.tilta.com\/it\/wp-json\/wp\/v2\/media\/1984579"}],"wp:attachment":[{"href":"https:\/\/eu.tilta.com\/it\/wp-json\/wp\/v2\/media?parent=1984578"}],"wp:term":[{"taxonomy":"product_cat","embeddable":true,"href":"https:\/\/eu.tilta.com\/it\/wp-json\/wp\/v2\/product_cat?post=1984578"},{"taxonomy":"product_tag","embeddable":true,"href":"https:\/\/eu.tilta.com\/it\/wp-json\/wp\/v2\/product_tag?post=1984578"}],"curies":[{"name":"wp","href":"https:\/\/api.w.org\/{rel}","templated":true}]}}