{"id":1984848,"date":"2023-08-18T09:56:40","date_gmt":"2023-08-18T07:56:40","guid":{"rendered":"https:\/\/de.tilta.com\/shop\/sistema-di-raffreddamento-per-sony-a6700-nero\/"},"modified":"2025-12-05T12:41:19","modified_gmt":"2025-12-05T11:41:19","slug":"cooling-system-for-sony-a6700-black","status":"publish","type":"product","link":"https:\/\/eu.tilta.com\/it\/shop\/cooling-system-for-sony-a6700-black\/","title":{"rendered":"Sistema di raffreddamento per Sony a6700 &#8211; Nero"},"content":{"rendered":"<div class=\"overview-text\">\n<p>Il sistema di raffreddamento per Sony a6700 \u00e8 l&#8217;accessorio perfetto per gli utenti che desiderano scattare per lunghi periodi di tempo in ambienti con temperature pi\u00f9 elevate.<\/p>\n<p>Il sistema si monta perfettamente sulla <a href=\"https:\/\/de.tilta.com\/shop\/full-camera-cage-for-sony-a6700\/\">gabbia per telecamera completa per Sony a6700<\/a> tramite una singola vite a testa piatta, che rende il processo di installazione facile e sicuro.<\/p>\n<p>Questo modulo di raffreddamento pu\u00f2 essere comodamente alimentato tramite USB-C, il che offre agli utenti numerose opzioni di alimentazione.<\/p>\n<p>Il sistema \u00e8 dotato anche di una ventola regolabile, che consente di modificare la velocit\u00e0 per adattarsi a situazioni di ripresa variabili, il che \u00e8 particolarmente utile quando si cattura l&#8217;audio.<\/p>\n<\/div>\n","protected":false},"excerpt":{"rendered":"<p>Il sistema di raffreddamento per Sony a6700 \u00e8 l&#8217;accessorio perfetto per gli utenti che desiderano scattare per lunghi periodi di tempo in ambienti con temperature pi\u00f9 elevate. Il sistema si monta perfettamente sulla gabbia per telecamera completa per Sony a6700 [&hellip;]<\/p>\n","protected":false},"featured_media":1984853,"comment_status":"closed","ping_status":"closed","template":"","meta":[],"product_cat":[1813],"product_tag":[],"acf":[],"gallery_images":[1947466,1947467,1947465],"_links":{"self":[{"href":"https:\/\/eu.tilta.com\/it\/wp-json\/wp\/v2\/product\/1984848"}],"collection":[{"href":"https:\/\/eu.tilta.com\/it\/wp-json\/wp\/v2\/product"}],"about":[{"href":"https:\/\/eu.tilta.com\/it\/wp-json\/wp\/v2\/types\/product"}],"replies":[{"embeddable":true,"href":"https:\/\/eu.tilta.com\/it\/wp-json\/wp\/v2\/comments?post=1984848"}],"wp:featuredmedia":[{"embeddable":true,"href":"https:\/\/eu.tilta.com\/it\/wp-json\/wp\/v2\/media\/1984853"}],"wp:attachment":[{"href":"https:\/\/eu.tilta.com\/it\/wp-json\/wp\/v2\/media?parent=1984848"}],"wp:term":[{"taxonomy":"product_cat","embeddable":true,"href":"https:\/\/eu.tilta.com\/it\/wp-json\/wp\/v2\/product_cat?post=1984848"},{"taxonomy":"product_tag","embeddable":true,"href":"https:\/\/eu.tilta.com\/it\/wp-json\/wp\/v2\/product_tag?post=1984848"}],"curies":[{"name":"wp","href":"https:\/\/api.w.org\/{rel}","templated":true}]}}