{"id":1985638,"date":"2023-08-04T09:57:28","date_gmt":"2023-08-04T07:57:28","guid":{"rendered":"https:\/\/de.tilta.com\/shop\/adattatore-per-asta-dji-tilta-da-15-mm-a-12-mm-20-cm-nero\/"},"modified":"2026-05-07T15:25:29","modified_gmt":"2026-05-07T13:25:29","slug":"tilta-15mm-to-12mm-dji-rod-adapter-20cm-black","status":"publish","type":"product","link":"https:\/\/eu.tilta.com\/it\/shop\/tilta-15mm-to-12mm-dji-rod-adapter-20cm-black\/","title":{"rendered":"Adattatore per asta DJI Tilta da 15 mm a 12 mm (20 cm) &#8211; Nero"},"content":{"rendered":"<p><em>Ti presentiamo l&#8217;adattatore per asta DJI Tilta da 15 mm a 12 mm, la soluzione perfetta per utilizzare il tuo motore di messa a fuoco DJI RS con un tradizionale attacco per asta da 15 mm!<\/em><\/p>\n<p>Questo accessorio presenta un diametro di 15 mm su un&#8217;estremit\u00e0 e un diametro di 12 mm sull&#8217;altra, consentendo agli utenti di montarlo su supporti per canne da 15 mm che si trovano sulle tradizionali piastre di base leggere o tramite i nostri <a href=\"https:\/\/de.tilta.com\/search-results?q=rod+holders\">supporti per canne a lato singolo<\/a>.<\/p>\n<p>In questo modo si crea un collegamento pi\u00f9 sicuro e si limita la possibilit\u00e0 che il motore di messa a fuoco si allontani dall&#8217;obiettivo, il che \u00e8 particolarmente utile quando si utilizza un obiettivo pi\u00f9 rigido o un adattatore.<\/p>\n<p>L&#8217;interno dell&#8217;estremit\u00e0 da 15 mm \u00e8 dotato di filettature da 11 mm che ti permettono di estendere la lunghezza dell&#8217;estremit\u00e0 se necessario.<\/p>\n","protected":false},"excerpt":{"rendered":"<p>Ti presentiamo l&#8217;adattatore per asta DJI Tilta da 15 mm a 12 mm, la soluzione perfetta per utilizzare il tuo motore di messa a fuoco DJI RS con un tradizionale attacco per asta da 15 mm! Questo accessorio presenta un [&hellip;]<\/p>\n","protected":false},"featured_media":1985686,"comment_status":"closed","ping_status":"closed","template":"","meta":[],"product_cat":[2250,2108],"product_tag":[],"acf":[],"gallery_images":[1985688,1985690,1985692,1985694,1985696],"_links":{"self":[{"href":"https:\/\/eu.tilta.com\/it\/wp-json\/wp\/v2\/product\/1985638"}],"collection":[{"href":"https:\/\/eu.tilta.com\/it\/wp-json\/wp\/v2\/product"}],"about":[{"href":"https:\/\/eu.tilta.com\/it\/wp-json\/wp\/v2\/types\/product"}],"replies":[{"embeddable":true,"href":"https:\/\/eu.tilta.com\/it\/wp-json\/wp\/v2\/comments?post=1985638"}],"wp:featuredmedia":[{"embeddable":true,"href":"https:\/\/eu.tilta.com\/it\/wp-json\/wp\/v2\/media\/1985686"}],"wp:attachment":[{"href":"https:\/\/eu.tilta.com\/it\/wp-json\/wp\/v2\/media?parent=1985638"}],"wp:term":[{"taxonomy":"product_cat","embeddable":true,"href":"https:\/\/eu.tilta.com\/it\/wp-json\/wp\/v2\/product_cat?post=1985638"},{"taxonomy":"product_tag","embeddable":true,"href":"https:\/\/eu.tilta.com\/it\/wp-json\/wp\/v2\/product_tag?post=1985638"}],"curies":[{"name":"wp","href":"https:\/\/api.w.org\/{rel}","templated":true}]}}