{"id":1985780,"date":"2023-08-04T19:43:05","date_gmt":"2023-08-04T17:43:05","guid":{"rendered":"https:\/\/de.tilta.com\/shop\/extended-arm-for-rs3-mini\/"},"modified":"2025-12-05T12:42:14","modified_gmt":"2025-12-05T11:42:14","slug":"extended-arm-for-rs3-mini","status":"publish","type":"product","link":"https:\/\/eu.tilta.com\/it\/shop\/extended-arm-for-rs3-mini\/","title":{"rendered":"Extended Arm for RS3 Mini"},"content":{"rendered":"<p><em>Ti presentiamo il braccio esteso per RS3 Mini, un piccolo accessorio che ha un grande impatto sulle capacit\u00e0 del tuo gimbal leggero!<\/em><\/p>\n<p>Questo braccio esteso sostituisce quello in dotazione all&#8217;RS3 Mini e permette al gimbal di accogliere pi\u00f9 facilmente dispositivi di varie dimensioni.<\/p>\n<p>Il braccio verticale \u00e8 stato allungato di 20 mm, abbassando di fatto il centro di gravit\u00e0 del carico utile del gimbal e consentendo agli utenti di bilanciare facilmente telecamere pi\u00f9 grandi di quelle che il gimbal potrebbe normalmente supportare, purch\u00e9 rientrino nel limite di peso del gimbal.<\/p>\n<p>La piastra di base ruotabile consente agli utenti di avere la massima flessibilit\u00e0 nel montaggio della fotocamera o del supporto del telefono in vari orientamenti e la funzionalit\u00e0 di sgancio rapido facilita il passaggio dall&#8217;RS3 Mini ad altri sistemi di supporto.<\/p>\n","protected":false},"excerpt":{"rendered":"<p>Ti presentiamo il braccio esteso per RS3 Mini, un piccolo accessorio che ha un grande impatto sulle capacit\u00e0 del tuo gimbal leggero! Questo braccio esteso sostituisce quello in dotazione all&#8217;RS3 Mini e permette al gimbal di accogliere pi\u00f9 facilmente dispositivi [&hellip;]<\/p>\n","protected":false},"featured_media":1985791,"comment_status":"closed","ping_status":"closed","template":"","meta":[],"product_cat":[2250],"product_tag":[],"acf":[],"gallery_images":[1985793,1985795,1985797,1985799,1985801,1985802],"_links":{"self":[{"href":"https:\/\/eu.tilta.com\/it\/wp-json\/wp\/v2\/product\/1985780"}],"collection":[{"href":"https:\/\/eu.tilta.com\/it\/wp-json\/wp\/v2\/product"}],"about":[{"href":"https:\/\/eu.tilta.com\/it\/wp-json\/wp\/v2\/types\/product"}],"replies":[{"embeddable":true,"href":"https:\/\/eu.tilta.com\/it\/wp-json\/wp\/v2\/comments?post=1985780"}],"wp:featuredmedia":[{"embeddable":true,"href":"https:\/\/eu.tilta.com\/it\/wp-json\/wp\/v2\/media\/1985791"}],"wp:attachment":[{"href":"https:\/\/eu.tilta.com\/it\/wp-json\/wp\/v2\/media?parent=1985780"}],"wp:term":[{"taxonomy":"product_cat","embeddable":true,"href":"https:\/\/eu.tilta.com\/it\/wp-json\/wp\/v2\/product_cat?post=1985780"},{"taxonomy":"product_tag","embeddable":true,"href":"https:\/\/eu.tilta.com\/it\/wp-json\/wp\/v2\/product_tag?post=1985780"}],"curies":[{"name":"wp","href":"https:\/\/api.w.org\/{rel}","templated":true}]}}