{"id":1986008,"date":"2023-07-20T12:33:17","date_gmt":"2023-07-20T10:33:17","guid":{"rendered":"https:\/\/de.tilta.com\/shop\/cooling-system-for-sony-zv-e1-black\/"},"modified":"2025-12-10T14:54:15","modified_gmt":"2025-12-10T13:54:15","slug":"cooling-system-for-sony-zv-e1-black","status":"publish","type":"product","link":"https:\/\/eu.tilta.com\/it\/shop\/cooling-system-for-sony-zv-e1-black\/","title":{"rendered":"Cooling System for Sony ZV-E1 &#8211; Black"},"content":{"rendered":"<p>Il sistema di raffreddamento aggiornato per Sony ZV-E1 \u00e8 l&#8217;accessorio perfetto per gli utenti che desiderano scattare per lunghi periodi di tempo in ambienti con temperature pi\u00f9 elevate.<\/p>\n<p>Il sistema si monta perfettamente sulla gabbia per telecamera completa per Sony ZV-E1 tramite due viti a testa zigrinata, il che rende il processo di installazione rapido ed efficiente.<\/p>\n<p>Questo modulo di raffreddamento pu\u00f2 essere comodamente alimentato tramite USB-C, il che offre agli utenti numerose opzioni di alimentazione.<\/p>\n<p>Il sistema \u00e8 dotato anche di una ventola regolabile, che consente di modificare la velocit\u00e0 per adattarsi a situazioni di ripresa variabili, il che \u00e8 particolarmente utile quando si cattura l&#8217;audio.<\/p>\n<p>&nbsp;<\/p>\n","protected":false},"excerpt":{"rendered":"<p>Il sistema di raffreddamento aggiornato per Sony ZV-E1 \u00e8 l&#8217;accessorio perfetto per gli utenti che desiderano scattare per lunghi periodi di tempo in ambienti con temperature pi\u00f9 elevate. Il sistema si monta perfettamente sulla gabbia per telecamera completa per Sony [&hellip;]<\/p>\n","protected":false},"featured_media":1986013,"comment_status":"closed","ping_status":"closed","template":"","meta":[],"product_cat":[1793],"product_tag":[],"acf":[],"gallery_images":[1986014,1986016,1986018,1986020,1986022,1986025],"_links":{"self":[{"href":"https:\/\/eu.tilta.com\/it\/wp-json\/wp\/v2\/product\/1986008"}],"collection":[{"href":"https:\/\/eu.tilta.com\/it\/wp-json\/wp\/v2\/product"}],"about":[{"href":"https:\/\/eu.tilta.com\/it\/wp-json\/wp\/v2\/types\/product"}],"replies":[{"embeddable":true,"href":"https:\/\/eu.tilta.com\/it\/wp-json\/wp\/v2\/comments?post=1986008"}],"wp:featuredmedia":[{"embeddable":true,"href":"https:\/\/eu.tilta.com\/it\/wp-json\/wp\/v2\/media\/1986013"}],"wp:attachment":[{"href":"https:\/\/eu.tilta.com\/it\/wp-json\/wp\/v2\/media?parent=1986008"}],"wp:term":[{"taxonomy":"product_cat","embeddable":true,"href":"https:\/\/eu.tilta.com\/it\/wp-json\/wp\/v2\/product_cat?post=1986008"},{"taxonomy":"product_tag","embeddable":true,"href":"https:\/\/eu.tilta.com\/it\/wp-json\/wp\/v2\/product_tag?post=1986008"}],"curies":[{"name":"wp","href":"https:\/\/api.w.org\/{rel}","templated":true}]}}