{"id":1987095,"date":"2023-06-15T09:38:19","date_gmt":"2023-06-15T07:38:19","guid":{"rendered":"https:\/\/de.tilta.com\/shop\/mezza-gabbia-per-fotocamera-per-sony-zv-e1\/"},"modified":"2025-12-05T12:42:59","modified_gmt":"2025-12-05T11:42:59","slug":"half-camera-cage-for-sony-zv-e1","status":"publish","type":"product","link":"https:\/\/eu.tilta.com\/it\/shop\/half-camera-cage-for-sony-zv-e1\/","title":{"rendered":"Mezza gabbia per fotocamera per Sony ZV-E1"},"content":{"rendered":"<p><em>Ti presentiamo la gabbia per mezza fotocamera per Sony ZV-E1: l&#8217;opzione pi\u00f9 leggera per espandere le capacit\u00e0 video della tua fotocamera mantenendo un fattore di forma ridotto!<\/em><\/p>\n<p>Progettata per essere compatta ma il pi\u00f9 possibile accomodante, questa gabbia per videocamera ti permette di portare la tua videografia a nuovi livelli.<\/p>\n<p>Questa mezza gabbia supporta un&#8217;ampia gamma di accessori esterni mantenendo un ingombro ridotto grazie a molteplici opzioni di montaggio, tra cui un ricevitore Cold Shoe, una guida NATO, filettature M3 per il supporto dell&#8217;obiettivo e filettature \u00bc&#8221;-20 con punti di aggancio.<\/p>\n<p>Prova a passare senza problemi dalle configurazioni di ripresa orizzontali a quelle verticali grazie alla piastra a sgancio rapido ARCA rimovibile che pu\u00f2 essere montata sia sul fondo che sul lato della gabbia.<\/p>\n<p>Compatibile con il microfono wireless ECM-W2BT di Sony, questa gabbia per telecamera offre una perfetta integrazione con la tua configurazione audio.<\/p>\n<p>Grazie alla forma a L della staffa, questa gabbia ti permette di mantenere un accesso ininterrotto alle porte della fotocamera, ai pulsanti utente e al vano batteria senza doverla rimuovere.<\/p>\n<p><em>Migliora la tua videografia con la Half Camera Cage per Sony ZV-E1 e sblocca il vero potenziale della tua videocamera.<\/em><\/p>\n","protected":false},"excerpt":{"rendered":"<p>Ti presentiamo la gabbia per mezza fotocamera per Sony ZV-E1: l&#8217;opzione pi\u00f9 leggera per espandere le capacit\u00e0 video della tua fotocamera mantenendo un fattore di forma ridotto! Progettata per essere compatta ma il pi\u00f9 possibile accomodante, questa gabbia per videocamera [&hellip;]<\/p>\n","protected":false},"featured_media":1987117,"comment_status":"closed","ping_status":"closed","template":"","meta":[],"product_cat":[1793],"product_tag":[],"acf":[],"gallery_images":[1944632,1944631,1944567,1944568,1944569],"_links":{"self":[{"href":"https:\/\/eu.tilta.com\/it\/wp-json\/wp\/v2\/product\/1987095"}],"collection":[{"href":"https:\/\/eu.tilta.com\/it\/wp-json\/wp\/v2\/product"}],"about":[{"href":"https:\/\/eu.tilta.com\/it\/wp-json\/wp\/v2\/types\/product"}],"replies":[{"embeddable":true,"href":"https:\/\/eu.tilta.com\/it\/wp-json\/wp\/v2\/comments?post=1987095"}],"wp:featuredmedia":[{"embeddable":true,"href":"https:\/\/eu.tilta.com\/it\/wp-json\/wp\/v2\/media\/1987117"}],"wp:attachment":[{"href":"https:\/\/eu.tilta.com\/it\/wp-json\/wp\/v2\/media?parent=1987095"}],"wp:term":[{"taxonomy":"product_cat","embeddable":true,"href":"https:\/\/eu.tilta.com\/it\/wp-json\/wp\/v2\/product_cat?post=1987095"},{"taxonomy":"product_tag","embeddable":true,"href":"https:\/\/eu.tilta.com\/it\/wp-json\/wp\/v2\/product_tag?post=1987095"}],"curies":[{"name":"wp","href":"https:\/\/api.w.org\/{rel}","templated":true}]}}