{"id":1987537,"date":"2023-06-13T09:53:27","date_gmt":"2023-06-13T07:53:27","guid":{"rendered":"https:\/\/de.tilta.com\/shop\/morsetto-di-montaggio-per-accessori-tilta-nero\/"},"modified":"2025-12-05T12:42:53","modified_gmt":"2025-12-05T11:42:53","slug":"tilta-accessory-mounting-clamp-black","status":"publish","type":"product","link":"https:\/\/eu.tilta.com\/it\/shop\/tilta-accessory-mounting-clamp-black\/","title":{"rendered":"Morsetto di montaggio per accessori Tilta &#8211; Nero"},"content":{"rendered":"<p><em>Il morsetto per il montaggio degli accessori Tilta \u00e8 un morsetto versatile, progettato per fissarsi in modo sicuro su varie parti, garantendoti la libert\u00e0 di montare con facilit\u00e0 un&#8217;ampia gamma di accessori.<\/em><\/p>\n<p>Grazie alle filettature da 1\/4&#8243;-20 e 3\/8&#8243;-16 con punti di aggancio, questo morsetto apre un mondo di opportunit\u00e0 per il montaggio di accessori come bracci articolati, monitor esterni, microfoni a braccio, luci LED, trasmettitori video wireless e piccole batterie.<\/p>\n<p>Grazie all&#8217;impugnatura antiscivolo in silicone, puoi essere certo che la tua attrezzatura rimarr\u00e0 saldamente in posizione, anche durante gli scatti e i movimenti dinamici.<\/p>\n<p>Il morsetto di montaggio accessori Tilta si apre fino a 30 mm e si stringe fino a 13 mm con una capacit\u00e0 di peso massima di 3 kg.<\/p>\n<p>Non limitandosi alle opzioni di montaggio convenzionali, questo morsetto \u00e8 perfetto per fissare gli accessori a gimbal, stativi o anche come modo unico per montare una piccola action camera.<\/p>\n<p><em>Se sei un regista, un fotografo o un creatore di contenuti, il morsetto di montaggio per accessori Tilta ti apre un mondo di possibilit\u00e0 creative.<\/em><\/p>\n","protected":false},"excerpt":{"rendered":"<p>Il morsetto per il montaggio degli accessori Tilta \u00e8 un morsetto versatile, progettato per fissarsi in modo sicuro su varie parti, garantendoti la libert\u00e0 di montare con facilit\u00e0 un&#8217;ampia gamma di accessori. Grazie alle filettature da 1\/4&#8243;-20 e 3\/8&#8243;-16 con [&hellip;]<\/p>\n","protected":false},"featured_media":1987549,"comment_status":"closed","ping_status":"closed","template":"","meta":[],"product_cat":[1840,1867,1866],"product_tag":[],"acf":[],"gallery_images":[1987551,1987553,1987555,1987556,1987558,1987559],"_links":{"self":[{"href":"https:\/\/eu.tilta.com\/it\/wp-json\/wp\/v2\/product\/1987537"}],"collection":[{"href":"https:\/\/eu.tilta.com\/it\/wp-json\/wp\/v2\/product"}],"about":[{"href":"https:\/\/eu.tilta.com\/it\/wp-json\/wp\/v2\/types\/product"}],"replies":[{"embeddable":true,"href":"https:\/\/eu.tilta.com\/it\/wp-json\/wp\/v2\/comments?post=1987537"}],"wp:featuredmedia":[{"embeddable":true,"href":"https:\/\/eu.tilta.com\/it\/wp-json\/wp\/v2\/media\/1987549"}],"wp:attachment":[{"href":"https:\/\/eu.tilta.com\/it\/wp-json\/wp\/v2\/media?parent=1987537"}],"wp:term":[{"taxonomy":"product_cat","embeddable":true,"href":"https:\/\/eu.tilta.com\/it\/wp-json\/wp\/v2\/product_cat?post=1987537"},{"taxonomy":"product_tag","embeddable":true,"href":"https:\/\/eu.tilta.com\/it\/wp-json\/wp\/v2\/product_tag?post=1987537"}],"curies":[{"name":"wp","href":"https:\/\/api.w.org\/{rel}","templated":true}]}}