{"id":1989024,"date":"2023-02-20T10:21:33","date_gmt":"2023-02-20T09:21:33","guid":{"rendered":"https:\/\/de.tilta.com\/shop\/gabbia-fotografica-completa-per-canon-r6-mark-ii\/"},"modified":"2025-12-05T12:46:57","modified_gmt":"2025-12-05T11:46:57","slug":"full-camera-cage-for-canon-r6-mark-ii","status":"publish","type":"product","link":"https:\/\/eu.tilta.com\/it\/shop\/full-camera-cage-for-canon-r6-mark-ii\/","title":{"rendered":"Gabbia fotografica completa per Canon R6 Mark II"},"content":{"rendered":"<p>Ti presentiamo la gabbia completa per Canon R6 Mark II, la base definitiva che offre diverse opzioni per montare gli accessori e fissare la tua fotocamera.<\/p>\n<p>Questa gabbia per fotocamera di alta qualit\u00e0 \u00e8 stata progettata appositamente per migliorare la funzionalit\u00e0 della tua fotocamera e allo stesso tempo per fornirle una protezione extra, preservandola da graffi e urti.<\/p>\n<p>La gabbia ha diversi punti di montaggio, tra cui una rosetta ARRI, una guida NATO, una slitta a freddo, filettature da 1\/4&#8243;-20 con perni di posizionamento, che offrono numerose opzioni per montare i tuoi accessori.<\/p>\n<p>Supporta anche la nostra impugnatura superiore NATO ed \u00e8 compatibile con il nostro nuovo sistema di basette modulari, che consente di montare ancora pi\u00f9 accessori.<\/p>\n<p>Il morsetto per cavi USB-C incluso nella gabbia aiuta a fissare i cavi, assicurando che non si allentino durante l&#8217;uso.<\/p>\n<p>Questo \u00e8 particolarmente utile durante le riprese video, in quanto garantisce che i cavi non si scolleghino accidentalmente rovinando le riprese.<\/p>\n<p>Nel complesso, la gabbia completa per Canon R6 Mark II \u00e8 una base fantastica per migliorare ulteriormente le funzionalit\u00e0 della videocamera per la produzione video ed \u00e8 l&#8217;accessorio perfetto per chiunque voglia migliorare la propria produzione video.<\/p>\n<p>&nbsp;<\/p>\n","protected":false},"excerpt":{"rendered":"<p>Ti presentiamo la gabbia completa per Canon R6 Mark II, la base definitiva che offre diverse opzioni per montare gli accessori e fissare la tua fotocamera. Questa gabbia per fotocamera di alta qualit\u00e0 \u00e8 stata progettata appositamente per migliorare la [&hellip;]<\/p>\n","protected":false},"featured_media":1989032,"comment_status":"closed","ping_status":"closed","template":"","meta":[],"product_cat":[1786],"product_tag":[],"acf":[],"gallery_images":[1938647,1938648,1938655,1938777,1938778],"_links":{"self":[{"href":"https:\/\/eu.tilta.com\/it\/wp-json\/wp\/v2\/product\/1989024"}],"collection":[{"href":"https:\/\/eu.tilta.com\/it\/wp-json\/wp\/v2\/product"}],"about":[{"href":"https:\/\/eu.tilta.com\/it\/wp-json\/wp\/v2\/types\/product"}],"replies":[{"embeddable":true,"href":"https:\/\/eu.tilta.com\/it\/wp-json\/wp\/v2\/comments?post=1989024"}],"wp:featuredmedia":[{"embeddable":true,"href":"https:\/\/eu.tilta.com\/it\/wp-json\/wp\/v2\/media\/1989032"}],"wp:attachment":[{"href":"https:\/\/eu.tilta.com\/it\/wp-json\/wp\/v2\/media?parent=1989024"}],"wp:term":[{"taxonomy":"product_cat","embeddable":true,"href":"https:\/\/eu.tilta.com\/it\/wp-json\/wp\/v2\/product_cat?post=1989024"},{"taxonomy":"product_tag","embeddable":true,"href":"https:\/\/eu.tilta.com\/it\/wp-json\/wp\/v2\/product_tag?post=1989024"}],"curies":[{"name":"wp","href":"https:\/\/api.w.org\/{rel}","templated":true}]}}