{"id":1989072,"date":"2023-02-21T10:24:37","date_gmt":"2023-02-21T09:24:37","guid":{"rendered":"https:\/\/de.tilta.com\/shop\/tilta-canon-r6-mark-ii-kit-base\/"},"modified":"2025-12-05T12:46:58","modified_gmt":"2025-12-05T11:46:58","slug":"tilta-canon-r6-mark-ii-basic-kit","status":"publish","type":"product","link":"https:\/\/eu.tilta.com\/it\/shop\/tilta-canon-r6-mark-ii-basic-kit\/","title":{"rendered":"Tilta Canon R6 Mark II Kit base"},"content":{"rendered":"<p>Ti presentiamo il Basic Kit per Canon R6 Mark II, la soluzione perfetta per espandere le funzionalit\u00e0 video della tua R6 Mark II.<\/p>\n<p>Questa gabbia per fotocamera di alta qualit\u00e0 \u00e8 stata progettata appositamente per migliorare le funzionalit\u00e0 della tua fotocamera e allo stesso tempo fornirle una protezione extra, preservandola da graffi e urti.<\/p>\n<p>La gabbia ha diversi punti di montaggio, tra cui una rosetta ARRI, una guida NATO, una slitta a freddo, filettature da 1\/4\u2033-20 con perni di posizionamento, che offrono numerose opzioni per montare i tuoi accessori.<\/p>\n<p>Il kit di base include l&#8217;impugnatura superiore NATO che offre una maggiore flessibilit\u00e0 di utilizzo e manipolazione.<\/p>\n<p>L&#8217;impugnatura include diversi punti di montaggio, tra cui un ricevitore cold shoe che pu\u00f2 essere utilizzato per montare un monitor esterno tramite la nostra <a href=\"https:\/\/de.tilta.com\/shop\/tiltaing-adjustable-cold-shoe-accessory-mounting-bracket\/\">staffa di montaggio per accessori cold shoe<\/a>.<\/p>\n<p>Nel kit \u00e8 inclusa la nostra nuova piastra di base universale LWS da 15 mm che aggiunge un supporto per le aste da 15 mm e amplia le opzioni di montaggio di accessori basati su aste come i motori di messa a fuoco o le scatole opache.<\/p>\n<p>Il nuovo design modulare \u00e8 dotato di un ricevitore ARCA che rende semplice e veloce lo scambio tra un gimbal Ronin serie S e questa base.<\/p>\n<p>Questo adattatore ARCA pu\u00f2 anche essere rimosso, consentendoti di montare altre gabbie o sistemi di telecamere direttamente tramite due viti da 1\/4&#8243; -20.<\/p>\n<p>Questa piastra di base \u00e8 compatibile con le nostre code di rondine standard Tilta e pu\u00f2 ospitare una serie di piastre a sgancio rapido con filettature da 1\/4\u2033-20 e 3\/8\u2033-16.<\/p>\n<p>Il morsetto per cavi USB-C incluso nella gabbia aiuta a fissare i cavi, assicurando che non si allentino durante l&#8217;uso.<\/p>\n<p>Questo \u00e8 particolarmente utile durante le riprese video, in quanto garantisce che i cavi non si scolleghino accidentalmente rovinando le riprese.<\/p>\n<p>Nel complesso, la gabbia di base per Canon R6 Mark II migliora le funzionalit\u00e0 della videocamera in un ambiente di produzione video ed \u00e8 la collezione di accessori perfetta per chi vuole portare il proprio lavoro a un livello superiore.<\/p>\n","protected":false},"excerpt":{"rendered":"<p>Ti presentiamo il Basic Kit per Canon R6 Mark II, la soluzione perfetta per espandere le funzionalit\u00e0 video della tua R6 Mark II. Questa gabbia per fotocamera di alta qualit\u00e0 \u00e8 stata progettata appositamente per migliorare le funzionalit\u00e0 della tua [&hellip;]<\/p>\n","protected":false},"featured_media":1989084,"comment_status":"closed","ping_status":"closed","template":"","meta":[],"product_cat":[1786],"product_tag":[],"acf":[],"gallery_images":[1938699,1938700,1938655,1938777,1938778],"_links":{"self":[{"href":"https:\/\/eu.tilta.com\/it\/wp-json\/wp\/v2\/product\/1989072"}],"collection":[{"href":"https:\/\/eu.tilta.com\/it\/wp-json\/wp\/v2\/product"}],"about":[{"href":"https:\/\/eu.tilta.com\/it\/wp-json\/wp\/v2\/types\/product"}],"replies":[{"embeddable":true,"href":"https:\/\/eu.tilta.com\/it\/wp-json\/wp\/v2\/comments?post=1989072"}],"wp:featuredmedia":[{"embeddable":true,"href":"https:\/\/eu.tilta.com\/it\/wp-json\/wp\/v2\/media\/1989084"}],"wp:attachment":[{"href":"https:\/\/eu.tilta.com\/it\/wp-json\/wp\/v2\/media?parent=1989072"}],"wp:term":[{"taxonomy":"product_cat","embeddable":true,"href":"https:\/\/eu.tilta.com\/it\/wp-json\/wp\/v2\/product_cat?post=1989072"},{"taxonomy":"product_tag","embeddable":true,"href":"https:\/\/eu.tilta.com\/it\/wp-json\/wp\/v2\/product_tag?post=1989072"}],"curies":[{"name":"wp","href":"https:\/\/api.w.org\/{rel}","templated":true}]}}