{"id":1989249,"date":"2023-01-18T14:31:35","date_gmt":"2023-01-18T13:31:35","guid":{"rendered":"https:\/\/de.tilta.com\/shop\/maniglia-pd-laterale-sinistra-tilta-con-run-stop-tipo-viii-nero\/"},"modified":"2026-02-05T17:28:17","modified_gmt":"2026-02-05T16:28:17","slug":"tilta-left-side-pd-handle-with-run-stop-type-viii-black","status":"publish","type":"product","link":"https:\/\/eu.tilta.com\/it\/shop\/tilta-left-side-pd-handle-with-run-stop-type-viii-black\/","title":{"rendered":"Maniglia PD laterale sinistra Tilta con Run\/Stop Tipo VIII &#8211; Nero"},"content":{"rendered":"<p class=\"lead\"><em>Questa impugnatura laterale di nuova generazione \u00e8 l&#8217;opzione definitiva per alimentare diverse fotocamere e accessori tramite una batteria interna con uscite di alimentazione avanzate.<\/em><\/p>\n<p>Dotato di una batteria interna ad alta capacit\u00e0, questo manico offre un&#8217;uscita PD da 60W per un tempo di funzionamento pi\u00f9 lungo, fino al 170% in pi\u00f9 rispetto alla batteria interna di una fotocamera media.<\/p>\n<p>Il manico \u00e8 dotato di due porte USB-C, di cui una con protocollo di ricarica rapida PD che consente al manico di caricare o alimentare un dispositivo con la massima quantit\u00e0 di energia che il dispositivo specifico pu\u00f2 supportare.<\/p>\n<p>La leva di sblocco consente di regolare in modo rapido e preciso l&#8217;angolazione dell&#8217;impugnatura, semplificando le operazioni e creando un flusso di lavoro pi\u00f9 efficiente.<\/p>\n<p>L&#8217;impugnatura \u00e8 dotata di diverse opzioni di montaggio, tra cui un ricevitore cold shoe e una filettatura da 1\/4&#8243;-20 per montare accessori come <a href=\"https:\/\/de.tilta.com\/shop\/tiltaing-mini-articulating-arm\/\">piccoli bracci articolati<\/a> o monitor esterni.<\/p>\n<p>Il manico \u00e8 dotato anche di un cinturino da polso per una maggiore stabilit\u00e0 e di una porta USB-C standard per il controllo RUN\/STOP.<\/p>\n<p>La struttura in metallo di alta qualit\u00e0 e la copertura antiscivolo garantiscono una maggiore sicurezza e un utilizzo confortevole.<\/p>\n<p><em>Porta la tua attrezzatura fotografica a un livello superiore con l&#8217;impugnatura laterale sinistra PD di Tilta, un accessorio potente ed ergonomico progettato per offrire un&#8217;esperienza di ripresa senza interruzioni.<\/em><\/p>\n<p><strong><span style=\"text-decoration: underline;\">NOTA<\/span>: la ricarica rapida PD <span style=\"text-decoration: underline;\">non<\/span> \u00e8 compatibile con tutte le fotocamere. Prima di utilizzare questa impugnatura, verifica la compatibilit\u00e0 della tua fotocamera.  <\/strong><\/p>\n<p><strong>PER UTILIZZARE L&#8217;ALIMENTAZIONE DEL PD \u00c8 <span style=\"text-decoration: underline;\">NECESSARIA<\/span> UNA BATTERIA INTERNA DELLA FOTOCAMERA.<\/strong><\/p>\n<p>&nbsp;<\/p>\n","protected":false},"excerpt":{"rendered":"<p>Questa impugnatura laterale di nuova generazione \u00e8 l&#8217;opzione definitiva per alimentare diverse fotocamere e accessori tramite una batteria interna con uscite di alimentazione avanzate. Dotato di una batteria interna ad alta capacit\u00e0, questo manico offre un&#8217;uscita PD da 60W per [&hellip;]<\/p>\n","protected":false},"featured_media":1989253,"comment_status":"closed","ping_status":"closed","template":"","meta":[],"product_cat":[1786,1769,2051,2052],"product_tag":[],"acf":[],"gallery_images":[1989254,1989255,1989256,1989257,1989258],"_links":{"self":[{"href":"https:\/\/eu.tilta.com\/it\/wp-json\/wp\/v2\/product\/1989249"}],"collection":[{"href":"https:\/\/eu.tilta.com\/it\/wp-json\/wp\/v2\/product"}],"about":[{"href":"https:\/\/eu.tilta.com\/it\/wp-json\/wp\/v2\/types\/product"}],"replies":[{"embeddable":true,"href":"https:\/\/eu.tilta.com\/it\/wp-json\/wp\/v2\/comments?post=1989249"}],"wp:featuredmedia":[{"embeddable":true,"href":"https:\/\/eu.tilta.com\/it\/wp-json\/wp\/v2\/media\/1989253"}],"wp:attachment":[{"href":"https:\/\/eu.tilta.com\/it\/wp-json\/wp\/v2\/media?parent=1989249"}],"wp:term":[{"taxonomy":"product_cat","embeddable":true,"href":"https:\/\/eu.tilta.com\/it\/wp-json\/wp\/v2\/product_cat?post=1989249"},{"taxonomy":"product_tag","embeddable":true,"href":"https:\/\/eu.tilta.com\/it\/wp-json\/wp\/v2\/product_tag?post=1989249"}],"curies":[{"name":"wp","href":"https:\/\/api.w.org\/{rel}","templated":true}]}}