{"id":1989526,"date":"2023-01-03T20:44:25","date_gmt":"2023-01-03T19:44:25","guid":{"rendered":"https:\/\/de.tilta.com\/shop\/braccio-hydra-mini\/"},"modified":"2025-12-05T12:47:38","modified_gmt":"2025-12-05T11:47:38","slug":"hydra-arm-mini","status":"publish","type":"product","link":"https:\/\/eu.tilta.com\/it\/shop\/hydra-arm-mini\/","title":{"rendered":"Braccio Hydra Mini"},"content":{"rendered":"<p class=\"lead\"><em>Hydra-Arm Mini \u00e8 l&#8217;ultima gru per camera car per il cinema. La cinematografia complessa montata su veicoli \u00e8 oggi pi\u00f9 che mai alla portata dei registi.<\/em><\/p>\n<p>Il sistema \u00e8 portatile, leggero e relativamente facile da usare per riprendere i veicoli da pi\u00f9 angolazioni mentre sono in movimento.<\/p>\n<p>Progettato specificamente per l&#8217;RS 3 PRO e l&#8217;RS 2, ma compatibile con una vasta gamma di gimbal e sistemi di videocamere come Ronin 4D, Ronin MX, Freefly Movi Pro.<\/p>\n<p>Il design leggero e senza contrappeso rende il sistema pi\u00f9 veloce da installare e pi\u00f9 sicuro da utilizzare, poich\u00e9 gli utenti dovranno concentrarsi solo su un&#8217;estremit\u00e0 del braccio in qualsiasi momento.<\/p>\n<p>Il kit Pro include ventose, binari di scorrimento e cinghie a cricchetto che consentono di montare facilmente il sistema sulla maggior parte dei veicoli in grado di sostenere il peso di 176 libbre del braccio, senza includere un gimbal o una videocamera.<\/p>\n<p>Il kit di base sar\u00e0 disponibile nel prossimo futuro senza hardware di montaggio per gli utenti che possiedono gi\u00e0 uno <a href=\"https:\/\/de.tilta.com\/shop\/speed-rail-car-mounting-kit\/\">Speed Rail da 50 mm<\/a> o che desiderano costruire il proprio supporto permanente.<\/p>\n<p>Sono disponibili kit di ventose opzionali per veicoli con tetti di varie dimensioni, compresi quelli panoramici, e un kit elettronico opzionale che consente agli utenti di monitorare la pressione delle ventose da remoto per una maggiore sicurezza.<\/p>\n<p>Il braccio ammortizzatore aiuta a stabilizzare il gimbal quando si opera su superfici irregolari e pu\u00f2 essere regolato per diversi carichi utili.<\/p>\n<p>La testa ammortizzante del braccio pu\u00f2 essere regolata individualmente sia per l&#8217;asse orizzontale che per quello verticale.<\/p>\n<p>Il controller incluso si collega tramite una connessione cablata che garantisce una comunicazione affidabile con il braccio.<\/p>\n<p>Il controller consente all&#8217;operatore di accedere a varie opzioni per gli assi di inclinazione e di panoramica, tra cui le limitazioni di velocit\u00e0, smorzamento e raggio di movimento per ciascun asse.<\/p>\n<p>Le impostazioni utente personalizzate consentono all&#8217;operatore di scegliere tra una serie di configurazioni in modo da poter operare nel modo pi\u00f9 comodo per lui.<\/p>\n<p>La modalit\u00e0 Pro \u00e8 un&#8217;opzione di controllo ampliata che consente agli utenti di controllare contemporaneamente l&#8217;Hydra Arm Mini e un gimbal RS2\/RS3 Pro attraverso il controller.<\/p>\n<p>Si prega di notare che questo non \u00e8 raccomandato per la maggior parte delle situazioni di ripresa ed \u00e8 consigliato solo con le dovute precauzioni.<\/p>\n<p>Il sistema pu\u00f2 supportare velocit\u00e0 fino a 120 km\/h in condizioni ideali, ma si consiglia di mantenere la velocit\u00e0 a 60 km\/h o meno, soprattutto quando si utilizzano fotocamere pi\u00f9 pesanti o gimbal pi\u00f9 leggeri.<\/p>\n<p>I fattori principali che influiscono sulle velocit\u00e0 di funzionamento sono il peso della videocamera, la resistenza del gimbal e le condizioni atmosferiche.<\/p>\n<p>\u00c8 possibile utilizzare anche altri sistemi cardanici, purch\u00e9 possano essere montati con filettature da 1\/4&#8243;-20, alimentati con batterie V-Mount e non superino il limite di peso di 22 libbre.<\/p>\n<p>Il sistema include una piastra per batterie V-Mount montata all&#8217;estremit\u00e0 del braccio che consente agli utenti di alimentare il gimbal tramite il cavo di alimentazione P-Tap a 2 pin incluso o con un altro cavo se necessario.<\/p>\n<p>*Una piastra per batteria opzionale con montaggio in oro sar\u00e0 disponibile come acquisto aggiuntivo nel prossimo futuro.<\/p>\n<p>Il braccio stesso non dispone di alcuna funzione di alimentazione o di passaggio video, pertanto dovrai utilizzare un trasmettitore video wireless (non incluso) e alimentare la tua videocamera tramite le batterie integrate o la piastra per batterie Gold\/V-Mount presente sul braccio.<\/p>\n<p><strong>Per alimentare il sistema \u00e8 necessaria una fonte di alimentazione da 220V 1800wH+ che non \u00e8 inclusa.  <\/strong><\/p>\n<p><strong>Consigliamo l&#8217;<a href=\"https:\/\/us.ecoflow.com\/products\/delta-portable-power-station?currency=USD&amp;variant=39438995456073\">EcoFlow Delta<\/a> e un <a href=\"https:\/\/www.amazon.com\/Transformer-Converter-VQBAA-Electrical-Equipment\/dp\/B09M3YSVFF\/ref=sr_1_6?crid=3R9U7JTJK39SQ&amp;keywords=110v%2Bto%2B220v%2B3000W&amp;qid=1680727705&amp;s=electronics&amp;sprefix=110v%2Bto%2B220v%2B3000w%2Celectronics%2C168&amp;sr=1-6&amp;ufe=app_do%3Aamzn1.fos.f5122f16-c3e8-4386-bf32-63e904010ad0&amp;th=1\">convertitore di potenza da 110 a 220V<\/a> (3000W+) se necessario.  <\/strong><\/p>\n<p><strong><span style=\"text-decoration: underline;\">POLITICA DI RESTITUZIONE<\/span>: Questo sistema pu\u00f2 essere restituito entro 30 giorni, ma sar\u00e0 soggetto a una Tassa di Ripristino del 30% a meno che il sistema non sia difettoso.  <\/strong><\/p>\n<p><strong>Le spedizioni di ritorno per le unit\u00e0 non difettose non riceveranno etichette di ritorno.  <\/strong><\/p>\n<p>&nbsp;<\/p>\n","protected":false},"excerpt":{"rendered":"<p>Hydra-Arm Mini \u00e8 l&#8217;ultima gru per camera car per il cinema. La cinematografia complessa montata su veicoli \u00e8 oggi pi\u00f9 che mai alla portata dei registi. Il sistema \u00e8 portatile, leggero e relativamente facile da usare per riprendere i veicoli [&hellip;]<\/p>\n","protected":false},"featured_media":1989550,"comment_status":"closed","ping_status":"closed","template":"","meta":[],"product_cat":[1869],"product_tag":[],"acf":[],"gallery_images":[1989551,1989552,1989553,1989555,1989557,1989559,1989561,1989562,1989564,1989566,1989569,1989570,1989572],"_links":{"self":[{"href":"https:\/\/eu.tilta.com\/it\/wp-json\/wp\/v2\/product\/1989526"}],"collection":[{"href":"https:\/\/eu.tilta.com\/it\/wp-json\/wp\/v2\/product"}],"about":[{"href":"https:\/\/eu.tilta.com\/it\/wp-json\/wp\/v2\/types\/product"}],"replies":[{"embeddable":true,"href":"https:\/\/eu.tilta.com\/it\/wp-json\/wp\/v2\/comments?post=1989526"}],"wp:featuredmedia":[{"embeddable":true,"href":"https:\/\/eu.tilta.com\/it\/wp-json\/wp\/v2\/media\/1989550"}],"wp:attachment":[{"href":"https:\/\/eu.tilta.com\/it\/wp-json\/wp\/v2\/media?parent=1989526"}],"wp:term":[{"taxonomy":"product_cat","embeddable":true,"href":"https:\/\/eu.tilta.com\/it\/wp-json\/wp\/v2\/product_cat?post=1989526"},{"taxonomy":"product_tag","embeddable":true,"href":"https:\/\/eu.tilta.com\/it\/wp-json\/wp\/v2\/product_tag?post=1989526"}],"curies":[{"name":"wp","href":"https:\/\/api.w.org\/{rel}","templated":true}]}}