{"id":1990433,"date":"2022-10-14T09:07:42","date_gmt":"2022-10-14T07:07:42","guid":{"rendered":"https:\/\/de.tilta.com\/shop\/piastra-per-batteria-per-sony-venice-2\/"},"modified":"2025-12-05T12:50:41","modified_gmt":"2025-12-05T11:50:41","slug":"battery-plate-for-sony-venice-2","status":"publish","type":"product","link":"https:\/\/eu.tilta.com\/it\/shop\/battery-plate-for-sony-venice-2\/","title":{"rendered":"Piastra per batteria per Sony Venice 2"},"content":{"rendered":"<p>Questa piastra per batteria aggiornata per Sony Venice 2 \u00e8 disponibile sia con attacco Gold che con attacco V.<\/p>\n<p>Si integra con la piastra superiore tramite un cavo esterno che fornisce alimentazione e comunicazione affidabile alle varie porte della gabbia.<\/p>\n<p>Questo cavo \u00e8 anche in grado di ospitare ed \u00e8 pienamente compatibile con le dimensioni maggiori del modulo di registrazione esterno che pu\u00f2 essere collegato al retro della videocamera.<\/p>\n<p>Questo amplia notevolmente le opzioni di alimentazione degli accessori e di attivazione wireless della fotocamera.<\/p>\n","protected":false},"excerpt":{"rendered":"<p>Questa piastra per batteria aggiornata per Sony Venice 2 \u00e8 disponibile sia con attacco Gold che con attacco V. Si integra con la piastra superiore tramite un cavo esterno che fornisce alimentazione e comunicazione affidabile alle varie porte della gabbia. [&hellip;]<\/p>\n","protected":false},"featured_media":1990438,"comment_status":"closed","ping_status":"closed","template":"","meta":[],"product_cat":[1779],"product_tag":[],"acf":[],"gallery_images":[1930214,1930200],"_links":{"self":[{"href":"https:\/\/eu.tilta.com\/it\/wp-json\/wp\/v2\/product\/1990433"}],"collection":[{"href":"https:\/\/eu.tilta.com\/it\/wp-json\/wp\/v2\/product"}],"about":[{"href":"https:\/\/eu.tilta.com\/it\/wp-json\/wp\/v2\/types\/product"}],"replies":[{"embeddable":true,"href":"https:\/\/eu.tilta.com\/it\/wp-json\/wp\/v2\/comments?post=1990433"}],"wp:featuredmedia":[{"embeddable":true,"href":"https:\/\/eu.tilta.com\/it\/wp-json\/wp\/v2\/media\/1990438"}],"wp:attachment":[{"href":"https:\/\/eu.tilta.com\/it\/wp-json\/wp\/v2\/media?parent=1990433"}],"wp:term":[{"taxonomy":"product_cat","embeddable":true,"href":"https:\/\/eu.tilta.com\/it\/wp-json\/wp\/v2\/product_cat?post=1990433"},{"taxonomy":"product_tag","embeddable":true,"href":"https:\/\/eu.tilta.com\/it\/wp-json\/wp\/v2\/product_tag?post=1990433"}],"curies":[{"name":"wp","href":"https:\/\/api.w.org\/{rel}","templated":true}]}}