{"id":1990521,"date":"2022-10-14T09:15:43","date_gmt":"2022-10-14T07:15:43","guid":{"rendered":"https:\/\/de.tilta.com\/shop\/gabbia-per-fotocamera-per-sony-venice-2\/"},"modified":"2025-12-05T12:51:06","modified_gmt":"2025-12-05T11:51:06","slug":"camera-cage-for-sony-venice-2","status":"publish","type":"product","link":"https:\/\/eu.tilta.com\/it\/shop\/camera-cage-for-sony-venice-2\/","title":{"rendered":"Gabbia per fotocamera per Sony Venice 2"},"content":{"rendered":"<p>Espandi le funzionalit\u00e0 del tuo corpo macchina Sony Venice con la nostra nuova gabbia per Sony Venice 2!<\/p>\n<p>Il telaio di questa gabbia \u00e8 costruito con una lega di alluminio di alta qualit\u00e0 fresata a CNC che offre una protezione aggiuntiva e opzioni di montaggio per gli accessori.<\/p>\n<p>La gabbia stessa supporta gli accessori tramite Cold Shoe, guida NATO, filettature da 1\/4\u2033-20 e 3\/8\u2033-16 con perni di fissaggio.<\/p>\n<p>La piastra batteria aggiornata per Sony Venice 2 \u00e8 disponibile sia con attacco Gold che con attacco V e si integra con la piastra superiore tramite un cavo esterno che fornisce alimentazione e comunicazione affidabile alle varie porte della gabbia.<\/p>\n<p>Questo cavo \u00e8 anche in grado di ospitare ed \u00e8 pienamente compatibile con le dimensioni maggiori del modulo di registrazione esterno che pu\u00f2 essere collegato al retro della videocamera.<\/p>\n<p>Questo amplia notevolmente le opzioni di alimentazione degli accessori e di attivazione wireless della fotocamera.<\/p>\n<p>La piastra superiore utilizza un cavo di comunicazione integrato simile a quello del nostro precedente sistema Venice e fornisce la funzionalit\u00e0 Run Stop a tutte le porte Fischer R\/S a 3 pin della gabbia.<\/p>\n<p>L&#8217;EVF di Venice pu\u00f2 essere montato anche sulla piastra superiore tramite aste LWS da 15 mm che possono essere fissate vicino alla parte anteriore della piastra.<\/p>\n<p>La maniglia superiore \u00e8 dotata di un design regolabile che le permette di scivolare facilmente su e gi\u00f9 dalla piastra superiore, compatibile anche con la maniglia superiore originale di Venice.<\/p>\n<p>Si tratta di una soluzione comoda per regolare rapidamente il bilanciamento della videocamera dopo un cambio di obiettivo o per adattare la videocamera a configurazioni Steadicam\/Gimbal.<\/p>\n<p>\u00c8 possibile montare un&#8217;estensione opzionale della maniglia superiore per espanderla in modo che si avvolga intorno alla piastra della batteria.<\/p>\n<p>Questo offre alcune opzioni di montaggio aggiuntive e un modo unico di utilizzare la videocamera, soprattutto ad angolazioni inferiori.<\/p>\n<p>La piastra di base include una spalla integrata ed \u00e8 compatibile con le code di rondine Tilta-Standard.<\/p>\n<p>Se necessario, \u00e8 possibile utilizzare una base multifunzionale da Tilta Standard ad Arri Standard per adattare questa gabbia al montaggio su una coda di rondine Arri Standard.<\/p>\n<p>Compatibile con i modelli Sony Venice e Sony Venice 2!<\/p>\n","protected":false},"excerpt":{"rendered":"<p>Espandi le funzionalit\u00e0 del tuo corpo macchina Sony Venice con la nostra nuova gabbia per Sony Venice 2! Il telaio di questa gabbia \u00e8 costruito con una lega di alluminio di alta qualit\u00e0 fresata a CNC che offre una protezione [&hellip;]<\/p>\n","protected":false},"featured_media":1990537,"comment_status":"closed","ping_status":"closed","template":"","meta":[],"product_cat":[1779],"product_tag":[],"acf":[],"gallery_images":[1930234,1930209],"_links":{"self":[{"href":"https:\/\/eu.tilta.com\/it\/wp-json\/wp\/v2\/product\/1990521"}],"collection":[{"href":"https:\/\/eu.tilta.com\/it\/wp-json\/wp\/v2\/product"}],"about":[{"href":"https:\/\/eu.tilta.com\/it\/wp-json\/wp\/v2\/types\/product"}],"replies":[{"embeddable":true,"href":"https:\/\/eu.tilta.com\/it\/wp-json\/wp\/v2\/comments?post=1990521"}],"wp:featuredmedia":[{"embeddable":true,"href":"https:\/\/eu.tilta.com\/it\/wp-json\/wp\/v2\/media\/1990537"}],"wp:attachment":[{"href":"https:\/\/eu.tilta.com\/it\/wp-json\/wp\/v2\/media?parent=1990521"}],"wp:term":[{"taxonomy":"product_cat","embeddable":true,"href":"https:\/\/eu.tilta.com\/it\/wp-json\/wp\/v2\/product_cat?post=1990521"},{"taxonomy":"product_tag","embeddable":true,"href":"https:\/\/eu.tilta.com\/it\/wp-json\/wp\/v2\/product_tag?post=1990521"}],"curies":[{"name":"wp","href":"https:\/\/api.w.org\/{rel}","templated":true}]}}