{"id":1990542,"date":"2022-09-28T12:19:56","date_gmt":"2022-09-28T10:19:56","guid":{"rendered":"https:\/\/de.tilta.com\/shop\/kit-piastra-per-batteria-a-piastra-passante-per-alimentazione-dji-ronin\/"},"modified":"2026-01-15T17:09:26","modified_gmt":"2026-01-15T16:09:26","slug":"power-pass-through-plate-for-dji-ronin","status":"publish","type":"product","link":"https:\/\/eu.tilta.com\/it\/shop\/power-pass-through-plate-for-dji-ronin\/","title":{"rendered":"Kit piastra per batteria a piastra passante per alimentazione DJI Ronin"},"content":{"rendered":"<div class=\"overview-text\">\n<p>Questo kit di alimentazione passante per la piastra della batteria sostituisce la slitta originale del DJI RS3 e RS3 Pro e offre maggiori opzioni di alimentazione.<\/p>\n<p>Una volta rimossa la piastra Ronin originale sbloccando la leva di regolazione dell&#8217;altezza e facendo scorrere la piastra, la piastra Power Pass-through si inserisce e si blocca nello stesso modo.<\/p>\n<p>La piastra di alimentazione passante \u00e8 dotata di due porte di uscita per l&#8217;alimentazione a 2 pin Lemo e due P-Tap, che la rendono la soluzione perfetta per alimentare la tua fotocamera o accessori come i motori di messa a fuoco wireless mentre utilizzi il gimbal.<\/p>\n<p>Le porte Lemo a 2 pin possono funzionare anche come ingresso di alimentazione, permettendoti di alimentare la piastra tramite una fonte esterna con un cavo di alimentazione da 2 pin a P-Tap (opzionale).<\/p>\n<p>La piastra portabatterie Gold Mount o V-Mount ti permette di montare le batterie sotto la piastra e di alimentare la fotocamera e gli accessori con batterie di maggiore capacit\u00e0 senza doverle montare direttamente sul corpo macchina.<\/p>\n<p>In questo modo il sistema di ripresa \u00e8 pi\u00f9 facile da bilanciare sul gimbal e le prestazioni complessive del gimbal sono migliori grazie a un centro di gravit\u00e0 pi\u00f9 ottimizzato.<\/p>\n<p>La possibilit\u00e0 di montare una batteria aggiuntiva rende questa soluzione perfetta per l&#8217;Hydra Alien quando si utilizzano sistemi di videocamere pi\u00f9 leggeri che necessitano di un peso aggiuntivo per ottenere le migliori prestazioni dal braccio ammortizzato.<\/p>\n<p>Questa \u00e8 anche una soluzione perfetta per aggiungere uscite di potenza al Sistema Galleggiante.<\/p>\n<p>Questo kit include sia la piastra di passaggio dell&#8217;alimentazione che una piastra per batteria con attacco oro o V, con la possibilit\u00e0 di sostituire la piastra per batteria con un cavo di alimentazione da 2 pin a P-Tap.<\/p>\n<\/div>\n","protected":false},"excerpt":{"rendered":"<p>Questo kit di alimentazione passante per la piastra della batteria sostituisce la slitta originale del DJI RS3 e RS3 Pro e offre maggiori opzioni di alimentazione. Una volta rimossa la piastra Ronin originale sbloccando la leva di regolazione dell&#8217;altezza e [&hellip;]<\/p>\n","protected":false},"featured_media":1990558,"comment_status":"closed","ping_status":"closed","template":"","meta":[],"product_cat":[2250,2415],"product_tag":[],"acf":[],"gallery_images":[1990561,1990563,1990565,1990567,1990569],"_links":{"self":[{"href":"https:\/\/eu.tilta.com\/it\/wp-json\/wp\/v2\/product\/1990542"}],"collection":[{"href":"https:\/\/eu.tilta.com\/it\/wp-json\/wp\/v2\/product"}],"about":[{"href":"https:\/\/eu.tilta.com\/it\/wp-json\/wp\/v2\/types\/product"}],"replies":[{"embeddable":true,"href":"https:\/\/eu.tilta.com\/it\/wp-json\/wp\/v2\/comments?post=1990542"}],"wp:featuredmedia":[{"embeddable":true,"href":"https:\/\/eu.tilta.com\/it\/wp-json\/wp\/v2\/media\/1990558"}],"wp:attachment":[{"href":"https:\/\/eu.tilta.com\/it\/wp-json\/wp\/v2\/media?parent=1990542"}],"wp:term":[{"taxonomy":"product_cat","embeddable":true,"href":"https:\/\/eu.tilta.com\/it\/wp-json\/wp\/v2\/product_cat?post=1990542"},{"taxonomy":"product_tag","embeddable":true,"href":"https:\/\/eu.tilta.com\/it\/wp-json\/wp\/v2\/product_tag?post=1990542"}],"curies":[{"name":"wp","href":"https:\/\/api.w.org\/{rel}","templated":true}]}}