{"id":1991074,"date":"2022-09-08T09:01:26","date_gmt":"2022-09-08T07:01:26","guid":{"rendered":"https:\/\/de.tilta.com\/shop\/testa-ammortizzante-hydra-alien-con-modulo-a-molla-morbida\/"},"modified":"2025-12-05T12:51:51","modified_gmt":"2025-12-05T11:51:51","slug":"hydra-alien-shock-absorbing-head-with-soft-spring-module","status":"publish","type":"product","link":"https:\/\/eu.tilta.com\/it\/shop\/hydra-alien-shock-absorbing-head-with-soft-spring-module\/","title":{"rendered":"Testa ammortizzante Hydra Alien con modulo a molla morbida"},"content":{"rendered":"<p>Il sistema di montaggio per auto Hydra Alien \u00e8 stato progettato da zero per essere la soluzione leggera perfetta per la cinematografia montata in auto e questa nuova testa ad assorbimento d&#8217;urto fa un ulteriore passo avanti.<\/p>\n<p>Questa testa ammortizzata aggiornata \u00e8 dotata di un modulo a molla morbido, progettato specificamente per supportare gimbal e fotocamere pi\u00f9 leggeri in configurazioni sottopensile.<\/p>\n<p>Le molle pi\u00f9 morbide non avranno bisogno di tanto peso per assorbire correttamente le vibrazioni, il che porter\u00e0 a riprese pi\u00f9 stabili e amplier\u00e0 notevolmente le opzioni di montaggio leggero del sistema.<\/p>\n<p>Raccomandiamo comunque di utilizzare un contrappeso aggiuntivo sul braccio ammortizzatore, in quanto le sue prestazioni saranno migliori con i carichi pi\u00f9 pesanti.<\/p>\n<p><strong>NOTA: Questa testa ammortizzata <span style=\"text-decoration: underline\">NON<\/span> \u00e8 consigliata per l&#8217;uso in configurazione verticale.<\/strong><\/p>\n<p><strong>**L&#8217;elemento a molla del modulo a molla morbida <span style=\"text-decoration: underline\">NON<\/span> \u00e8 venduto separatamente in questo momento**.<\/strong><\/p>\n","protected":false},"excerpt":{"rendered":"<p>Il sistema di montaggio per auto Hydra Alien \u00e8 stato progettato da zero per essere la soluzione leggera perfetta per la cinematografia montata in auto e questa nuova testa ad assorbimento d&#8217;urto fa un ulteriore passo avanti. Questa testa ammortizzata [&hellip;]<\/p>\n","protected":false},"featured_media":1991091,"comment_status":"closed","ping_status":"closed","template":"","meta":[],"product_cat":[1904,1903],"product_tag":[],"acf":[],"gallery_images":[1991093,1991095,1991097,1991098,1991100,1991102,1991104],"_links":{"self":[{"href":"https:\/\/eu.tilta.com\/it\/wp-json\/wp\/v2\/product\/1991074"}],"collection":[{"href":"https:\/\/eu.tilta.com\/it\/wp-json\/wp\/v2\/product"}],"about":[{"href":"https:\/\/eu.tilta.com\/it\/wp-json\/wp\/v2\/types\/product"}],"replies":[{"embeddable":true,"href":"https:\/\/eu.tilta.com\/it\/wp-json\/wp\/v2\/comments?post=1991074"}],"wp:featuredmedia":[{"embeddable":true,"href":"https:\/\/eu.tilta.com\/it\/wp-json\/wp\/v2\/media\/1991091"}],"wp:attachment":[{"href":"https:\/\/eu.tilta.com\/it\/wp-json\/wp\/v2\/media?parent=1991074"}],"wp:term":[{"taxonomy":"product_cat","embeddable":true,"href":"https:\/\/eu.tilta.com\/it\/wp-json\/wp\/v2\/product_cat?post=1991074"},{"taxonomy":"product_tag","embeddable":true,"href":"https:\/\/eu.tilta.com\/it\/wp-json\/wp\/v2\/product_tag?post=1991074"}],"curies":[{"name":"wp","href":"https:\/\/api.w.org\/{rel}","templated":true}]}}