{"id":1991244,"date":"2022-09-01T18:47:21","date_gmt":"2022-09-01T16:47:21","guid":{"rendered":"https:\/\/de.tilta.com\/shop\/treppiede-da-tavolo-tilta-mini\/"},"modified":"2026-02-16T09:00:31","modified_gmt":"2026-02-16T08:00:31","slug":"tiltaing-mini-table-top-tripod","status":"publish","type":"product","link":"https:\/\/eu.tilta.com\/it\/shop\/tiltaing-mini-table-top-tripod\/","title":{"rendered":"Treppiede da tavolo Tilta Mini"},"content":{"rendered":"<p>Il mini treppiede da tavolo \u00e8 la soluzione leggera perfetta per sostenere il corpo macchina o il gimbal in varie configurazioni.<\/p>\n<p>Le gambe a molla si espandono istantaneamente quando vengono sbloccate, consentendo agli utenti di passare rapidamente dalle riprese a mano libera al posizionamento sicuro della fotocamera.<\/p>\n<p>Le gambe possono poi essere ripiegate e bloccate in posizione con una rondella di bloccaggio vicino alla parte superiore dell&#8217;unit\u00e0.<\/p>\n<p>L&#8217;attacco universale da 1\/4&#8243;-20 ti permette di collegare questo treppiede a quasi tutte le gabbie per fotocamere, corpi macchina o sistemi cardanici.<\/p>\n<p>Questa \u00e8 la soluzione perfetta per sistemare il Tilta Float, poich\u00e9 il design a molla non permette all&#8217;unit\u00e0 di crollare lentamente a causa della gravit\u00e0 quando viene montata sotto la piastra della batteria del palo del galleggiante.<\/p>\n<p>Questa unit\u00e0 \u00e8 un&#8217;alternativa al treppiede\/impugnatura estesa DJI per gli utenti che non possiedono gi\u00e0 un gimbal della serie Ronin o che sono alla ricerca di un accessorio simile con funzionalit\u00e0 aggiuntive.<\/p>\n","protected":false},"excerpt":{"rendered":"<p>Il mini treppiede da tavolo \u00e8 la soluzione leggera perfetta per sostenere il corpo macchina o il gimbal in varie configurazioni. Le gambe a molla si espandono istantaneamente quando vengono sbloccate, consentendo agli utenti di passare rapidamente dalle riprese a [&hellip;]<\/p>\n","protected":false},"featured_media":1991342,"comment_status":"closed","ping_status":"closed","template":"","meta":[],"product_cat":[4448,2318,2250,2319,1867],"product_tag":[],"acf":[],"gallery_images":[1927517,1928681,1927524,1927525,1928676,1928677],"_links":{"self":[{"href":"https:\/\/eu.tilta.com\/it\/wp-json\/wp\/v2\/product\/1991244"}],"collection":[{"href":"https:\/\/eu.tilta.com\/it\/wp-json\/wp\/v2\/product"}],"about":[{"href":"https:\/\/eu.tilta.com\/it\/wp-json\/wp\/v2\/types\/product"}],"replies":[{"embeddable":true,"href":"https:\/\/eu.tilta.com\/it\/wp-json\/wp\/v2\/comments?post=1991244"}],"wp:featuredmedia":[{"embeddable":true,"href":"https:\/\/eu.tilta.com\/it\/wp-json\/wp\/v2\/media\/1991342"}],"wp:attachment":[{"href":"https:\/\/eu.tilta.com\/it\/wp-json\/wp\/v2\/media?parent=1991244"}],"wp:term":[{"taxonomy":"product_cat","embeddable":true,"href":"https:\/\/eu.tilta.com\/it\/wp-json\/wp\/v2\/product_cat?post=1991244"},{"taxonomy":"product_tag","embeddable":true,"href":"https:\/\/eu.tilta.com\/it\/wp-json\/wp\/v2\/product_tag?post=1991244"}],"curies":[{"name":"wp","href":"https:\/\/api.w.org\/{rel}","templated":true}]}}